{"id":206806,"date":"2025-03-20T17:26:11","date_gmt":"2025-03-20T17:26:11","guid":{"rendered":"https:\/\/aromasentia.com\/product\/handmade-soap-loaf-watermelon-slice-approx-100g\/"},"modified":"2025-05-31T03:21:26","modified_gmt":"2025-05-31T03:21:26","slug":"handlaget-sapestykke-vannmelon-skive-ca-100-g","status":"publish","type":"product","link":"https:\/\/aromasentia.com\/no\/handlaget-sapestykke-vannmelon-skive-ca-100-g\/","title":{"rendered":"H\u00e5ndlaget S\u00e5pestykke &#8211; Vannmelon &#8211; Skive Ca. 100 G"},"content":{"rendered":"<p>Oppfrisk med den saftige essensen av v\u00e5rt h\u00e5ndlagde s\u00e5pebr\u00f8d &#8211; vannmelon, som gir livlige skiver p\u00e5 ca. 100 g. Denne herlige h\u00e5ndlagde s\u00e5pen fanger opp den lette, s\u00f8te og utrolig forfriskende aromaen av moden vannmelon. Hver h\u00e5ndsk\u00e5ret skive skaper et revitaliserende skum som sk\u00e5nsomt renser huden og etterlater den myk, kj\u00f8lig og vakkert duftende med denne sommerlige, fuktighetsgivende duften. En perfekt godbit for \u00e5 styrke sansene og gi huden ny energi.<\/p>\n","protected":false},"excerpt":{"rendered":"<p>Oppfrisk med den saftige essensen av v\u00e5rt h\u00e5ndlagde s\u00e5pebr\u00f8d &#8211; vannmelon, som gir livlige skiver p\u00e5 ca. 100 g. Denne herlige h\u00e5ndlagde s\u00e5pen fanger opp den lette, s\u00f8te og utrolig forfriskende aromaen av moden vannmelon. Hver h\u00e5ndsk\u00e5ret skive skaper et revitaliserende skum som sk\u00e5nsomt renser huden og etterlater den myk, kj\u00f8lig og vakkert duftende med [&hellip;]<\/p>\n","protected":false},"featured_media":289989,"comment_status":"closed","ping_status":"open","template":"","meta":{"_angie_page":false},"product_brand":[],"product_cat":[9413,25843,26848,9439,26492],"product_tag":[],"class_list":{"0":"post-206806","1":"product","2":"type-product","3":"status-publish","4":"has-post-thumbnail","6":"product_cat-bad-spa-og-personlig-pleie","7":"product_cat-dufter-aromaer","8":"product_cat-fruktig","9":"product_cat-okologiske-saper","10":"product_cat-vannmelon","11":"pa_made-in-latvia","12":"pa_size-100g","14":"first","15":"instock","16":"purchasable","17":"product-type-simple"},"supplier_id":null,"supplier_sku":"DSHSL-04","barcode":null,"atum_controlled":true,"out_stock_date":null,"out_stock_threshold":null,"inheritable":false,"inbound_stock":null,"stock_on_hold":0,"sold_today":0,"sales_last_days":0,"reserved_stock":null,"customer_returns":null,"warehouse_damage":null,"lost_in_post":null,"other_logs":null,"out_stock_days":0,"lost_sales":0,"has_location":null,"update_date":"2026-05-02T01:01:34","atum_locations":[],"atum_stock_status":"instock","restock_status":false,"low_stock_amount":"","sales_update_date":"2025-10-09T03:29:09","calc_backorders":null,"_links":{"self":[{"href":"https:\/\/aromasentia.com\/no\/wp-json\/wp\/v2\/product\/206806","targetHints":{"allow":["GET"]}}],"collection":[{"href":"https:\/\/aromasentia.com\/no\/wp-json\/wp\/v2\/product"}],"about":[{"href":"https:\/\/aromasentia.com\/no\/wp-json\/wp\/v2\/types\/product"}],"replies":[{"embeddable":true,"href":"https:\/\/aromasentia.com\/no\/wp-json\/wp\/v2\/comments?post=206806"}],"version-history":[{"count":0,"href":"https:\/\/aromasentia.com\/no\/wp-json\/wp\/v2\/product\/206806\/revisions"}],"wp:featuredmedia":[{"embeddable":true,"href":"https:\/\/aromasentia.com\/no\/wp-json\/wp\/v2\/media\/289989"}],"wp:attachment":[{"href":"https:\/\/aromasentia.com\/no\/wp-json\/wp\/v2\/media?parent=206806"}],"wp:term":[{"taxonomy":"product_brand","embeddable":true,"href":"https:\/\/aromasentia.com\/no\/wp-json\/wp\/v2\/product_brand?post=206806"},{"taxonomy":"product_cat","embeddable":true,"href":"https:\/\/aromasentia.com\/no\/wp-json\/wp\/v2\/product_cat?post=206806"},{"taxonomy":"product_tag","embeddable":true,"href":"https:\/\/aromasentia.com\/no\/wp-json\/wp\/v2\/product_tag?post=206806"}],"curies":[{"name":"wp","href":"https:\/\/api.w.org\/{rel}","templated":true}]}}