{"id":206805,"date":"2025-03-20T17:26:19","date_gmt":"2025-03-20T17:26:19","guid":{"rendered":"https:\/\/aromasentia.com\/product\/happy-scrub-soap-grapefruit\/"},"modified":"2025-05-31T03:21:21","modified_gmt":"2025-05-31T03:21:21","slug":"happy-scrub-sape-grapefrukt","status":"publish","type":"product","link":"https:\/\/aromasentia.com\/no\/happy-scrub-sape-grapefrukt\/","title":{"rendered":"Happy Scrub S\u00e5pe &#8211; Grapefrukt"},"content":{"rendered":"<p>Vekk huden og sansene dine med v\u00e5r Happy Scrub Soap &#8211; Grapefruit. Denne oppkvikkende eksfolierende s\u00e5pen har den syrlige, oppl\u00f8ftende og forfriskende duften av pikant grapefrukt, tilsatt naturlige skrubbende partikler. Den fjerner effektivt d\u00f8de hudceller og urenheter, fremmer blodsirkulasjonen og etterlater huden din med en eksepsjonelt glatt, revitalisert og tonet f\u00f8lelse. Den lyse sitrusduften gir en energigivende boost, perfekt for \u00e5 starte dagen med en oppfrisket og levende f\u00f8lelse.<\/p>\n","protected":false},"excerpt":{"rendered":"<p>Vekk huden og sansene dine med v\u00e5r Happy Scrub Soap &#8211; Grapefruit. Denne oppkvikkende eksfolierende s\u00e5pen har den syrlige, oppl\u00f8ftende og forfriskende duften av pikant grapefrukt, tilsatt naturlige skrubbende partikler. Den fjerner effektivt d\u00f8de hudceller og urenheter, fremmer blodsirkulasjonen og etterlater huden din med en eksepsjonelt glatt, revitalisert og tonet f\u00f8lelse. Den lyse sitrusduften gir [&hellip;]<\/p>\n","protected":false},"featured_media":290118,"comment_status":"closed","ping_status":"open","template":"","meta":[],"product_brand":[],"product_cat":[9413,25843,26203,9439,26820],"product_tag":[],"class_list":{"0":"post-206805","1":"product","2":"type-product","3":"status-publish","4":"has-post-thumbnail","6":"product_cat-bad-spa-og-personlig-pleie","7":"product_cat-dufter-aromaer","8":"product_cat-grapefrukt","9":"product_cat-okologiske-saper","10":"product_cat-sitrus","11":"pa_collection-happy-scrub-soap-no","12":"pa_made-in-storbritannia","14":"first","15":"outofstock","16":"purchasable","17":"product-type-simple"},"supplier_id":null,"supplier_sku":"HSS-02","barcode":null,"atum_controlled":true,"out_stock_date":"2025-12-20 17:44:19","out_stock_threshold":null,"inheritable":false,"inbound_stock":null,"stock_on_hold":0,"sold_today":0,"sales_last_days":0,"reserved_stock":null,"customer_returns":null,"warehouse_damage":null,"lost_in_post":null,"other_logs":null,"out_stock_days":47,"lost_sales":0,"has_location":null,"update_date":"2026-02-06T00:01:03","atum_locations":[],"atum_stock_status":"outofstock","restock_status":false,"low_stock_amount":"","sales_update_date":"2026-02-06T00:01:03","calc_backorders":null,"_links":{"self":[{"href":"https:\/\/aromasentia.com\/no\/wp-json\/wp\/v2\/product\/206805","targetHints":{"allow":["GET"]}}],"collection":[{"href":"https:\/\/aromasentia.com\/no\/wp-json\/wp\/v2\/product"}],"about":[{"href":"https:\/\/aromasentia.com\/no\/wp-json\/wp\/v2\/types\/product"}],"replies":[{"embeddable":true,"href":"https:\/\/aromasentia.com\/no\/wp-json\/wp\/v2\/comments?post=206805"}],"version-history":[{"count":0,"href":"https:\/\/aromasentia.com\/no\/wp-json\/wp\/v2\/product\/206805\/revisions"}],"wp:featuredmedia":[{"embeddable":true,"href":"https:\/\/aromasentia.com\/no\/wp-json\/wp\/v2\/media\/290118"}],"wp:attachment":[{"href":"https:\/\/aromasentia.com\/no\/wp-json\/wp\/v2\/media?parent=206805"}],"wp:term":[{"taxonomy":"product_brand","embeddable":true,"href":"https:\/\/aromasentia.com\/no\/wp-json\/wp\/v2\/product_brand?post=206805"},{"taxonomy":"product_cat","embeddable":true,"href":"https:\/\/aromasentia.com\/no\/wp-json\/wp\/v2\/product_cat?post=206805"},{"taxonomy":"product_tag","embeddable":true,"href":"https:\/\/aromasentia.com\/no\/wp-json\/wp\/v2\/product_tag?post=206805"}],"curies":[{"name":"wp","href":"https:\/\/api.w.org\/{rel}","templated":true}]}}