{"id":206804,"date":"2025-03-20T17:26:19","date_gmt":"2025-03-20T17:26:19","guid":{"rendered":"https:\/\/aromasentia.com\/product\/happy-scrub-soap-bubblegum\/"},"modified":"2025-05-31T03:21:15","modified_gmt":"2025-05-31T03:21:15","slug":"happy-scrub-sape-bubblegum","status":"publish","type":"product","link":"https:\/\/aromasentia.com\/no\/happy-scrub-sape-bubblegum\/","title":{"rendered":"Happy Scrub S\u00e5pe &#8211; Bubblegum"},"content":{"rendered":"<p>Gj\u00f8r eksfolieringen litt morsommere med v\u00e5r Happy Scrub Soap &#8211; Bubblegum. Denne lekne eksfolieringss\u00e5pen vekker s\u00f8te barndomsminner med sin klassiske tyggegummiduft, kombinert med effektive, naturlige skrubbemidler. Den polerer huden din sk\u00e5nsomt, fjerner sl\u00f8vhet og etterlater den myk, glatt og herlig oppfrisket. Den muntre, sukkerholdige duften gj\u00f8r dusjen til et herlig og oppl\u00f8ftende eventyr, og tilf\u00f8rer dagen et snev av finurlig moro.<\/p>\n","protected":false},"excerpt":{"rendered":"<p>Gj\u00f8r eksfolieringen litt morsommere med v\u00e5r Happy Scrub Soap &#8211; Bubblegum. Denne lekne eksfolieringss\u00e5pen vekker s\u00f8te barndomsminner med sin klassiske tyggegummiduft, kombinert med effektive, naturlige skrubbemidler. Den polerer huden din sk\u00e5nsomt, fjerner sl\u00f8vhet og etterlater den myk, glatt og herlig oppfrisket. Den muntre, sukkerholdige duften gj\u00f8r dusjen til et herlig og oppl\u00f8ftende eventyr, og tilf\u00f8rer [&hellip;]<\/p>\n","protected":false},"featured_media":290101,"comment_status":"closed","ping_status":"open","template":"","meta":{"_angie_page":false},"product_brand":[],"product_cat":[9413,9439],"product_tag":[],"class_list":{"0":"post-206804","1":"product","2":"type-product","3":"status-publish","4":"has-post-thumbnail","6":"product_cat-bad-spa-og-personlig-pleie","7":"product_cat-okologiske-saper","8":"pa_collection-happy-scrub-soap-no","9":"pa_made-in-storbritannia","11":"first","12":"instock","13":"purchasable","14":"product-type-simple"},"supplier_id":null,"supplier_sku":"HSS-03","barcode":null,"atum_controlled":true,"out_stock_date":null,"out_stock_threshold":null,"inheritable":false,"inbound_stock":null,"stock_on_hold":0,"sold_today":0,"sales_last_days":0,"reserved_stock":null,"customer_returns":null,"warehouse_damage":null,"lost_in_post":null,"other_logs":null,"out_stock_days":0,"lost_sales":0,"has_location":null,"update_date":"2026-04-27T07:08:12","atum_locations":[],"atum_stock_status":"instock","restock_status":false,"low_stock_amount":"","sales_update_date":"2025-09-05T00:19:40","calc_backorders":null,"_links":{"self":[{"href":"https:\/\/aromasentia.com\/no\/wp-json\/wp\/v2\/product\/206804","targetHints":{"allow":["GET"]}}],"collection":[{"href":"https:\/\/aromasentia.com\/no\/wp-json\/wp\/v2\/product"}],"about":[{"href":"https:\/\/aromasentia.com\/no\/wp-json\/wp\/v2\/types\/product"}],"replies":[{"embeddable":true,"href":"https:\/\/aromasentia.com\/no\/wp-json\/wp\/v2\/comments?post=206804"}],"version-history":[{"count":0,"href":"https:\/\/aromasentia.com\/no\/wp-json\/wp\/v2\/product\/206804\/revisions"}],"wp:featuredmedia":[{"embeddable":true,"href":"https:\/\/aromasentia.com\/no\/wp-json\/wp\/v2\/media\/290101"}],"wp:attachment":[{"href":"https:\/\/aromasentia.com\/no\/wp-json\/wp\/v2\/media?parent=206804"}],"wp:term":[{"taxonomy":"product_brand","embeddable":true,"href":"https:\/\/aromasentia.com\/no\/wp-json\/wp\/v2\/product_brand?post=206804"},{"taxonomy":"product_cat","embeddable":true,"href":"https:\/\/aromasentia.com\/no\/wp-json\/wp\/v2\/product_cat?post=206804"},{"taxonomy":"product_tag","embeddable":true,"href":"https:\/\/aromasentia.com\/no\/wp-json\/wp\/v2\/product_tag?post=206804"}],"curies":[{"name":"wp","href":"https:\/\/api.w.org\/{rel}","templated":true}]}}