{"id":206803,"date":"2025-03-20T17:26:19","date_gmt":"2025-03-20T17:26:19","guid":{"rendered":"https:\/\/aromasentia.com\/product\/happy-scrub-soap-strawberry-guava\/"},"modified":"2025-05-31T03:21:08","modified_gmt":"2025-05-31T03:21:08","slug":"happy-scrub-sape-jordbaer-guava","status":"publish","type":"product","link":"https:\/\/aromasentia.com\/no\/happy-scrub-sape-jordbaer-guava\/","title":{"rendered":"Happy Scrub S\u00e5pe &#8211; Jordb\u00e6r &#038; Guava"},"content":{"rendered":"<p>Nyt en fruktig friskhet med v\u00e5r Happy Scrub Soap &#8211; Strawberry &#038; Guava. Denne eksfolierende s\u00e5pestangen kombinerer den s\u00f8te duften av saftige jordb\u00e6r med den eksotiske smaken av tropisk guava, sammen med milde, naturlige skrubbende partikler. Den fjerner effektivt urenheter og d\u00f8de hudceller, slik at huden f\u00f8les utrolig myk, glatt og revitalisert. Den herlige, livlige duften gj\u00f8r renserutinen til en virkelig lykkelig og oppkvikkende opplevelse.<\/p>\n","protected":false},"excerpt":{"rendered":"<p>Nyt en fruktig friskhet med v\u00e5r Happy Scrub Soap &#8211; Strawberry &#038; Guava. Denne eksfolierende s\u00e5pestangen kombinerer den s\u00f8te duften av saftige jordb\u00e6r med den eksotiske smaken av tropisk guava, sammen med milde, naturlige skrubbende partikler. Den fjerner effektivt urenheter og d\u00f8de hudceller, slik at huden f\u00f8les utrolig myk, glatt og revitalisert. Den herlige, livlige [&hellip;]<\/p>\n","protected":false},"featured_media":290084,"comment_status":"closed","ping_status":"open","template":"","meta":{"_angie_page":false},"product_brand":[],"product_cat":[9413,25843,26848,26567,26539,9439],"product_tag":[],"class_list":{"0":"post-206803","1":"product","2":"type-product","3":"status-publish","4":"has-post-thumbnail","6":"product_cat-bad-spa-og-personlig-pleie","7":"product_cat-dufter-aromaer","8":"product_cat-fruktig","9":"product_cat-guaava","10":"product_cat-jordbaer","11":"product_cat-okologiske-saper","12":"pa_collection-happy-scrub-soap-no","13":"pa_made-in-storbritannia","15":"first","16":"instock","17":"purchasable","18":"product-type-simple"},"supplier_id":null,"supplier_sku":"HSS-04","barcode":null,"atum_controlled":true,"out_stock_date":null,"out_stock_threshold":null,"inheritable":false,"inbound_stock":null,"stock_on_hold":0,"sold_today":0,"sales_last_days":0,"reserved_stock":null,"customer_returns":null,"warehouse_damage":null,"lost_in_post":null,"other_logs":null,"out_stock_days":0,"lost_sales":0,"has_location":null,"update_date":"2026-04-27T07:08:12","atum_locations":[],"atum_stock_status":"instock","restock_status":false,"low_stock_amount":"","sales_update_date":"2025-09-05T00:19:39","calc_backorders":null,"_links":{"self":[{"href":"https:\/\/aromasentia.com\/no\/wp-json\/wp\/v2\/product\/206803","targetHints":{"allow":["GET"]}}],"collection":[{"href":"https:\/\/aromasentia.com\/no\/wp-json\/wp\/v2\/product"}],"about":[{"href":"https:\/\/aromasentia.com\/no\/wp-json\/wp\/v2\/types\/product"}],"replies":[{"embeddable":true,"href":"https:\/\/aromasentia.com\/no\/wp-json\/wp\/v2\/comments?post=206803"}],"version-history":[{"count":0,"href":"https:\/\/aromasentia.com\/no\/wp-json\/wp\/v2\/product\/206803\/revisions"}],"wp:featuredmedia":[{"embeddable":true,"href":"https:\/\/aromasentia.com\/no\/wp-json\/wp\/v2\/media\/290084"}],"wp:attachment":[{"href":"https:\/\/aromasentia.com\/no\/wp-json\/wp\/v2\/media?parent=206803"}],"wp:term":[{"taxonomy":"product_brand","embeddable":true,"href":"https:\/\/aromasentia.com\/no\/wp-json\/wp\/v2\/product_brand?post=206803"},{"taxonomy":"product_cat","embeddable":true,"href":"https:\/\/aromasentia.com\/no\/wp-json\/wp\/v2\/product_cat?post=206803"},{"taxonomy":"product_tag","embeddable":true,"href":"https:\/\/aromasentia.com\/no\/wp-json\/wp\/v2\/product_tag?post=206803"}],"curies":[{"name":"wp","href":"https:\/\/api.w.org\/{rel}","templated":true}]}}