{"id":206796,"date":"2025-03-20T17:26:27","date_gmt":"2025-03-20T17:26:27","guid":{"rendered":"https:\/\/aromasentia.com\/product\/happy-scrub-soap-pinacolada\/"},"modified":"2025-05-31T03:20:48","modified_gmt":"2025-05-31T03:20:48","slug":"happy-scrub-sape-pinacolada","status":"publish","type":"product","link":"https:\/\/aromasentia.com\/no\/happy-scrub-sape-pinacolada\/","title":{"rendered":"Happy Scrub S\u00e5pe &#8211; Pinacolada"},"content":{"rendered":"<p>Reis til et tropisk paradis med v\u00e5r Happy Scrub Soap &#8211; Pinacolada. Denne eksfolierende s\u00e5pestangen har en uimotst\u00e5elig duft av kremet kokosn\u00f8tt og saftig ananas, blandet med naturlige skrubbemidler. Den polerer huden din sk\u00e5nsomt, fjerner sl\u00f8vhet og avsl\u00f8rer en mykere og jevnere tekstur. Den klassiske cocktailinspirerte duften forvandler dusjen til en miniferie, og etterlater huden oppfrisket, velpleiet og deilig duftende.<\/p>\n","protected":false},"excerpt":{"rendered":"<p>Reis til et tropisk paradis med v\u00e5r Happy Scrub Soap &#8211; Pinacolada. Denne eksfolierende s\u00e5pestangen har en uimotst\u00e5elig duft av kremet kokosn\u00f8tt og saftig ananas, blandet med naturlige skrubbemidler. Den polerer huden din sk\u00e5nsomt, fjerner sl\u00f8vhet og avsl\u00f8rer en mykere og jevnere tekstur. Den klassiske cocktailinspirerte duften forvandler dusjen til en miniferie, og etterlater huden [&hellip;]<\/p>\n","protected":false},"featured_media":290135,"comment_status":"closed","ping_status":"open","template":"","meta":{"_angie_page":false},"product_brand":[],"product_cat":[9413,9439],"product_tag":[],"class_list":{"0":"post-206796","1":"product","2":"type-product","3":"status-publish","4":"has-post-thumbnail","6":"product_cat-bad-spa-og-personlig-pleie","7":"product_cat-okologiske-saper","8":"pa_collection-happy-scrub-soap-no","9":"pa_made-in-storbritannia","11":"first","12":"instock","13":"purchasable","14":"product-type-simple"},"supplier_id":null,"supplier_sku":"HSS-01","barcode":null,"atum_controlled":true,"out_stock_date":null,"out_stock_threshold":null,"inheritable":false,"inbound_stock":null,"stock_on_hold":0,"sold_today":0,"sales_last_days":0,"reserved_stock":null,"customer_returns":null,"warehouse_damage":null,"lost_in_post":null,"other_logs":null,"out_stock_days":0,"lost_sales":0,"has_location":null,"update_date":"2026-04-27T07:08:12","atum_locations":[],"atum_stock_status":"instock","restock_status":false,"low_stock_amount":"","sales_update_date":"2026-02-06T00:02:17","calc_backorders":null,"_links":{"self":[{"href":"https:\/\/aromasentia.com\/no\/wp-json\/wp\/v2\/product\/206796","targetHints":{"allow":["GET"]}}],"collection":[{"href":"https:\/\/aromasentia.com\/no\/wp-json\/wp\/v2\/product"}],"about":[{"href":"https:\/\/aromasentia.com\/no\/wp-json\/wp\/v2\/types\/product"}],"replies":[{"embeddable":true,"href":"https:\/\/aromasentia.com\/no\/wp-json\/wp\/v2\/comments?post=206796"}],"version-history":[{"count":0,"href":"https:\/\/aromasentia.com\/no\/wp-json\/wp\/v2\/product\/206796\/revisions"}],"wp:featuredmedia":[{"embeddable":true,"href":"https:\/\/aromasentia.com\/no\/wp-json\/wp\/v2\/media\/290135"}],"wp:attachment":[{"href":"https:\/\/aromasentia.com\/no\/wp-json\/wp\/v2\/media?parent=206796"}],"wp:term":[{"taxonomy":"product_brand","embeddable":true,"href":"https:\/\/aromasentia.com\/no\/wp-json\/wp\/v2\/product_brand?post=206796"},{"taxonomy":"product_cat","embeddable":true,"href":"https:\/\/aromasentia.com\/no\/wp-json\/wp\/v2\/product_cat?post=206796"},{"taxonomy":"product_tag","embeddable":true,"href":"https:\/\/aromasentia.com\/no\/wp-json\/wp\/v2\/product_tag?post=206796"}],"curies":[{"name":"wp","href":"https:\/\/api.w.org\/{rel}","templated":true}]}}