{"id":206787,"date":"2025-03-20T17:27:02","date_gmt":"2025-03-20T17:27:02","guid":{"rendered":"https:\/\/aromasentia.com\/product\/retro-bath-bomb\/"},"modified":"2025-05-31T03:20:11","modified_gmt":"2025-05-31T03:20:11","slug":"retro-badebombe","status":"publish","type":"product","link":"https:\/\/aromasentia.com\/no\/retro-badebombe\/","title":{"rendered":"Retro Badebombe"},"content":{"rendered":"<p>Bare noe gammeldags og tr\u00f8stende med denne kombinasjonen av brus og duft som vil friske opp og slappe av.<\/p>\n<p>Retro badebomber er ogs\u00e5 veldig gode. Hver ball veier hele 180+ gram og inneholder sheasm\u00f8r for \u00e5 gj\u00f8re dem glattere mot huden din.<\/p>\n<p>Vi har en rekke fantastiske dufter \u00e5 velge mellom, hver i sin egen s\u00e6regne farge.<\/p>\n<p>Kj\u00f8p flere forskjellige ytteremballasjer for \u00e5 lage et i\u00f8ynefallende display i butikken din som kundene dine ikke vil kunne motst\u00e5.<\/p>\n","protected":false},"excerpt":{"rendered":"<p>Bare noe gammeldags og tr\u00f8stende med denne kombinasjonen av brus og duft som vil friske opp og slappe av. Retro badebomber er ogs\u00e5 veldig gode. Hver ball veier hele 180+ gram og inneholder sheasm\u00f8r for \u00e5 gj\u00f8re dem glattere mot huden din. Vi har en rekke fantastiske dufter \u00e5 velge mellom, hver i sin egen [&hellip;]<\/p>\n","protected":false},"featured_media":290330,"comment_status":"closed","ping_status":"open","template":"","meta":{"_angie_page":false},"product_brand":[],"product_cat":[9413,9418],"product_tag":[],"class_list":{"0":"post-206787","1":"product","2":"type-product","3":"status-publish","4":"has-post-thumbnail","6":"product_cat-bad-spa-og-personlig-pleie","7":"product_cat-badebomber","8":"pa_made-in-storbritannia","10":"first","11":"outofstock","12":"purchasable","13":"product-type-simple"},"supplier_id":null,"supplier_sku":"JBB-12","barcode":null,"atum_controlled":true,"out_stock_date":"2025-09-05 00:37:53","out_stock_threshold":null,"inheritable":false,"inbound_stock":null,"stock_on_hold":0,"sold_today":0,"sales_last_days":0,"reserved_stock":null,"customer_returns":null,"warehouse_damage":null,"lost_in_post":null,"other_logs":null,"out_stock_days":0,"lost_sales":0,"has_location":null,"update_date":"2026-04-27T07:09:50","atum_locations":[],"atum_stock_status":"outofstock","restock_status":false,"low_stock_amount":"","sales_update_date":"2025-09-05T00:19:42","calc_backorders":null,"_links":{"self":[{"href":"https:\/\/aromasentia.com\/no\/wp-json\/wp\/v2\/product\/206787","targetHints":{"allow":["GET"]}}],"collection":[{"href":"https:\/\/aromasentia.com\/no\/wp-json\/wp\/v2\/product"}],"about":[{"href":"https:\/\/aromasentia.com\/no\/wp-json\/wp\/v2\/types\/product"}],"replies":[{"embeddable":true,"href":"https:\/\/aromasentia.com\/no\/wp-json\/wp\/v2\/comments?post=206787"}],"version-history":[{"count":0,"href":"https:\/\/aromasentia.com\/no\/wp-json\/wp\/v2\/product\/206787\/revisions"}],"wp:featuredmedia":[{"embeddable":true,"href":"https:\/\/aromasentia.com\/no\/wp-json\/wp\/v2\/media\/290330"}],"wp:attachment":[{"href":"https:\/\/aromasentia.com\/no\/wp-json\/wp\/v2\/media?parent=206787"}],"wp:term":[{"taxonomy":"product_brand","embeddable":true,"href":"https:\/\/aromasentia.com\/no\/wp-json\/wp\/v2\/product_brand?post=206787"},{"taxonomy":"product_cat","embeddable":true,"href":"https:\/\/aromasentia.com\/no\/wp-json\/wp\/v2\/product_cat?post=206787"},{"taxonomy":"product_tag","embeddable":true,"href":"https:\/\/aromasentia.com\/no\/wp-json\/wp\/v2\/product_tag?post=206787"}],"curies":[{"name":"wp","href":"https:\/\/api.w.org\/{rel}","templated":true}]}}