{"id":206782,"date":"2025-03-20T17:27:18","date_gmt":"2025-03-20T17:27:18","guid":{"rendered":"https:\/\/aromasentia.com\/product\/sweet-fennel-jojoba-bath-bomb\/"},"modified":"2025-05-31T03:19:38","modified_gmt":"2025-05-31T03:19:38","slug":"badebombe-med-sot-fennikel-og-jojoba","status":"publish","type":"product","link":"https:\/\/aromasentia.com\/no\/badebombe-med-sot-fennikel-og-jojoba\/","title":{"rendered":"Badebombe med S\u00f8t Fennikel Og Jojoba"},"content":{"rendered":"<p>Heit!! Elsker du sommerferien? Denne badebomben vil garantert ta deg med til de sensuelle og varme solfylte dagene.<\/p>\n<p>S\u00f8t fennikel- og jojobabadebomber er ogs\u00e5 veldig gode verdi. Hver ball veier hele 180+ gram og inneholder sheasm\u00f8r for \u00e5 gj\u00f8re dem glattere mot huden.<\/p>\n<p>Vi har en rekke fantastiske dufter \u00e5 velge mellom, hver i sin egen distinkte farge.<\/p>\n<p>Kj\u00f8p flere forskjellige ytterdufter for \u00e5 lage et i\u00f8ynefallende display i butikken din som kundene dine ikke vil kunne motst\u00e5.<\/p>\n","protected":false},"excerpt":{"rendered":"<p>Heit!! Elsker du sommerferien? Denne badebomben vil garantert ta deg med til de sensuelle og varme solfylte dagene. S\u00f8t fennikel- og jojobabadebomber er ogs\u00e5 veldig gode verdi. Hver ball veier hele 180+ gram og inneholder sheasm\u00f8r for \u00e5 gj\u00f8re dem glattere mot huden. Vi har en rekke fantastiske dufter \u00e5 velge mellom, hver i sin [&hellip;]<\/p>\n","protected":false},"featured_media":290407,"comment_status":"closed","ping_status":"open","template":"","meta":[],"product_brand":[],"product_cat":[9413,9418,25843,26183,26862],"product_tag":[],"class_list":{"0":"post-206782","1":"product","2":"type-product","3":"status-publish","4":"has-post-thumbnail","6":"product_cat-bad-spa-og-personlig-pleie","7":"product_cat-badebomber","8":"product_cat-dufter-aromaer","9":"product_cat-fennikel","10":"product_cat-urte-aromatisk","11":"pa_made-in-storbritannia","13":"first","14":"outofstock","15":"purchasable","16":"product-type-simple"},"supplier_id":null,"supplier_sku":"JBB-17","barcode":null,"atum_controlled":true,"out_stock_date":"2025-09-05 00:38:05","out_stock_threshold":null,"inheritable":false,"inbound_stock":0,"stock_on_hold":0,"sold_today":0,"sales_last_days":0,"reserved_stock":0,"customer_returns":0,"warehouse_damage":0,"lost_in_post":0,"other_logs":0,"out_stock_days":0,"lost_sales":0,"has_location":false,"update_date":"2026-02-11T09:34:53","atum_locations":[],"atum_stock_status":"outofstock","restock_status":false,"low_stock_amount":"","sales_update_date":"2025-09-05T00:19:43","calc_backorders":null,"_links":{"self":[{"href":"https:\/\/aromasentia.com\/no\/wp-json\/wp\/v2\/product\/206782","targetHints":{"allow":["GET"]}}],"collection":[{"href":"https:\/\/aromasentia.com\/no\/wp-json\/wp\/v2\/product"}],"about":[{"href":"https:\/\/aromasentia.com\/no\/wp-json\/wp\/v2\/types\/product"}],"replies":[{"embeddable":true,"href":"https:\/\/aromasentia.com\/no\/wp-json\/wp\/v2\/comments?post=206782"}],"version-history":[{"count":0,"href":"https:\/\/aromasentia.com\/no\/wp-json\/wp\/v2\/product\/206782\/revisions"}],"wp:featuredmedia":[{"embeddable":true,"href":"https:\/\/aromasentia.com\/no\/wp-json\/wp\/v2\/media\/290407"}],"wp:attachment":[{"href":"https:\/\/aromasentia.com\/no\/wp-json\/wp\/v2\/media?parent=206782"}],"wp:term":[{"taxonomy":"product_brand","embeddable":true,"href":"https:\/\/aromasentia.com\/no\/wp-json\/wp\/v2\/product_brand?post=206782"},{"taxonomy":"product_cat","embeddable":true,"href":"https:\/\/aromasentia.com\/no\/wp-json\/wp\/v2\/product_cat?post=206782"},{"taxonomy":"product_tag","embeddable":true,"href":"https:\/\/aromasentia.com\/no\/wp-json\/wp\/v2\/product_tag?post=206782"}],"curies":[{"name":"wp","href":"https:\/\/api.w.org\/{rel}","templated":true}]}}