{"id":206779,"date":"2025-03-20T17:27:28","date_gmt":"2025-03-20T17:27:28","guid":{"rendered":"https:\/\/aromasentia.com\/product\/bucks-fizz-bath-bomb-180g\/"},"modified":"2025-05-31T03:19:28","modified_gmt":"2025-05-31T03:19:28","slug":"bucks-fizz-badebombe-180g","status":"publish","type":"product","link":"https:\/\/aromasentia.com\/no\/bucks-fizz-badebombe-180g\/","title":{"rendered":"Bucks Fizz Badebombe 180g"},"content":{"rendered":"<p>Bucks Fizz badebomber er veldig gode for pengene. Hver ball veier hele 180+ gram og inneholder sheasm\u00f8r som gj\u00f8r dem mykere mot huden.<\/p>\n<p>Vi har et utvalg av fantastiske dufter \u00e5 velge mellom, hver i sin egen s\u00e6regne farge.<\/p>\n<p>Kj\u00f8p flere forskjellige ytterdufter for \u00e5 lage et i\u00f8ynefallende display i butikken din som kundene dine ikke vil kunne motst\u00e5.<\/p>\n","protected":false},"excerpt":{"rendered":"<p>Bucks Fizz badebomber er veldig gode for pengene. Hver ball veier hele 180+ gram og inneholder sheasm\u00f8r som gj\u00f8r dem mykere mot huden. Vi har et utvalg av fantastiske dufter \u00e5 velge mellom, hver i sin egen s\u00e6regne farge. Kj\u00f8p flere forskjellige ytterdufter for \u00e5 lage et i\u00f8ynefallende display i butikken din som kundene dine [&hellip;]<\/p>\n","protected":false},"featured_media":290702,"comment_status":"closed","ping_status":"open","template":"","meta":[],"product_brand":[],"product_cat":[9413,9418],"product_tag":[],"class_list":{"0":"post-206779","1":"product","2":"type-product","3":"status-publish","4":"has-post-thumbnail","6":"product_cat-bad-spa-og-personlig-pleie","7":"product_cat-badebomber","8":"pa_made-in-storbritannia","9":"pa_size-180g","11":"first","12":"outofstock","13":"purchasable","14":"product-type-simple"},"supplier_id":null,"supplier_sku":"JBB-25","barcode":null,"atum_controlled":true,"out_stock_date":"2026-01-05 10:23:40","out_stock_threshold":null,"inheritable":false,"inbound_stock":null,"stock_on_hold":0,"sold_today":0,"sales_last_days":0,"reserved_stock":null,"customer_returns":null,"warehouse_damage":null,"lost_in_post":null,"other_logs":null,"out_stock_days":24,"lost_sales":0,"has_location":null,"update_date":"2026-01-30T01:24:22","atum_locations":[],"atum_stock_status":"outofstock","restock_status":false,"low_stock_amount":"","sales_update_date":"2026-01-30T01:24:22","calc_backorders":null,"_links":{"self":[{"href":"https:\/\/aromasentia.com\/no\/wp-json\/wp\/v2\/product\/206779","targetHints":{"allow":["GET"]}}],"collection":[{"href":"https:\/\/aromasentia.com\/no\/wp-json\/wp\/v2\/product"}],"about":[{"href":"https:\/\/aromasentia.com\/no\/wp-json\/wp\/v2\/types\/product"}],"replies":[{"embeddable":true,"href":"https:\/\/aromasentia.com\/no\/wp-json\/wp\/v2\/comments?post=206779"}],"version-history":[{"count":0,"href":"https:\/\/aromasentia.com\/no\/wp-json\/wp\/v2\/product\/206779\/revisions"}],"wp:featuredmedia":[{"embeddable":true,"href":"https:\/\/aromasentia.com\/no\/wp-json\/wp\/v2\/media\/290702"}],"wp:attachment":[{"href":"https:\/\/aromasentia.com\/no\/wp-json\/wp\/v2\/media?parent=206779"}],"wp:term":[{"taxonomy":"product_brand","embeddable":true,"href":"https:\/\/aromasentia.com\/no\/wp-json\/wp\/v2\/product_brand?post=206779"},{"taxonomy":"product_cat","embeddable":true,"href":"https:\/\/aromasentia.com\/no\/wp-json\/wp\/v2\/product_cat?post=206779"},{"taxonomy":"product_tag","embeddable":true,"href":"https:\/\/aromasentia.com\/no\/wp-json\/wp\/v2\/product_tag?post=206779"}],"curies":[{"name":"wp","href":"https:\/\/api.w.org\/{rel}","templated":true}]}}