{"id":206776,"date":"2025-03-20T17:27:28","date_gmt":"2025-03-20T17:27:28","guid":{"rendered":"https:\/\/aromasentia.com\/product\/chocolate-orange-bath-bomb\/"},"modified":"2025-05-31T03:19:20","modified_gmt":"2025-05-31T03:19:20","slug":"badebombe-med-sjokolade-og-appelsin","status":"publish","type":"product","link":"https:\/\/aromasentia.com\/no\/badebombe-med-sjokolade-og-appelsin\/","title":{"rendered":"Badebombe med Sjokolade Og Appelsin"},"content":{"rendered":"<p>S\u00f8tt! Nyt de avslappede bevegelsene med den friske appelsinduften. Nyt denne duften laget av sjokolade, f\u00f8lelsen av roen som omslutter sinnet ditt.<\/p>\n<p>Hvis du er ute etter en avslappende godbit, trenger du ikke lete lenger. V\u00e5re badebomber er akkurat det du trenger for alle som leter etter et badetilskudd av h\u00f8y kvalitet som ser godt ut og lukter godt.<\/p>\n<p>De er ogs\u00e5 veldig gode for pengene. Hver bombe veier hele 180 gram og inneholder sheasm\u00f8r for \u00e5 gj\u00f8re dem glattere mot huden din.<\/p>\n<p>Vi har et utvalg av fantastiske dufter \u00e5 velge mellom, hver i sin egen s\u00e6regne farge. Kj\u00f8p flere forskjellige ytterdufter for \u00e5 lage et i\u00f8ynefallende display i butikken din som kundene dine ikke vil kunne motst\u00e5.<\/p>\n","protected":false},"excerpt":{"rendered":"<p>S\u00f8tt! Nyt de avslappede bevegelsene med den friske appelsinduften. Nyt denne duften laget av sjokolade, f\u00f8lelsen av roen som omslutter sinnet ditt. Hvis du er ute etter en avslappende godbit, trenger du ikke lete lenger. V\u00e5re badebomber er akkurat det du trenger for alle som leter etter et badetilskudd av h\u00f8y kvalitet som ser godt [&hellip;]<\/p>\n","protected":false},"featured_media":290459,"comment_status":"closed","ping_status":"open","template":"","meta":{"_angie_page":false},"product_brand":[],"product_cat":[26306,9413,9418,25843,26820],"product_tag":[],"class_list":{"0":"post-206776","1":"product","2":"type-product","3":"status-publish","4":"has-post-thumbnail","6":"product_cat-appelsin","7":"product_cat-bad-spa-og-personlig-pleie","8":"product_cat-badebomber","9":"product_cat-dufter-aromaer","10":"product_cat-sitrus","11":"pa_made-in-storbritannia","13":"first","14":"instock","15":"purchasable","16":"product-type-simple"},"supplier_id":null,"supplier_sku":"JBB-21","barcode":null,"atum_controlled":true,"out_stock_date":null,"out_stock_threshold":null,"inheritable":false,"inbound_stock":null,"stock_on_hold":0,"sold_today":0,"sales_last_days":0,"reserved_stock":null,"customer_returns":null,"warehouse_damage":null,"lost_in_post":null,"other_logs":null,"out_stock_days":0,"lost_sales":0,"has_location":null,"update_date":"2026-04-27T07:09:57","atum_locations":[],"atum_stock_status":"instock","restock_status":false,"low_stock_amount":"","sales_update_date":"2025-09-05T00:19:44","calc_backorders":null,"_links":{"self":[{"href":"https:\/\/aromasentia.com\/no\/wp-json\/wp\/v2\/product\/206776","targetHints":{"allow":["GET"]}}],"collection":[{"href":"https:\/\/aromasentia.com\/no\/wp-json\/wp\/v2\/product"}],"about":[{"href":"https:\/\/aromasentia.com\/no\/wp-json\/wp\/v2\/types\/product"}],"replies":[{"embeddable":true,"href":"https:\/\/aromasentia.com\/no\/wp-json\/wp\/v2\/comments?post=206776"}],"version-history":[{"count":0,"href":"https:\/\/aromasentia.com\/no\/wp-json\/wp\/v2\/product\/206776\/revisions"}],"wp:featuredmedia":[{"embeddable":true,"href":"https:\/\/aromasentia.com\/no\/wp-json\/wp\/v2\/media\/290459"}],"wp:attachment":[{"href":"https:\/\/aromasentia.com\/no\/wp-json\/wp\/v2\/media?parent=206776"}],"wp:term":[{"taxonomy":"product_brand","embeddable":true,"href":"https:\/\/aromasentia.com\/no\/wp-json\/wp\/v2\/product_brand?post=206776"},{"taxonomy":"product_cat","embeddable":true,"href":"https:\/\/aromasentia.com\/no\/wp-json\/wp\/v2\/product_cat?post=206776"},{"taxonomy":"product_tag","embeddable":true,"href":"https:\/\/aromasentia.com\/no\/wp-json\/wp\/v2\/product_tag?post=206776"}],"curies":[{"name":"wp","href":"https:\/\/api.w.org\/{rel}","templated":true}]}}