{"id":206766,"date":"2025-03-20T17:27:52","date_gmt":"2025-03-20T17:27:52","guid":{"rendered":"https:\/\/aromasentia.com\/product\/banoffee-pie-banana-toffee\/"},"modified":"2025-05-31T03:18:40","modified_gmt":"2025-05-31T03:18:40","slug":"banoffee-pie-banana-toffee","status":"publish","type":"product","link":"https:\/\/aromasentia.com\/no\/banoffee-pie-banana-toffee\/","title":{"rendered":"Banoffee Pie &#8211; Banana Toffee"},"content":{"rendered":"<p>Disse jumbo-badebombene er akkurat det du trenger for alle som leter etter en badebrus av h\u00f8y kvalitet som b\u00e5de ser godt ut og lukter godt. Hver av dem har en deilig duft, og disse badebombene er nesten gode nok til \u00e5 spises (men v\u00e6r s\u00e5 snill \u00e5 ikke gj\u00f8re det).<\/p>\n<p>Hver bombe veier hele 180 gram.<\/p>\n<p>Vi har et utvalg av fantastiske dufter \u00e5 velge mellom, hver i sin egen s\u00e6regne farge.<\/p>\n","protected":false},"excerpt":{"rendered":"<p>Disse jumbo-badebombene er akkurat det du trenger for alle som leter etter en badebrus av h\u00f8y kvalitet som b\u00e5de ser godt ut og lukter godt. Hver av dem har en deilig duft, og disse badebombene er nesten gode nok til \u00e5 spises (men v\u00e6r s\u00e5 snill \u00e5 ikke gj\u00f8re det). Hver bombe veier hele 180 [&hellip;]<\/p>\n","protected":false},"featured_media":282545,"comment_status":"closed","ping_status":"open","template":"","meta":{"_angie_page":false},"product_brand":[],"product_cat":[9413,26566,25843,26848],"product_tag":[],"class_list":{"0":"post-206766","1":"product","2":"type-product","3":"status-publish","4":"has-post-thumbnail","6":"product_cat-bad-spa-og-personlig-pleie","7":"product_cat-banan","8":"product_cat-dufter-aromaer","9":"product_cat-fruktig","10":"pa_collection-just-desserts-bath-bombs-200g-no","11":"pa_made-in-storbritannia","13":"first","14":"instock","15":"purchasable","16":"product-type-simple"},"supplier_id":null,"supplier_sku":"JDBB-04","barcode":null,"atum_controlled":true,"out_stock_date":null,"out_stock_threshold":null,"inheritable":false,"inbound_stock":null,"stock_on_hold":0,"sold_today":0,"sales_last_days":0,"reserved_stock":null,"customer_returns":null,"warehouse_damage":null,"lost_in_post":null,"other_logs":null,"out_stock_days":0,"lost_sales":0,"has_location":null,"update_date":"2026-04-27T07:10:05","atum_locations":[],"atum_stock_status":"instock","restock_status":false,"low_stock_amount":"","sales_update_date":"2026-01-30T01:26:31","calc_backorders":null,"_links":{"self":[{"href":"https:\/\/aromasentia.com\/no\/wp-json\/wp\/v2\/product\/206766","targetHints":{"allow":["GET"]}}],"collection":[{"href":"https:\/\/aromasentia.com\/no\/wp-json\/wp\/v2\/product"}],"about":[{"href":"https:\/\/aromasentia.com\/no\/wp-json\/wp\/v2\/types\/product"}],"replies":[{"embeddable":true,"href":"https:\/\/aromasentia.com\/no\/wp-json\/wp\/v2\/comments?post=206766"}],"version-history":[{"count":0,"href":"https:\/\/aromasentia.com\/no\/wp-json\/wp\/v2\/product\/206766\/revisions"}],"wp:featuredmedia":[{"embeddable":true,"href":"https:\/\/aromasentia.com\/no\/wp-json\/wp\/v2\/media\/282545"}],"wp:attachment":[{"href":"https:\/\/aromasentia.com\/no\/wp-json\/wp\/v2\/media?parent=206766"}],"wp:term":[{"taxonomy":"product_brand","embeddable":true,"href":"https:\/\/aromasentia.com\/no\/wp-json\/wp\/v2\/product_brand?post=206766"},{"taxonomy":"product_cat","embeddable":true,"href":"https:\/\/aromasentia.com\/no\/wp-json\/wp\/v2\/product_cat?post=206766"},{"taxonomy":"product_tag","embeddable":true,"href":"https:\/\/aromasentia.com\/no\/wp-json\/wp\/v2\/product_tag?post=206766"}],"curies":[{"name":"wp","href":"https:\/\/api.w.org\/{rel}","templated":true}]}}