{"id":206750,"date":"2025-03-20T17:30:40","date_gmt":"2025-03-20T17:30:40","guid":{"rendered":"https:\/\/aromasentia.com\/product\/set-of-3-soap-flower-heart-box-red-roses\/"},"modified":"2025-05-31T03:17:56","modified_gmt":"2025-05-31T03:17:56","slug":"sape-blomster-hjerteboks-rode-roser-3stk","status":"publish","type":"product","link":"https:\/\/aromasentia.com\/no\/sape-blomster-hjerteboks-rode-roser-3stk\/","title":{"rendered":"S\u00e5pe Blomster Hjerteboks &#8211; R\u00f8de Roser 3Stk."},"content":{"rendered":"<p>Ta en titt p\u00e5 v\u00e5rt fantastiske utvalg av luksuri\u00f8se s\u00e5peblomster. De er et perfekt tillegg til et avslappende romantisk bad, eller du kan til og med bruke individuelle kronblader som gjestes\u00e5per.<\/p>\n<p>Disse s\u00e5peblomstene er vakkert pakket og er en perfekt gave, bryllupsgave, julestr\u00f8mpefyll eller bare en liten godbit til deg selv.<\/p>\n<p>Bare legg til en eller to roser i det varme badet ditt, slapp av og se de s\u00f8te blomstene oppl\u00f8ses rett foran \u00f8ynene dine. Du vil garantert nyte fargerikt vann og en herlig duft. Det gj\u00f8r huden din myk, silkemyk og lukter herlig friskt. Du vil spesielt elske disse bukettene.<\/p>\n<p>Og de ser nesten ut som ekte blomster! Bukettene er kunstnerisk arrangert og vakkert presentert i en gavepose. Disse badeblomstene er en fantastisk gave som garantert vil glede deg.<\/p>\n","protected":false},"excerpt":{"rendered":"<p>Ta en titt p\u00e5 v\u00e5rt fantastiske utvalg av luksuri\u00f8se s\u00e5peblomster. De er et perfekt tillegg til et avslappende romantisk bad, eller du kan til og med bruke individuelle kronblader som gjestes\u00e5per. Disse s\u00e5peblomstene er vakkert pakket og er en perfekt gave, bryllupsgave, julestr\u00f8mpefyll eller bare en liten godbit til deg selv. Bare legg til en [&hellip;]<\/p>\n","protected":false},"featured_media":292053,"comment_status":"closed","ping_status":"open","template":"","meta":{"_angie_page":false},"product_brand":[],"product_cat":[9413,26834,25843,9439,26366],"product_tag":[],"class_list":{"0":"post-206750","1":"product","2":"type-product","3":"status-publish","4":"has-post-thumbnail","6":"product_cat-bad-spa-og-personlig-pleie","7":"product_cat-blomster","8":"product_cat-dufter-aromaer","9":"product_cat-okologiske-saper","10":"product_cat-rose","11":"pa_collection-luxury-soap-flowers-no","12":"pa_made-in-kina","14":"first","15":"instock","16":"purchasable","17":"product-type-simple"},"supplier_id":null,"supplier_sku":"LSF-13","barcode":null,"atum_controlled":true,"out_stock_date":null,"out_stock_threshold":null,"inheritable":false,"inbound_stock":null,"stock_on_hold":0,"sold_today":0,"sales_last_days":0,"reserved_stock":null,"customer_returns":null,"warehouse_damage":null,"lost_in_post":null,"other_logs":null,"out_stock_days":0,"lost_sales":0,"has_location":null,"update_date":"2026-05-08T05:12:00","atum_locations":[],"atum_stock_status":"instock","restock_status":false,"low_stock_amount":"","sales_update_date":"2025-09-05T00:19:57","calc_backorders":null,"_links":{"self":[{"href":"https:\/\/aromasentia.com\/no\/wp-json\/wp\/v2\/product\/206750","targetHints":{"allow":["GET"]}}],"collection":[{"href":"https:\/\/aromasentia.com\/no\/wp-json\/wp\/v2\/product"}],"about":[{"href":"https:\/\/aromasentia.com\/no\/wp-json\/wp\/v2\/types\/product"}],"replies":[{"embeddable":true,"href":"https:\/\/aromasentia.com\/no\/wp-json\/wp\/v2\/comments?post=206750"}],"version-history":[{"count":0,"href":"https:\/\/aromasentia.com\/no\/wp-json\/wp\/v2\/product\/206750\/revisions"}],"wp:featuredmedia":[{"embeddable":true,"href":"https:\/\/aromasentia.com\/no\/wp-json\/wp\/v2\/media\/292053"}],"wp:attachment":[{"href":"https:\/\/aromasentia.com\/no\/wp-json\/wp\/v2\/media?parent=206750"}],"wp:term":[{"taxonomy":"product_brand","embeddable":true,"href":"https:\/\/aromasentia.com\/no\/wp-json\/wp\/v2\/product_brand?post=206750"},{"taxonomy":"product_cat","embeddable":true,"href":"https:\/\/aromasentia.com\/no\/wp-json\/wp\/v2\/product_cat?post=206750"},{"taxonomy":"product_tag","embeddable":true,"href":"https:\/\/aromasentia.com\/no\/wp-json\/wp\/v2\/product_tag?post=206750"}],"curies":[{"name":"wp","href":"https:\/\/api.w.org\/{rel}","templated":true}]}}