{"id":206745,"date":"2025-03-20T17:31:12","date_gmt":"2025-03-20T17:31:12","guid":{"rendered":"https:\/\/aromasentia.com\/product\/set-of-3-soap-flower-heart-box-peach-roses\/"},"modified":"2025-05-31T03:17:30","modified_gmt":"2025-05-31T03:17:30","slug":"sape-blomster-hjerteboks-ferskenroser-3stk","status":"publish","type":"product","link":"https:\/\/aromasentia.com\/no\/sape-blomster-hjerteboks-ferskenroser-3stk\/","title":{"rendered":"S\u00e5pe Blomster Hjerteboks &#8211; Ferskenroser 3Stk."},"content":{"rendered":"<p>Ta en titt p\u00e5 disse fantastiske luksuri\u00f8se s\u00e5peblomstene.<\/p>\n<p>Bare legg en eller to av dem i det varme badet ditt, slapp av og se de s\u00f8te blomstene oppl\u00f8ses rett foran \u00f8ynene dine. Du vil garantert nyte det fargerike vannet og den herlige duften. Det vil gj\u00f8re huden din myk, silkemyk og lukte herlig frisk.<\/p>\n<p>Du vil elske disse blomstene spesielt. Og de ser nesten ut som de er ekte! Bukettene er kunstnerisk arrangert og vakkert presentert i en gavepakke.<\/p>\n<p>Vakkert pakket er disse s\u00e5peblomstene en perfekt bursdagsgave, bryllupsgave, julestr\u00f8mpefyll eller bare en liten godbit til deg selv.<\/p>\n","protected":false},"excerpt":{"rendered":"<p>Ta en titt p\u00e5 disse fantastiske luksuri\u00f8se s\u00e5peblomstene. Bare legg en eller to av dem i det varme badet ditt, slapp av og se de s\u00f8te blomstene oppl\u00f8ses rett foran \u00f8ynene dine. Du vil garantert nyte det fargerike vannet og den herlige duften. Det vil gj\u00f8re huden din myk, silkemyk og lukte herlig frisk. Du [&hellip;]<\/p>\n","protected":false},"featured_media":292234,"comment_status":"closed","ping_status":"open","template":"","meta":{"_angie_page":false},"product_brand":[],"product_cat":[9413,26834,25843,9439,26366],"product_tag":[],"class_list":{"0":"post-206745","1":"product","2":"type-product","3":"status-publish","4":"has-post-thumbnail","6":"product_cat-bad-spa-og-personlig-pleie","7":"product_cat-blomster","8":"product_cat-dufter-aromaer","9":"product_cat-okologiske-saper","10":"product_cat-rose","11":"pa_collection-luxury-soap-flowers-no","12":"pa_made-in-kina","14":"first","15":"instock","16":"purchasable","17":"product-type-simple"},"supplier_id":null,"supplier_sku":"LSF-18","barcode":null,"atum_controlled":true,"out_stock_date":null,"out_stock_threshold":null,"inheritable":false,"inbound_stock":null,"stock_on_hold":0,"sold_today":0,"sales_last_days":0,"reserved_stock":null,"customer_returns":null,"warehouse_damage":null,"lost_in_post":null,"other_logs":null,"out_stock_days":0,"lost_sales":0,"has_location":null,"update_date":"2026-05-08T05:12:00","atum_locations":[],"atum_stock_status":"instock","restock_status":false,"low_stock_amount":"","sales_update_date":"2025-09-05T00:19:57","calc_backorders":null,"_links":{"self":[{"href":"https:\/\/aromasentia.com\/no\/wp-json\/wp\/v2\/product\/206745","targetHints":{"allow":["GET"]}}],"collection":[{"href":"https:\/\/aromasentia.com\/no\/wp-json\/wp\/v2\/product"}],"about":[{"href":"https:\/\/aromasentia.com\/no\/wp-json\/wp\/v2\/types\/product"}],"replies":[{"embeddable":true,"href":"https:\/\/aromasentia.com\/no\/wp-json\/wp\/v2\/comments?post=206745"}],"version-history":[{"count":0,"href":"https:\/\/aromasentia.com\/no\/wp-json\/wp\/v2\/product\/206745\/revisions"}],"wp:featuredmedia":[{"embeddable":true,"href":"https:\/\/aromasentia.com\/no\/wp-json\/wp\/v2\/media\/292234"}],"wp:attachment":[{"href":"https:\/\/aromasentia.com\/no\/wp-json\/wp\/v2\/media?parent=206745"}],"wp:term":[{"taxonomy":"product_brand","embeddable":true,"href":"https:\/\/aromasentia.com\/no\/wp-json\/wp\/v2\/product_brand?post=206745"},{"taxonomy":"product_cat","embeddable":true,"href":"https:\/\/aromasentia.com\/no\/wp-json\/wp\/v2\/product_cat?post=206745"},{"taxonomy":"product_tag","embeddable":true,"href":"https:\/\/aromasentia.com\/no\/wp-json\/wp\/v2\/product_tag?post=206745"}],"curies":[{"name":"wp","href":"https:\/\/api.w.org\/{rel}","templated":true}]}}