{"id":206728,"date":"2025-03-20T17:32:24","date_gmt":"2025-03-20T17:32:24","guid":{"rendered":"https:\/\/aromasentia.com\/product\/loofah-soap-loaf-1-8kg-grape\/"},"modified":"2025-05-31T03:16:38","modified_gmt":"2025-05-31T03:16:38","slug":"loofah-sapestykke-18-kg-drue","status":"publish","type":"product","link":"https:\/\/aromasentia.com\/no\/loofah-sapestykke-18-kg-drue\/","title":{"rendered":"Loofah S\u00e5pestykke 1,8 Kg &#8211; Drue"},"content":{"rendered":"<p>Eksfoliering er noe av det beste du kan gj\u00f8re for huden din, og hva er en bedre m\u00e5te \u00e5 gj\u00f8re det p\u00e5 enn med en luffas\u00e5pe?<\/p>\n<p>Luffasvamper kommer fra luffaplanten, som er et medlem av agurkfamilien. N\u00e5r planten f\u00e5r modnes, fjernes skallet og fr\u00f8ene for \u00e5 avdekke luffafiberen. Luffafiberen vaskes deretter for \u00e5 fjerne eventuelle gjenv\u00e6rende fr\u00f8 og skall.<\/p>\n<p>N\u00e5r luffafiberen er helt ren, t\u00f8rkes fiberen helt ut. Helt naturlige luffasvamper gir utmerket eksfoliering til en rekke prosjekter, som for eksempel denne nye serien med h\u00e5ndlagde <strong>Aroma Sentia-ping<\/strong> <strong>Luffas\u00e5pebr\u00f8d 1,8 kg &#8211; Drue.<\/strong><\/p>\n<p><strong>&nbsp;<\/strong>Bestill i dag og tilby kundene dine den ekstra intensive eksfolieringen.<\/p>\n","protected":false},"excerpt":{"rendered":"<p>Eksfoliering er noe av det beste du kan gj\u00f8re for huden din, og hva er en bedre m\u00e5te \u00e5 gj\u00f8re det p\u00e5 enn med en luffas\u00e5pe? Luffasvamper kommer fra luffaplanten, som er et medlem av agurkfamilien. N\u00e5r planten f\u00e5r modnes, fjernes skallet og fr\u00f8ene for \u00e5 avdekke luffafiberen. Luffafiberen vaskes deretter for \u00e5 fjerne eventuelle [&hellip;]<\/p>\n","protected":false},"featured_media":292527,"comment_status":"closed","ping_status":"open","template":"","meta":{"_angie_page":false},"product_brand":[],"product_cat":[9413,9439],"product_tag":[],"class_list":{"0":"post-206728","1":"product","2":"type-product","3":"status-publish","4":"has-post-thumbnail","6":"product_cat-bad-spa-og-personlig-pleie","7":"product_cat-okologiske-saper","8":"pa_made-in-latvia","10":"first","11":"outofstock","12":"purchasable","13":"product-type-simple"},"supplier_id":null,"supplier_sku":"LSL-04","barcode":null,"atum_controlled":true,"out_stock_date":"2026-02-11 09:37:07","out_stock_threshold":null,"inheritable":false,"inbound_stock":null,"stock_on_hold":0,"sold_today":0,"sales_last_days":0,"reserved_stock":null,"customer_returns":null,"warehouse_damage":null,"lost_in_post":null,"other_logs":null,"out_stock_days":0,"lost_sales":0,"has_location":null,"update_date":"2026-04-27T07:11:23","atum_locations":[],"atum_stock_status":"outofstock","restock_status":false,"low_stock_amount":"","sales_update_date":"2025-09-05T00:20:03","calc_backorders":null,"_links":{"self":[{"href":"https:\/\/aromasentia.com\/no\/wp-json\/wp\/v2\/product\/206728","targetHints":{"allow":["GET"]}}],"collection":[{"href":"https:\/\/aromasentia.com\/no\/wp-json\/wp\/v2\/product"}],"about":[{"href":"https:\/\/aromasentia.com\/no\/wp-json\/wp\/v2\/types\/product"}],"replies":[{"embeddable":true,"href":"https:\/\/aromasentia.com\/no\/wp-json\/wp\/v2\/comments?post=206728"}],"version-history":[{"count":0,"href":"https:\/\/aromasentia.com\/no\/wp-json\/wp\/v2\/product\/206728\/revisions"}],"wp:featuredmedia":[{"embeddable":true,"href":"https:\/\/aromasentia.com\/no\/wp-json\/wp\/v2\/media\/292527"}],"wp:attachment":[{"href":"https:\/\/aromasentia.com\/no\/wp-json\/wp\/v2\/media?parent=206728"}],"wp:term":[{"taxonomy":"product_brand","embeddable":true,"href":"https:\/\/aromasentia.com\/no\/wp-json\/wp\/v2\/product_brand?post=206728"},{"taxonomy":"product_cat","embeddable":true,"href":"https:\/\/aromasentia.com\/no\/wp-json\/wp\/v2\/product_cat?post=206728"},{"taxonomy":"product_tag","embeddable":true,"href":"https:\/\/aromasentia.com\/no\/wp-json\/wp\/v2\/product_tag?post=206728"}],"curies":[{"name":"wp","href":"https:\/\/api.w.org\/{rel}","templated":true}]}}