{"id":206710,"date":"2025-03-20T17:32:52","date_gmt":"2025-03-20T17:32:52","guid":{"rendered":"https:\/\/aromasentia.com\/product\/anti-cellulite-wooden-massager\/"},"modified":"2025-05-31T03:15:44","modified_gmt":"2025-05-31T03:15:44","slug":"anti-cellulitt-massasjeapparat-i-tre","status":"publish","type":"product","link":"https:\/\/aromasentia.com\/no\/anti-cellulitt-massasjeapparat-i-tre\/","title":{"rendered":"Anti-Cellulitt Massasjeapparat I Tre"},"content":{"rendered":"<p>Disse <strong>Aroma Sentia-ping anti-cellulitt massasjeb\u00f8rstene i tre<\/strong> er enkle \u00e5 holde i h\u00e5nden med et grep og kan hjelpe mot cellulitter.<\/p>\n<p>Massasjeren sies \u00e5 bidra til \u00e5 stimulere lymfestr\u00f8mmen, noe som fremmer v\u00e6skeinntaket i kapill\u00e6rene, noe som hjelper med absorpsjon av fettsyrer og p\u00e5f\u00f8lgende hjelp til \u00e5 eliminere fettet som for\u00e5rsaker appelsinskalleffekten p\u00e5 huden.<\/p>\n<p><strong>Bruk p\u00e5 t\u00f8rr hud for \u00e5 styrke, eksfoliere og forbedre sirkulasjonen.<\/strong><\/p>\n","protected":false},"excerpt":{"rendered":"<p>Disse Aroma Sentia-ping anti-cellulitt massasjeb\u00f8rstene i tre er enkle \u00e5 holde i h\u00e5nden med et grep og kan hjelpe mot cellulitter. Massasjeren sies \u00e5 bidra til \u00e5 stimulere lymfestr\u00f8mmen, noe som fremmer v\u00e6skeinntaket i kapill\u00e6rene, noe som hjelper med absorpsjon av fettsyrer og p\u00e5f\u00f8lgende hjelp til \u00e5 eliminere fettet som for\u00e5rsaker appelsinskalleffekten p\u00e5 huden. Bruk [&hellip;]<\/p>\n","protected":false},"featured_media":292789,"comment_status":"closed","ping_status":"open","template":"","meta":{"_angie_page":false},"product_brand":[],"product_cat":[9413,9637],"product_tag":[],"class_list":{"0":"post-206710","1":"product","2":"type-product","3":"status-publish","4":"has-post-thumbnail","6":"product_cat-bad-spa-og-personlig-pleie","7":"product_cat-massasjeverktoy","8":"pa_collection-wooden-acrylic-massagers-no","9":"pa_made-in-kina","11":"first","12":"instock","13":"purchasable","14":"product-type-simple"},"supplier_id":null,"supplier_sku":"Mass-05DS","barcode":null,"atum_controlled":true,"out_stock_date":null,"out_stock_threshold":null,"inheritable":false,"inbound_stock":null,"stock_on_hold":0,"sold_today":0,"sales_last_days":0,"reserved_stock":null,"customer_returns":null,"warehouse_damage":null,"lost_in_post":null,"other_logs":null,"out_stock_days":0,"lost_sales":0,"has_location":null,"update_date":"2026-04-27T07:12:04","atum_locations":[],"atum_stock_status":"instock","restock_status":false,"low_stock_amount":"","sales_update_date":"2025-09-05T00:20:05","calc_backorders":null,"_links":{"self":[{"href":"https:\/\/aromasentia.com\/no\/wp-json\/wp\/v2\/product\/206710","targetHints":{"allow":["GET"]}}],"collection":[{"href":"https:\/\/aromasentia.com\/no\/wp-json\/wp\/v2\/product"}],"about":[{"href":"https:\/\/aromasentia.com\/no\/wp-json\/wp\/v2\/types\/product"}],"replies":[{"embeddable":true,"href":"https:\/\/aromasentia.com\/no\/wp-json\/wp\/v2\/comments?post=206710"}],"version-history":[{"count":0,"href":"https:\/\/aromasentia.com\/no\/wp-json\/wp\/v2\/product\/206710\/revisions"}],"wp:featuredmedia":[{"embeddable":true,"href":"https:\/\/aromasentia.com\/no\/wp-json\/wp\/v2\/media\/292789"}],"wp:attachment":[{"href":"https:\/\/aromasentia.com\/no\/wp-json\/wp\/v2\/media?parent=206710"}],"wp:term":[{"taxonomy":"product_brand","embeddable":true,"href":"https:\/\/aromasentia.com\/no\/wp-json\/wp\/v2\/product_brand?post=206710"},{"taxonomy":"product_cat","embeddable":true,"href":"https:\/\/aromasentia.com\/no\/wp-json\/wp\/v2\/product_cat?post=206710"},{"taxonomy":"product_tag","embeddable":true,"href":"https:\/\/aromasentia.com\/no\/wp-json\/wp\/v2\/product_tag?post=206710"}],"curies":[{"name":"wp","href":"https:\/\/api.w.org\/{rel}","templated":true}]}}