{"id":206694,"date":"2025-03-20T17:33:49","date_gmt":"2025-03-20T17:33:49","guid":{"rendered":"https:\/\/aromasentia.com\/product\/floral-fizz-guava\/"},"modified":"2025-05-31T03:14:48","modified_gmt":"2025-05-31T03:14:48","slug":"floral-fizz-guava","status":"publish","type":"product","link":"https:\/\/aromasentia.com\/no\/floral-fizz-guava\/","title":{"rendered":"Floral Fizz &#8211; Guava"},"content":{"rendered":"<p>Den tropiske, eksotiske, ikke for s\u00f8te, men veldig fruktige duften av Guava Floral Fizz er den ekte varen. Ta deg god tid i vannet, lukk \u00f8ynene i noen minutter og bare slapp av!<\/p>\n<p>Laget med de beste, n\u00f8ye utvalgte ingrediensene, har hver Floral Fizz sin egen unike duft og farge, alle er herlig duftende og overd\u00e5dig dekorert. &nbsp;V\u00e5re badebruser p\u00e5 ca. 200 g er virkelig fantastiske.&nbsp;<\/p>\n<p>Alle trenger litt ekstra pleie noen ganger. Brus opp badet ditt med disse fantastiske Floral Fizzene.<\/p>\n","protected":false},"excerpt":{"rendered":"<p>Den tropiske, eksotiske, ikke for s\u00f8te, men veldig fruktige duften av Guava Floral Fizz er den ekte varen. Ta deg god tid i vannet, lukk \u00f8ynene i noen minutter og bare slapp av! Laget med de beste, n\u00f8ye utvalgte ingrediensene, har hver Floral Fizz sin egen unike duft og farge, alle er herlig duftende og [&hellip;]<\/p>\n","protected":false},"featured_media":293188,"comment_status":"closed","ping_status":"open","template":"","meta":{"_angie_page":false},"product_brand":[],"product_cat":[9413,9418,25843,26848,26567],"product_tag":[],"class_list":{"0":"post-206694","1":"product","2":"type-product","3":"status-publish","4":"has-post-thumbnail","6":"product_cat-bad-spa-og-personlig-pleie","7":"product_cat-badebomber","8":"product_cat-dufter-aromaer","9":"product_cat-fruktig","10":"product_cat-guaava","11":"pa_collection-magnificent-floral-fizzes-no","12":"pa_made-in-storbritannia","14":"first","15":"outofstock","16":"purchasable","17":"product-type-simple"},"supplier_id":null,"supplier_sku":"MFF-10","barcode":null,"atum_controlled":true,"out_stock_date":"2026-04-25 15:16:30","out_stock_threshold":null,"inheritable":false,"inbound_stock":0,"stock_on_hold":0,"sold_today":0,"sales_last_days":0,"reserved_stock":0,"customer_returns":0,"warehouse_damage":0,"lost_in_post":0,"other_logs":0,"out_stock_days":0,"lost_sales":0,"has_location":false,"update_date":"2026-04-27T07:12:26","atum_locations":[],"atum_stock_status":"outofstock","restock_status":false,"low_stock_amount":"","sales_update_date":"2026-01-30T01:25:30","calc_backorders":null,"_links":{"self":[{"href":"https:\/\/aromasentia.com\/no\/wp-json\/wp\/v2\/product\/206694","targetHints":{"allow":["GET"]}}],"collection":[{"href":"https:\/\/aromasentia.com\/no\/wp-json\/wp\/v2\/product"}],"about":[{"href":"https:\/\/aromasentia.com\/no\/wp-json\/wp\/v2\/types\/product"}],"replies":[{"embeddable":true,"href":"https:\/\/aromasentia.com\/no\/wp-json\/wp\/v2\/comments?post=206694"}],"version-history":[{"count":0,"href":"https:\/\/aromasentia.com\/no\/wp-json\/wp\/v2\/product\/206694\/revisions"}],"wp:featuredmedia":[{"embeddable":true,"href":"https:\/\/aromasentia.com\/no\/wp-json\/wp\/v2\/media\/293188"}],"wp:attachment":[{"href":"https:\/\/aromasentia.com\/no\/wp-json\/wp\/v2\/media?parent=206694"}],"wp:term":[{"taxonomy":"product_brand","embeddable":true,"href":"https:\/\/aromasentia.com\/no\/wp-json\/wp\/v2\/product_brand?post=206694"},{"taxonomy":"product_cat","embeddable":true,"href":"https:\/\/aromasentia.com\/no\/wp-json\/wp\/v2\/product_cat?post=206694"},{"taxonomy":"product_tag","embeddable":true,"href":"https:\/\/aromasentia.com\/no\/wp-json\/wp\/v2\/product_tag?post=206694"}],"curies":[{"name":"wp","href":"https:\/\/api.w.org\/{rel}","templated":true}]}}