{"id":206681,"date":"2025-03-20T17:34:46","date_gmt":"2025-03-20T17:34:46","guid":{"rendered":"https:\/\/aromasentia.com\/product\/pebble-shape-mahogany-soap-dish\/"},"modified":"2025-05-31T03:13:58","modified_gmt":"2025-05-31T03:13:58","slug":"sapeskal-i-mahogni-med-rullesteinsform","status":"publish","type":"product","link":"https:\/\/aromasentia.com\/no\/sapeskal-i-mahogni-med-rullesteinsform\/","title":{"rendered":"S\u00e5pesk\u00e5l I Mahogni med Rullesteinsform"},"content":{"rendered":"<p>Vakre, moderne design, sv\u00e6rt godt laget med dreneringsspor og hull. Individuelt strekkodet og god valuta for pengene, spesielt siden disse er laget av mahogni og h\u00e5ndlaget.<\/p>\n","protected":false},"excerpt":{"rendered":"<p>Vakre, moderne design, sv\u00e6rt godt laget med dreneringsspor og hull. Individuelt strekkodet og god valuta for pengene, spesielt siden disse er laget av mahogni og h\u00e5ndlaget.<\/p>\n","protected":false},"featured_media":293410,"comment_status":"closed","ping_status":"open","template":"","meta":[],"product_brand":[],"product_cat":[9413,9439],"product_tag":[],"class_list":{"0":"post-206681","1":"product","2":"type-product","3":"status-publish","4":"has-post-thumbnail","6":"product_cat-bad-spa-og-personlig-pleie","7":"product_cat-okologiske-saper","8":"pa_collection-classic-mahogany-soap-dishes-no","9":"pa_made-in-indonesia","11":"first","12":"instock","13":"purchasable","14":"product-type-simple"},"supplier_id":null,"supplier_sku":"MSD-05","barcode":null,"atum_controlled":true,"out_stock_date":null,"out_stock_threshold":null,"inheritable":false,"inbound_stock":null,"stock_on_hold":0,"sold_today":0,"sales_last_days":0,"reserved_stock":null,"customer_returns":null,"warehouse_damage":null,"lost_in_post":null,"other_logs":null,"out_stock_days":0,"lost_sales":0,"has_location":null,"update_date":"2026-02-10T22:37:19","atum_locations":[],"atum_stock_status":"instock","restock_status":false,"low_stock_amount":"","sales_update_date":"2026-02-06T00:01:28","calc_backorders":null,"_links":{"self":[{"href":"https:\/\/aromasentia.com\/no\/wp-json\/wp\/v2\/product\/206681","targetHints":{"allow":["GET"]}}],"collection":[{"href":"https:\/\/aromasentia.com\/no\/wp-json\/wp\/v2\/product"}],"about":[{"href":"https:\/\/aromasentia.com\/no\/wp-json\/wp\/v2\/types\/product"}],"replies":[{"embeddable":true,"href":"https:\/\/aromasentia.com\/no\/wp-json\/wp\/v2\/comments?post=206681"}],"version-history":[{"count":0,"href":"https:\/\/aromasentia.com\/no\/wp-json\/wp\/v2\/product\/206681\/revisions"}],"wp:featuredmedia":[{"embeddable":true,"href":"https:\/\/aromasentia.com\/no\/wp-json\/wp\/v2\/media\/293410"}],"wp:attachment":[{"href":"https:\/\/aromasentia.com\/no\/wp-json\/wp\/v2\/media?parent=206681"}],"wp:term":[{"taxonomy":"product_brand","embeddable":true,"href":"https:\/\/aromasentia.com\/no\/wp-json\/wp\/v2\/product_brand?post=206681"},{"taxonomy":"product_cat","embeddable":true,"href":"https:\/\/aromasentia.com\/no\/wp-json\/wp\/v2\/product_cat?post=206681"},{"taxonomy":"product_tag","embeddable":true,"href":"https:\/\/aromasentia.com\/no\/wp-json\/wp\/v2\/product_tag?post=206681"}],"curies":[{"name":"wp","href":"https:\/\/api.w.org\/{rel}","templated":true}]}}