{"id":206680,"date":"2025-03-20T17:35:21","date_gmt":"2025-03-20T17:35:21","guid":{"rendered":"https:\/\/aromasentia.com\/product\/massage-soaps-spearmint-eucalyptus\/"},"modified":"2025-05-31T03:13:55","modified_gmt":"2025-05-31T03:13:55","slug":"massasjesaper-spearmint-eucalyptus","status":"publish","type":"product","link":"https:\/\/aromasentia.com\/no\/massasjesaper-spearmint-eucalyptus\/","title":{"rendered":"Massasjes\u00e5per &#8211; Spearmint &#038; Eucalyptus"},"content":{"rendered":"<h2> Revitaliser baderitualet ditt med v\u00e5re engros Spearmint &#038;; Eucalyptus Massasjes\u00e5per <\/h2>\n<p> V\u00e5re engros Spearmint &#038;; Eucalyptus Massasjes\u00e5per er spesielt designet for grossistbestillinger, noe som gj\u00f8r dem til et praktisk valg for spa, velv\u00e6resentre, hoteller og gavebutikker. Disse s\u00e5pene tilbyr en s\u00e6regen og energigivende badeopplevelse, slik at bedrifter kan forbedre sine kunders egenomsorgsritualer.<\/p>\n<p> Forbedre kundenes egenomsorgsrutine med v\u00e5re engros Spearmint &#038;; Eucalyptus Massasjes\u00e5per. Enten du tar sikte p\u00e5 \u00e5 skape en spa-lignende atmosf\u00e6re eller gi et revitaliserende gavealternativ, tilbyr disse allsidige og overb\u00e6rende s\u00e5pene et forfriskende utbrudd av friskhet og foryngelse for \u00e5 heve hvert bad eller dusj.<\/p>\n<p> <\n<\/p>\n","protected":false},"excerpt":{"rendered":"<p>Revitaliser baderitualet ditt med v\u00e5re engros Spearmint &#038;; Eucalyptus Massasjes\u00e5per V\u00e5re engros Spearmint &#038;; Eucalyptus Massasjes\u00e5per er spesielt designet for grossistbestillinger, noe som gj\u00f8r dem til et praktisk valg for spa, velv\u00e6resentre, hoteller og gavebutikker. Disse s\u00e5pene tilbyr en s\u00e6regen og energigivende badeopplevelse, slik at bedrifter kan forbedre sine kunders egenomsorgsritualer. Forbedre kundenes egenomsorgsrutine med [&hellip;]<\/p>\n","protected":false},"featured_media":293667,"comment_status":"closed","ping_status":"open","template":"","meta":[],"product_brand":[],"product_cat":[9413,25843,26179,26394,26869,26876,9439],"product_tag":[],"class_list":{"0":"post-206680","1":"product","2":"type-product","3":"status-publish","4":"has-post-thumbnail","6":"product_cat-bad-spa-og-personlig-pleie","7":"product_cat-dufter-aromaer","8":"product_cat-eukalyptus","9":"product_cat-gronnmynte","10":"product_cat-medisinsk-kamferaktig","11":"product_cat-mynte","12":"product_cat-okologiske-saper","13":"pa_made-in-storbritannia","15":"first","16":"instock","17":"purchasable","18":"product-type-simple"},"supplier_id":null,"supplier_sku":"MSP-01","barcode":null,"atum_controlled":true,"out_stock_date":null,"out_stock_threshold":null,"inheritable":false,"inbound_stock":null,"stock_on_hold":0,"sold_today":0,"sales_last_days":0,"reserved_stock":null,"customer_returns":null,"warehouse_damage":null,"lost_in_post":null,"other_logs":null,"out_stock_days":0,"lost_sales":0,"has_location":null,"update_date":"2026-02-04T10:27:48","atum_locations":[],"atum_stock_status":"instock","restock_status":false,"low_stock_amount":"","sales_update_date":"2025-09-05T00:20:12","calc_backorders":null,"_links":{"self":[{"href":"https:\/\/aromasentia.com\/no\/wp-json\/wp\/v2\/product\/206680","targetHints":{"allow":["GET"]}}],"collection":[{"href":"https:\/\/aromasentia.com\/no\/wp-json\/wp\/v2\/product"}],"about":[{"href":"https:\/\/aromasentia.com\/no\/wp-json\/wp\/v2\/types\/product"}],"replies":[{"embeddable":true,"href":"https:\/\/aromasentia.com\/no\/wp-json\/wp\/v2\/comments?post=206680"}],"version-history":[{"count":0,"href":"https:\/\/aromasentia.com\/no\/wp-json\/wp\/v2\/product\/206680\/revisions"}],"wp:featuredmedia":[{"embeddable":true,"href":"https:\/\/aromasentia.com\/no\/wp-json\/wp\/v2\/media\/293667"}],"wp:attachment":[{"href":"https:\/\/aromasentia.com\/no\/wp-json\/wp\/v2\/media?parent=206680"}],"wp:term":[{"taxonomy":"product_brand","embeddable":true,"href":"https:\/\/aromasentia.com\/no\/wp-json\/wp\/v2\/product_brand?post=206680"},{"taxonomy":"product_cat","embeddable":true,"href":"https:\/\/aromasentia.com\/no\/wp-json\/wp\/v2\/product_cat?post=206680"},{"taxonomy":"product_tag","embeddable":true,"href":"https:\/\/aromasentia.com\/no\/wp-json\/wp\/v2\/product_tag?post=206680"}],"curies":[{"name":"wp","href":"https:\/\/api.w.org\/{rel}","templated":true}]}}