{"id":206679,"date":"2025-03-20T17:35:21","date_gmt":"2025-03-20T17:35:21","guid":{"rendered":"https:\/\/aromasentia.com\/product\/massage-soaps-tea-tree-aloe-vera\/"},"modified":"2025-05-31T03:13:52","modified_gmt":"2025-05-31T03:13:52","slug":"massasjesaper-tea-tree-aloe-vera","status":"publish","type":"product","link":"https:\/\/aromasentia.com\/no\/massasjesaper-tea-tree-aloe-vera\/","title":{"rendered":"Massasjes\u00e5per &#8211; Tea Tree &#038; Aloe Vera"},"content":{"rendered":"<h2>Opplev foryngelse: Engros Tea Tree &amp; Aloe Vera Massasjes\u00e5per <\/h2>\n<p>Innf\u00f8rer v\u00e5re omhyggelig utformede engros Tea Tree &amp; Aloe Vera Massasjes\u00e5per, formulert med f\u00f8rsteklasses ingredienser for \u00e5 gi en overd\u00e5dig og overb\u00e6rende renseopplevelse. Beriket med den forfriskende duften av tea tree og den n\u00e6rende essensen av aloe vera, etterlater disse s\u00e5pene huden din oppfrisket, revitalisert og delikat duftende.<\/p>\n<p>Med et gjennomtenkt design som inneholder en massasjefunksjon, l\u00f8fter disse s\u00e5pene baderitualet ditt. Den strukturerte overflaten p\u00e5 s\u00e5pen gir en sk\u00e5nsom eksfoliering, mens den ergonomiske formen passer perfekt i h\u00e5nden og gir deg en revitaliserende massasjeopplevelse under hvert bad eller dusj. La den harmoniske kombinasjonen av massasje og duft vekke sansene dine og gi deg en forynget f\u00f8lelse.<\/p>\n<p>\n","protected":false},"excerpt":{"rendered":"<p>Opplev foryngelse: Engros Tea Tree &amp; Aloe Vera Massasjes\u00e5per Innf\u00f8rer v\u00e5re omhyggelig utformede engros Tea Tree &amp; Aloe Vera Massasjes\u00e5per, formulert med f\u00f8rsteklasses ingredienser for \u00e5 gi en overd\u00e5dig og overb\u00e6rende renseopplevelse. Beriket med den forfriskende duften av tea tree og den n\u00e6rende essensen av aloe vera, etterlater disse s\u00e5pene huden din oppfrisket, revitalisert og [&hellip;]<\/p>\n","protected":false},"featured_media":293642,"comment_status":"closed","ping_status":"open","template":"","meta":[],"product_brand":[],"product_cat":[26580,9413,25843,26841,26869,9439,26407],"product_tag":[],"class_list":{"0":"post-206679","1":"product","2":"type-product","3":"status-publish","4":"has-post-thumbnail","6":"product_cat-aloe-vera","7":"product_cat-bad-spa-og-personlig-pleie","8":"product_cat-dufter-aromaer","9":"product_cat-frisk-og-ren","10":"product_cat-medisinsk-kamferaktig","11":"product_cat-okologiske-saper","12":"product_cat-tea-tree-tetre","13":"pa_made-in-storbritannia","15":"first","16":"instock","17":"purchasable","18":"product-type-simple"},"supplier_id":null,"supplier_sku":"MSP-02","barcode":null,"atum_controlled":true,"out_stock_date":null,"out_stock_threshold":null,"inheritable":false,"inbound_stock":null,"stock_on_hold":0,"sold_today":0,"sales_last_days":0,"reserved_stock":null,"customer_returns":null,"warehouse_damage":null,"lost_in_post":null,"other_logs":null,"out_stock_days":0,"lost_sales":0,"has_location":null,"update_date":"2026-02-06T08:24:59","atum_locations":[],"atum_stock_status":"instock","restock_status":false,"low_stock_amount":"","sales_update_date":"2025-09-05T00:20:11","calc_backorders":null,"_links":{"self":[{"href":"https:\/\/aromasentia.com\/no\/wp-json\/wp\/v2\/product\/206679","targetHints":{"allow":["GET"]}}],"collection":[{"href":"https:\/\/aromasentia.com\/no\/wp-json\/wp\/v2\/product"}],"about":[{"href":"https:\/\/aromasentia.com\/no\/wp-json\/wp\/v2\/types\/product"}],"replies":[{"embeddable":true,"href":"https:\/\/aromasentia.com\/no\/wp-json\/wp\/v2\/comments?post=206679"}],"version-history":[{"count":0,"href":"https:\/\/aromasentia.com\/no\/wp-json\/wp\/v2\/product\/206679\/revisions"}],"wp:featuredmedia":[{"embeddable":true,"href":"https:\/\/aromasentia.com\/no\/wp-json\/wp\/v2\/media\/293642"}],"wp:attachment":[{"href":"https:\/\/aromasentia.com\/no\/wp-json\/wp\/v2\/media?parent=206679"}],"wp:term":[{"taxonomy":"product_brand","embeddable":true,"href":"https:\/\/aromasentia.com\/no\/wp-json\/wp\/v2\/product_brand?post=206679"},{"taxonomy":"product_cat","embeddable":true,"href":"https:\/\/aromasentia.com\/no\/wp-json\/wp\/v2\/product_cat?post=206679"},{"taxonomy":"product_tag","embeddable":true,"href":"https:\/\/aromasentia.com\/no\/wp-json\/wp\/v2\/product_tag?post=206679"}],"curies":[{"name":"wp","href":"https:\/\/api.w.org\/{rel}","templated":true}]}}