{"id":206678,"date":"2025-03-20T17:35:21","date_gmt":"2025-03-20T17:35:21","guid":{"rendered":"https:\/\/aromasentia.com\/product\/massage-soaps-jasmine-patchouli\/"},"modified":"2025-05-31T03:13:49","modified_gmt":"2025-05-31T03:13:49","slug":"massasjesaper-jasmine-patchouli","status":"publish","type":"product","link":"https:\/\/aromasentia.com\/no\/massasjesaper-jasmine-patchouli\/","title":{"rendered":"Massasjes\u00e5per &#8211; Jasmine &#038; Patchouli"},"content":{"rendered":"<h2> L\u00f8ft tilbudet ditt: Massasjes\u00e5per i engros &#8211; Jasmine &amp; Patchouli <\/h2>\n<p style=\"text-align: justify;\">Presenterer v\u00e5re omhyggelig utformede massasjes\u00e5per i engros Jasmine &amp; Patchouli, formulert med ingredienser av f\u00f8rsteklasses kvalitet for \u00e5 gi en n\u00e6rende og overb\u00e6rende renseopplevelse. Disse s\u00e5pene er fylt med den fengslende duften av jasmin og de dype, jordn\u00e6re tonene av patchouli, og etterlater huden din oppfrisket, revitalisert og delikat duftende.<\/p>\n<p style=\"text-align: justify;\">Med et gjennomtenkt design som inkluderer en massasjefunksjon, l\u00f8fter disse s\u00e5pene baderitualet ditt. S\u00e5pens strukturerte overflate gir en sk\u00e5nsom eksfoliering, mens den ergonomiske formen passer perfekt i h\u00e5nden og gir en foryngende massasjeopplevelse under hvert bad eller dusj. La den harmoniske blandingen av massasje og duft transportere deg til en tilstand av ro og avslapping.<\/p>\n<p>\n","protected":false},"excerpt":{"rendered":"<p>L\u00f8ft tilbudet ditt: Massasjes\u00e5per i engros &#8211; Jasmine &amp; Patchouli Presenterer v\u00e5re omhyggelig utformede massasjes\u00e5per i engros Jasmine &amp; Patchouli, formulert med ingredienser av f\u00f8rsteklasses kvalitet for \u00e5 gi en n\u00e6rende og overb\u00e6rende renseopplevelse. Disse s\u00e5pene er fylt med den fengslende duften av jasmin og de dype, jordn\u00e6re tonene av patchouli, og etterlater huden din [&hellip;]<\/p>\n","protected":false},"featured_media":293617,"comment_status":"closed","ping_status":"open","template":"","meta":[],"product_brand":[],"product_cat":[9413,26834,25843,26222,26827,9439,26335],"product_tag":[],"class_list":{"0":"post-206678","1":"product","2":"type-product","3":"status-publish","4":"has-post-thumbnail","6":"product_cat-bad-spa-og-personlig-pleie","7":"product_cat-blomster","8":"product_cat-dufter-aromaer","9":"product_cat-jasmin","10":"product_cat-jordlig-gronn","11":"product_cat-okologiske-saper","12":"product_cat-patchouli","13":"pa_made-in-storbritannia","15":"first","16":"instock","17":"purchasable","18":"product-type-simple"},"supplier_id":null,"supplier_sku":"MSP-03","barcode":null,"atum_controlled":true,"out_stock_date":null,"out_stock_threshold":null,"inheritable":false,"inbound_stock":null,"stock_on_hold":0,"sold_today":0,"sales_last_days":0,"reserved_stock":null,"customer_returns":null,"warehouse_damage":null,"lost_in_post":null,"other_logs":null,"out_stock_days":0,"lost_sales":0,"has_location":null,"update_date":"2026-02-04T10:28:50","atum_locations":[],"atum_stock_status":"instock","restock_status":false,"low_stock_amount":"","sales_update_date":"2025-09-05T00:20:11","calc_backorders":null,"_links":{"self":[{"href":"https:\/\/aromasentia.com\/no\/wp-json\/wp\/v2\/product\/206678","targetHints":{"allow":["GET"]}}],"collection":[{"href":"https:\/\/aromasentia.com\/no\/wp-json\/wp\/v2\/product"}],"about":[{"href":"https:\/\/aromasentia.com\/no\/wp-json\/wp\/v2\/types\/product"}],"replies":[{"embeddable":true,"href":"https:\/\/aromasentia.com\/no\/wp-json\/wp\/v2\/comments?post=206678"}],"version-history":[{"count":0,"href":"https:\/\/aromasentia.com\/no\/wp-json\/wp\/v2\/product\/206678\/revisions"}],"wp:featuredmedia":[{"embeddable":true,"href":"https:\/\/aromasentia.com\/no\/wp-json\/wp\/v2\/media\/293617"}],"wp:attachment":[{"href":"https:\/\/aromasentia.com\/no\/wp-json\/wp\/v2\/media?parent=206678"}],"wp:term":[{"taxonomy":"product_brand","embeddable":true,"href":"https:\/\/aromasentia.com\/no\/wp-json\/wp\/v2\/product_brand?post=206678"},{"taxonomy":"product_cat","embeddable":true,"href":"https:\/\/aromasentia.com\/no\/wp-json\/wp\/v2\/product_cat?post=206678"},{"taxonomy":"product_tag","embeddable":true,"href":"https:\/\/aromasentia.com\/no\/wp-json\/wp\/v2\/product_tag?post=206678"}],"curies":[{"name":"wp","href":"https:\/\/api.w.org\/{rel}","templated":true}]}}