{"id":206676,"date":"2025-03-20T17:35:21","date_gmt":"2025-03-20T17:35:21","guid":{"rendered":"https:\/\/aromasentia.com\/product\/massage-soaps-lavender-lilac\/"},"modified":"2025-05-31T03:13:43","modified_gmt":"2025-05-31T03:13:43","slug":"massasjesaper-lavendel-syrin","status":"publish","type":"product","link":"https:\/\/aromasentia.com\/no\/massasjesaper-lavendel-syrin\/","title":{"rendered":"Massasjes\u00e5per &#8211; Lavendel &#038; Syrin"},"content":{"rendered":"<h2>Oppdag roen: Engros massasjes\u00e5per &#8211; lavendel og syrin <\/h2>\n<p>Innf\u00f8rer v\u00e5re engros lavendel- og syrinmassasjes\u00e5per, omhyggelig laget med f\u00f8rsteklasses ingredienser for \u00e5 gi en overd\u00e5dig og forfriskende renseopplevelse. Beriket med den beroligende aromaen av lavendel og de delikate blomsternotene av syrin, etterlater disse s\u00e5pene huden din fornyet, revitalisert og subtilt duftende.<\/p>\n<p>Inneholder en massasjefunksjon, disse s\u00e5pene l\u00f8fter baderutinen din. Den teksturerte overflaten p\u00e5 s\u00e5pen eksfolierer huden sk\u00e5nsomt, mens den ergonomiske formen passer s\u00f8ml\u00f8st i h\u00e5nden din og skaper en rolig massasjeopplevelse under hvert bad eller dusj. La den harmoniske blandingen av massasje og duft transportere deg til en tilstand av ro og avslappethet.<\/p>\n<p>\n","protected":false},"excerpt":{"rendered":"<p>Oppdag roen: Engros massasjes\u00e5per &#8211; lavendel og syrin Innf\u00f8rer v\u00e5re engros lavendel- og syrinmassasjes\u00e5per, omhyggelig laget med f\u00f8rsteklasses ingredienser for \u00e5 gi en overd\u00e5dig og forfriskende renseopplevelse. Beriket med den beroligende aromaen av lavendel og de delikate blomsternotene av syrin, etterlater disse s\u00e5pene huden din fornyet, revitalisert og subtilt duftende. Inneholder en massasjefunksjon, disse s\u00e5pene [&hellip;]<\/p>\n","protected":false},"featured_media":293559,"comment_status":"closed","ping_status":"open","template":"","meta":[],"product_brand":[],"product_cat":[9413,26834,25843,26232,9439],"product_tag":[],"class_list":{"0":"post-206676","1":"product","2":"type-product","3":"status-publish","4":"has-post-thumbnail","6":"product_cat-bad-spa-og-personlig-pleie","7":"product_cat-blomster","8":"product_cat-dufter-aromaer","9":"product_cat-lavendel","10":"product_cat-okologiske-saper","11":"pa_made-in-storbritannia","13":"first","14":"instock","15":"purchasable","16":"product-type-simple"},"supplier_id":null,"supplier_sku":"MSP-05","barcode":null,"atum_controlled":true,"out_stock_date":null,"out_stock_threshold":null,"inheritable":false,"inbound_stock":null,"stock_on_hold":0,"sold_today":0,"sales_last_days":0,"reserved_stock":null,"customer_returns":null,"warehouse_damage":null,"lost_in_post":null,"other_logs":null,"out_stock_days":0,"lost_sales":0,"has_location":null,"update_date":"2026-01-30T01:24:28","atum_locations":[],"atum_stock_status":"instock","restock_status":false,"low_stock_amount":"","sales_update_date":"2026-01-30T01:24:28","calc_backorders":null,"_links":{"self":[{"href":"https:\/\/aromasentia.com\/no\/wp-json\/wp\/v2\/product\/206676","targetHints":{"allow":["GET"]}}],"collection":[{"href":"https:\/\/aromasentia.com\/no\/wp-json\/wp\/v2\/product"}],"about":[{"href":"https:\/\/aromasentia.com\/no\/wp-json\/wp\/v2\/types\/product"}],"replies":[{"embeddable":true,"href":"https:\/\/aromasentia.com\/no\/wp-json\/wp\/v2\/comments?post=206676"}],"version-history":[{"count":0,"href":"https:\/\/aromasentia.com\/no\/wp-json\/wp\/v2\/product\/206676\/revisions"}],"wp:featuredmedia":[{"embeddable":true,"href":"https:\/\/aromasentia.com\/no\/wp-json\/wp\/v2\/media\/293559"}],"wp:attachment":[{"href":"https:\/\/aromasentia.com\/no\/wp-json\/wp\/v2\/media?parent=206676"}],"wp:term":[{"taxonomy":"product_brand","embeddable":true,"href":"https:\/\/aromasentia.com\/no\/wp-json\/wp\/v2\/product_brand?post=206676"},{"taxonomy":"product_cat","embeddable":true,"href":"https:\/\/aromasentia.com\/no\/wp-json\/wp\/v2\/product_cat?post=206676"},{"taxonomy":"product_tag","embeddable":true,"href":"https:\/\/aromasentia.com\/no\/wp-json\/wp\/v2\/product_tag?post=206676"}],"curies":[{"name":"wp","href":"https:\/\/api.w.org\/{rel}","templated":true}]}}