{"id":206675,"date":"2025-03-20T17:35:54","date_gmt":"2025-03-20T17:35:54","guid":{"rendered":"https:\/\/aromasentia.com\/product\/boxed-single-massage-soaps-tea-tree-aloe-vera\/"},"modified":"2025-05-31T03:13:38","modified_gmt":"2025-05-31T03:13:38","slug":"massasjesaper-i-eske-boks-tea-tree-aloe-vera","status":"publish","type":"product","link":"https:\/\/aromasentia.com\/no\/massasjesaper-i-eske-boks-tea-tree-aloe-vera\/","title":{"rendered":"Massasjes\u00e5per I Eske \/ Boks &#8211; Tea Tree &#038; Aloe Vera"},"content":{"rendered":"<h2> Skap en rolig spa-atmosf\u00e6re med v\u00e5re massasjes\u00e5per i eske &#8211; Tea Tree &amp; Aloe Vera <\/h2>\n<p>Laget med st\u00f8rste forsiktighet ved bruk av ingredienser av f\u00f8rsteklasses kvalitet, tilbyr v\u00e5re massasjes\u00e5per i eske &#8211; Tea Tree &amp; Aloe Vera en luksuri\u00f8s og forfriskende renseopplevelse. Fordyp deg i den revitaliserende duften av tea tree og den beroligende essensen av aloe vera, slik at huden din f\u00f8les oppfrisket, n\u00e6ret og delikat duftende.<\/p>\n<p>Designet for \u00e5 forbedre baderitualet ditt, har hver s\u00e5pe en unik massasjefunksjon. Den teksturerte overflaten p\u00e5 s\u00e5pen eksfolierer forsiktig, mens den ergonomiske formen passer perfekt i h\u00e5nden din, noe som gir en revitaliserende massasjeopplevelse under hvert bad eller dusj. Nyt de terapeutiske fordelene ved tea trees og de beroligende egenskapene til aloe vera mens du skjemmer bort kropp og sinn.<\/p>\n<p>\n","protected":false},"excerpt":{"rendered":"<p>Skap en rolig spa-atmosf\u00e6re med v\u00e5re massasjes\u00e5per i eske &#8211; Tea Tree &amp; Aloe Vera Laget med st\u00f8rste forsiktighet ved bruk av ingredienser av f\u00f8rsteklasses kvalitet, tilbyr v\u00e5re massasjes\u00e5per i eske &#8211; Tea Tree &amp; Aloe Vera en luksuri\u00f8s og forfriskende renseopplevelse. Fordyp deg i den revitaliserende duften av tea tree og den beroligende essensen [&hellip;]<\/p>\n","protected":false},"featured_media":293776,"comment_status":"closed","ping_status":"open","template":"","meta":{"_angie_page":false},"product_brand":[],"product_cat":[26580,9413,25843,26841,26869,9439,26407],"product_tag":[],"class_list":{"0":"post-206675","1":"product","2":"type-product","3":"status-publish","4":"has-post-thumbnail","6":"product_cat-aloe-vera","7":"product_cat-bad-spa-og-personlig-pleie","8":"product_cat-dufter-aromaer","9":"product_cat-frisk-og-ren","10":"product_cat-medisinsk-kamferaktig","11":"product_cat-okologiske-saper","12":"product_cat-tea-tree-tetre","13":"pa_collection-boxed-single-massage-soaps-no","14":"pa_made-in-storbritannia","16":"first","17":"instock","18":"purchasable","19":"product-type-simple"},"supplier_id":null,"supplier_sku":"MSPS-02","barcode":null,"atum_controlled":true,"out_stock_date":null,"out_stock_threshold":null,"inheritable":false,"inbound_stock":null,"stock_on_hold":0,"sold_today":0,"sales_last_days":0,"reserved_stock":null,"customer_returns":null,"warehouse_damage":null,"lost_in_post":null,"other_logs":null,"out_stock_days":0,"lost_sales":0,"has_location":null,"update_date":"2026-04-27T07:14:23","atum_locations":[],"atum_stock_status":"instock","restock_status":false,"low_stock_amount":"","sales_update_date":"2026-02-06T00:01:52","calc_backorders":null,"_links":{"self":[{"href":"https:\/\/aromasentia.com\/no\/wp-json\/wp\/v2\/product\/206675","targetHints":{"allow":["GET"]}}],"collection":[{"href":"https:\/\/aromasentia.com\/no\/wp-json\/wp\/v2\/product"}],"about":[{"href":"https:\/\/aromasentia.com\/no\/wp-json\/wp\/v2\/types\/product"}],"replies":[{"embeddable":true,"href":"https:\/\/aromasentia.com\/no\/wp-json\/wp\/v2\/comments?post=206675"}],"version-history":[{"count":0,"href":"https:\/\/aromasentia.com\/no\/wp-json\/wp\/v2\/product\/206675\/revisions"}],"wp:featuredmedia":[{"embeddable":true,"href":"https:\/\/aromasentia.com\/no\/wp-json\/wp\/v2\/media\/293776"}],"wp:attachment":[{"href":"https:\/\/aromasentia.com\/no\/wp-json\/wp\/v2\/media?parent=206675"}],"wp:term":[{"taxonomy":"product_brand","embeddable":true,"href":"https:\/\/aromasentia.com\/no\/wp-json\/wp\/v2\/product_brand?post=206675"},{"taxonomy":"product_cat","embeddable":true,"href":"https:\/\/aromasentia.com\/no\/wp-json\/wp\/v2\/product_cat?post=206675"},{"taxonomy":"product_tag","embeddable":true,"href":"https:\/\/aromasentia.com\/no\/wp-json\/wp\/v2\/product_tag?post=206675"}],"curies":[{"name":"wp","href":"https:\/\/api.w.org\/{rel}","templated":true}]}}