{"id":206674,"date":"2025-03-20T17:35:54","date_gmt":"2025-03-20T17:35:54","guid":{"rendered":"https:\/\/aromasentia.com\/product\/boxed-single-massage-soaps-jasmine-patchouli\/"},"modified":"2025-05-31T03:13:33","modified_gmt":"2025-05-31T03:13:33","slug":"massasjesaper-i-eske-boks-jasmine-patchouli","status":"publish","type":"product","link":"https:\/\/aromasentia.com\/no\/massasjesaper-i-eske-boks-jasmine-patchouli\/","title":{"rendered":"Massasjes\u00e5per I Eske \/ Boks &#8211; Jasmine &#038; Patchouli"},"content":{"rendered":"<h2> Forbedre baderitualet ditt: Engros Boxed Single Massage Soaps &#8211; Jasmine &amp; Patchouli <\/h2>\n<p> Opplev innbegrepet av luksus med v\u00e5re engros Boxed Single Massage Soaps &#8211; Jasmine &amp; Patchouli, det perfekte valget for engros-kj\u00f8p. Hver s\u00e5pe er omtenksomt pakket i en individuell eske, noe som gj\u00f8r det enkelt \u00e5 vise og presentere for dine verdsatte kunder. Disse massasjes\u00e5pene er et eksepsjonelt alternativ for spa, velv\u00e6resentre, boutiquehoteller og gavebutikker som \u00f8nsker \u00e5 gi en s\u00e6regen og overb\u00e6rende badeopplevelse.<\/p>\n<p> <strong> L\u00f8ft kundene dine&#038;# 39; egenomsorgsritualer med v\u00e5re engros Boxed Single Massage Soaps &#8211; Jasmine &amp; Patchouli <\/strong>. Enten du \u00f8nsker \u00e5 skape en rolig spa-lignende atmosf\u00e6re eller \u00f8nsker et spesielt gaveutvalg, tilbyr disse massasjes\u00e5pene et allsidig og overd\u00e5dig valg som gir avslapning og ro i hvert bad eller dusj.<\/p><\/p>\n","protected":false},"excerpt":{"rendered":"<p>Forbedre baderitualet ditt: Engros Boxed Single Massage Soaps &#8211; Jasmine &amp; Patchouli Opplev innbegrepet av luksus med v\u00e5re engros Boxed Single Massage Soaps &#8211; Jasmine &amp; Patchouli, det perfekte valget for engros-kj\u00f8p. Hver s\u00e5pe er omtenksomt pakket i en individuell eske, noe som gj\u00f8r det enkelt \u00e5 vise og presentere for dine verdsatte kunder. Disse [&hellip;]<\/p>\n","protected":false},"featured_media":293759,"comment_status":"closed","ping_status":"open","template":"","meta":{"_angie_page":false},"product_brand":[],"product_cat":[9413,26834,25843,26222,26827,9439,26335],"product_tag":[],"class_list":{"0":"post-206674","1":"product","2":"type-product","3":"status-publish","4":"has-post-thumbnail","6":"product_cat-bad-spa-og-personlig-pleie","7":"product_cat-blomster","8":"product_cat-dufter-aromaer","9":"product_cat-jasmin","10":"product_cat-jordlig-gronn","11":"product_cat-okologiske-saper","12":"product_cat-patchouli","13":"pa_collection-boxed-single-massage-soaps-no","14":"pa_made-in-storbritannia","16":"first","17":"instock","18":"purchasable","19":"product-type-simple"},"supplier_id":null,"supplier_sku":"MSPS-03","barcode":null,"atum_controlled":true,"out_stock_date":null,"out_stock_threshold":null,"inheritable":false,"inbound_stock":null,"stock_on_hold":0,"sold_today":0,"sales_last_days":0,"reserved_stock":null,"customer_returns":null,"warehouse_damage":null,"lost_in_post":null,"other_logs":null,"out_stock_days":0,"lost_sales":0,"has_location":null,"update_date":"2026-04-27T07:14:23","atum_locations":[],"atum_stock_status":"instock","restock_status":false,"low_stock_amount":"","sales_update_date":"2026-02-06T00:02:06","calc_backorders":null,"_links":{"self":[{"href":"https:\/\/aromasentia.com\/no\/wp-json\/wp\/v2\/product\/206674","targetHints":{"allow":["GET"]}}],"collection":[{"href":"https:\/\/aromasentia.com\/no\/wp-json\/wp\/v2\/product"}],"about":[{"href":"https:\/\/aromasentia.com\/no\/wp-json\/wp\/v2\/types\/product"}],"replies":[{"embeddable":true,"href":"https:\/\/aromasentia.com\/no\/wp-json\/wp\/v2\/comments?post=206674"}],"version-history":[{"count":0,"href":"https:\/\/aromasentia.com\/no\/wp-json\/wp\/v2\/product\/206674\/revisions"}],"wp:featuredmedia":[{"embeddable":true,"href":"https:\/\/aromasentia.com\/no\/wp-json\/wp\/v2\/media\/293759"}],"wp:attachment":[{"href":"https:\/\/aromasentia.com\/no\/wp-json\/wp\/v2\/media?parent=206674"}],"wp:term":[{"taxonomy":"product_brand","embeddable":true,"href":"https:\/\/aromasentia.com\/no\/wp-json\/wp\/v2\/product_brand?post=206674"},{"taxonomy":"product_cat","embeddable":true,"href":"https:\/\/aromasentia.com\/no\/wp-json\/wp\/v2\/product_cat?post=206674"},{"taxonomy":"product_tag","embeddable":true,"href":"https:\/\/aromasentia.com\/no\/wp-json\/wp\/v2\/product_tag?post=206674"}],"curies":[{"name":"wp","href":"https:\/\/api.w.org\/{rel}","templated":true}]}}