{"id":206673,"date":"2025-03-20T17:35:54","date_gmt":"2025-03-20T17:35:54","guid":{"rendered":"https:\/\/aromasentia.com\/product\/boxed-single-massage-soaps-peach-lemon\/"},"modified":"2025-05-31T03:13:30","modified_gmt":"2025-05-31T03:13:30","slug":"massasjesaper-i-eske-boks-fersken-og-sitron","status":"publish","type":"product","link":"https:\/\/aromasentia.com\/no\/massasjesaper-i-eske-boks-fersken-og-sitron\/","title":{"rendered":"Massasjes\u00e5per I Eske \/ Boks &#8211; Fersken Og Sitron"},"content":{"rendered":"<h2> Oppdag den energigivende fusjonen av fersken og sitroner i v\u00e5re massasjes\u00e5per i engros <\/h2>\n<p>Innf\u00f8ring av v\u00e5re massasjes\u00e5per i esker &#8211; fersken og sitron, den perfekte l\u00f8sningen for grossistkj\u00f8p. Hver s\u00e5pe er omtenksomt pakket i individuelle esker, noe som viser sin eleganse og bekvemmelighet for dine anerkjente kunder. De er et utmerket valg for spa, velv\u00e6resentre, boutiquehoteller og gavebutikker som \u00f8nsker \u00e5 gi en s\u00e6regen og overb\u00e6rende badeopplevelse.<\/p>\n<p> Enten du tar sikte p\u00e5 \u00e5 skape en revitaliserende spa-lignende atmosf\u00e6re eller tilby et unikt gavealternativ, tilbyr disse massasjes\u00e5pene et allsidig og forfriskende valg som gir et utbrudd av energi og foryngelse til hvert bad eller dusj.<\/p>\n<p> <strong>Forbedre kundenes egenomsorgsritualer med massasjes\u00e5per i engrosemballasje &#8211; fersken og sitron <\/strong> <\/strong>.<\/p>\n","protected":false},"excerpt":{"rendered":"<p>Oppdag den energigivende fusjonen av fersken og sitroner i v\u00e5re massasjes\u00e5per i engros Innf\u00f8ring av v\u00e5re massasjes\u00e5per i esker &#8211; fersken og sitron, den perfekte l\u00f8sningen for grossistkj\u00f8p. Hver s\u00e5pe er omtenksomt pakket i individuelle esker, noe som viser sin eleganse og bekvemmelighet for dine anerkjente kunder. De er et utmerket valg for spa, velv\u00e6resentre, [&hellip;]<\/p>\n","protected":false},"featured_media":293742,"comment_status":"closed","ping_status":"open","template":"","meta":{"_angie_page":false},"product_brand":[],"product_cat":[9413,25843,9439,26239,26820],"product_tag":[],"class_list":{"0":"post-206673","1":"product","2":"type-product","3":"status-publish","4":"has-post-thumbnail","6":"product_cat-bad-spa-og-personlig-pleie","7":"product_cat-dufter-aromaer","8":"product_cat-okologiske-saper","9":"product_cat-sitron","10":"product_cat-sitrus","11":"pa_collection-boxed-single-massage-soaps-no","12":"pa_made-in-storbritannia","14":"first","15":"instock","16":"purchasable","17":"product-type-simple"},"supplier_id":null,"supplier_sku":"MSPS-04","barcode":null,"atum_controlled":true,"out_stock_date":null,"out_stock_threshold":null,"inheritable":false,"inbound_stock":null,"stock_on_hold":0,"sold_today":0,"sales_last_days":0,"reserved_stock":null,"customer_returns":null,"warehouse_damage":null,"lost_in_post":null,"other_logs":null,"out_stock_days":0,"lost_sales":0,"has_location":null,"update_date":"2026-04-27T07:14:23","atum_locations":[],"atum_stock_status":"instock","restock_status":false,"low_stock_amount":"","sales_update_date":"2026-02-06T00:02:02","calc_backorders":null,"_links":{"self":[{"href":"https:\/\/aromasentia.com\/no\/wp-json\/wp\/v2\/product\/206673","targetHints":{"allow":["GET"]}}],"collection":[{"href":"https:\/\/aromasentia.com\/no\/wp-json\/wp\/v2\/product"}],"about":[{"href":"https:\/\/aromasentia.com\/no\/wp-json\/wp\/v2\/types\/product"}],"replies":[{"embeddable":true,"href":"https:\/\/aromasentia.com\/no\/wp-json\/wp\/v2\/comments?post=206673"}],"version-history":[{"count":0,"href":"https:\/\/aromasentia.com\/no\/wp-json\/wp\/v2\/product\/206673\/revisions"}],"wp:featuredmedia":[{"embeddable":true,"href":"https:\/\/aromasentia.com\/no\/wp-json\/wp\/v2\/media\/293742"}],"wp:attachment":[{"href":"https:\/\/aromasentia.com\/no\/wp-json\/wp\/v2\/media?parent=206673"}],"wp:term":[{"taxonomy":"product_brand","embeddable":true,"href":"https:\/\/aromasentia.com\/no\/wp-json\/wp\/v2\/product_brand?post=206673"},{"taxonomy":"product_cat","embeddable":true,"href":"https:\/\/aromasentia.com\/no\/wp-json\/wp\/v2\/product_cat?post=206673"},{"taxonomy":"product_tag","embeddable":true,"href":"https:\/\/aromasentia.com\/no\/wp-json\/wp\/v2\/product_tag?post=206673"}],"curies":[{"name":"wp","href":"https:\/\/api.w.org\/{rel}","templated":true}]}}