{"id":206672,"date":"2025-03-20T17:35:54","date_gmt":"2025-03-20T17:35:54","guid":{"rendered":"https:\/\/aromasentia.com\/product\/boxed-single-massage-soaps-lavender-lilac\/"},"modified":"2025-05-31T03:13:27","modified_gmt":"2025-05-31T03:13:27","slug":"massasjesaper-i-eske-boks-lavendel-syrin","status":"publish","type":"product","link":"https:\/\/aromasentia.com\/no\/massasjesaper-i-eske-boks-lavendel-syrin\/","title":{"rendered":"Massasjes\u00e5per I Eske \/ Boks &#8211; Lavendel &#038; Syrin"},"content":{"rendered":"<h2>Luksus: Massasjes\u00e5per i engros &#8211; lavendel og syrin <\/h2>\n<p>Innf\u00f8rer v\u00e5re massasjes\u00e5per i esker &#8211; lavendel og syrin, det perfekte tilskuddet for grossistkj\u00f8p. Hver s\u00e5pe er pakket i individuelle esker, noe som gj\u00f8r det enkelt \u00e5 vise og presentere dem for dine kresne kunder. De er et eksepsjonelt valg for spa, velv\u00e6resentre, hoteller og gavebutikker som \u00f8nsker \u00e5 tilby en s\u00e6regen og overb\u00e6rende badeopplevelse.<\/p>\n<p> Enten du lager en rolig spa-atmosf\u00e6re eller s\u00f8ker et gjennomtenkt gavealternativ, gir disse massasjes\u00e5pene et allsidig og overd\u00e5dig valg som tilf\u00f8rer avslapning og ro i hvert bad eller dusj.<\/p>\n<\/p>\n<p> <strong>Forbedre kundenes egenomsorgsritualer med engros Boxed Single Massage Soaps &#8211; Lavender &#038; Lilac.<\/strong> <\/p>\n<\/p>\n<p>\n","protected":false},"excerpt":{"rendered":"<p>Luksus: Massasjes\u00e5per i engros &#8211; lavendel og syrin Innf\u00f8rer v\u00e5re massasjes\u00e5per i esker &#8211; lavendel og syrin, det perfekte tilskuddet for grossistkj\u00f8p. Hver s\u00e5pe er pakket i individuelle esker, noe som gj\u00f8r det enkelt \u00e5 vise og presentere dem for dine kresne kunder. De er et eksepsjonelt valg for spa, velv\u00e6resentre, hoteller og gavebutikker som [&hellip;]<\/p>\n","protected":false},"featured_media":293725,"comment_status":"closed","ping_status":"open","template":"","meta":[],"product_brand":[],"product_cat":[9413,26834,25843,26232,9439],"product_tag":[],"class_list":{"0":"post-206672","1":"product","2":"type-product","3":"status-publish","4":"has-post-thumbnail","6":"product_cat-bad-spa-og-personlig-pleie","7":"product_cat-blomster","8":"product_cat-dufter-aromaer","9":"product_cat-lavendel","10":"product_cat-okologiske-saper","11":"pa_collection-boxed-single-massage-soaps-no","12":"pa_made-in-storbritannia","14":"first","15":"instock","16":"purchasable","17":"product-type-simple"},"supplier_id":null,"supplier_sku":"MSPS-05","barcode":null,"atum_controlled":true,"out_stock_date":null,"out_stock_threshold":null,"inheritable":false,"inbound_stock":null,"stock_on_hold":0,"sold_today":0,"sales_last_days":0,"reserved_stock":null,"customer_returns":null,"warehouse_damage":null,"lost_in_post":null,"other_logs":null,"out_stock_days":0,"lost_sales":0,"has_location":null,"update_date":"2026-02-10T03:20:59","atum_locations":[],"atum_stock_status":"instock","restock_status":false,"low_stock_amount":"","sales_update_date":"2025-09-05T00:20:12","calc_backorders":null,"_links":{"self":[{"href":"https:\/\/aromasentia.com\/no\/wp-json\/wp\/v2\/product\/206672","targetHints":{"allow":["GET"]}}],"collection":[{"href":"https:\/\/aromasentia.com\/no\/wp-json\/wp\/v2\/product"}],"about":[{"href":"https:\/\/aromasentia.com\/no\/wp-json\/wp\/v2\/types\/product"}],"replies":[{"embeddable":true,"href":"https:\/\/aromasentia.com\/no\/wp-json\/wp\/v2\/comments?post=206672"}],"version-history":[{"count":0,"href":"https:\/\/aromasentia.com\/no\/wp-json\/wp\/v2\/product\/206672\/revisions"}],"wp:featuredmedia":[{"embeddable":true,"href":"https:\/\/aromasentia.com\/no\/wp-json\/wp\/v2\/media\/293725"}],"wp:attachment":[{"href":"https:\/\/aromasentia.com\/no\/wp-json\/wp\/v2\/media?parent=206672"}],"wp:term":[{"taxonomy":"product_brand","embeddable":true,"href":"https:\/\/aromasentia.com\/no\/wp-json\/wp\/v2\/product_brand?post=206672"},{"taxonomy":"product_cat","embeddable":true,"href":"https:\/\/aromasentia.com\/no\/wp-json\/wp\/v2\/product_cat?post=206672"},{"taxonomy":"product_tag","embeddable":true,"href":"https:\/\/aromasentia.com\/no\/wp-json\/wp\/v2\/product_tag?post=206672"}],"curies":[{"name":"wp","href":"https:\/\/api.w.org\/{rel}","templated":true}]}}