{"id":206643,"date":"2025-03-20T17:37:28","date_gmt":"2025-03-20T17:37:28","guid":{"rendered":"https:\/\/aromasentia.com\/product\/natural-coconut-soap-dispencer-150ml\/"},"modified":"2025-05-31T03:11:30","modified_gmt":"2025-05-31T03:11:30","slug":"dispenser-for-naturlig-kokosnottsape-150ml","status":"publish","type":"product","link":"https:\/\/aromasentia.com\/no\/dispenser-for-naturlig-kokosnottsape-150ml\/","title":{"rendered":"Dispenser For Naturlig Kokosn\u00f8tts\u00e5pe &#8211; 150ml"},"content":{"rendered":"<p>Bring den naturlige f\u00f8lelsen til kundens hjem med denne vakre <strong>Kokosn\u00f8tt s\u00e5pedispenseren.<\/strong> De er laget av kokosn\u00f8ttskall som vil vare i lang tid, selv n\u00e5r de utsettes for fuktige forhold, for eksempel p\u00e5 badet. Denne s\u00e5pedispenseren har en solid pumpe. De er laget av et kokosn\u00f8ttskall, naturlig flettet tau. Denne gjenbrukbare s\u00e5pedispenseren har en kapasitet p\u00e5 150 ml. Pumpen og flasken som inneholder flytende s\u00e5per er laget av plast.<\/p>\n<p>Laget i hjertet av Java-landsbyene, <strong>&nbsp;Engros kokosn\u00f8tt s\u00e5pedispenser<\/strong> vil v\u00e6re en nydelig gave til alle som elsker milj\u00f8vennlige, naturlige (og h\u00e5ndlagde) produkter. Du vil kanskje ogs\u00e5 like <a class=\"fr-gr\u00f8nn\" href=\"https:\/\/aromasentia.com\/wholesale-coconut-leaf-fruit-bowl-set\"><strong>Kokosn\u00f8ttbladsk\u00e5lsett.<\/strong><\/a><\/p>\n<p>P\u00e5 grunn av den h\u00e5ndlagde naturen til disse produktene, vil hvert produkt ha forskjellig m\u00f8nster eller farge. Milj\u00f8vennlig &#8211; Vegansk &#8211; En flott milj\u00f8gave &#8211;&nbsp;<\/p>\n<\/p>\n<p><strong>Bestill n\u00e5 og gi kundene dine s\u00e5pedispensere i en bedre klasse.<\/strong><\/p>\n","protected":false},"excerpt":{"rendered":"<p>Bring den naturlige f\u00f8lelsen til kundens hjem med denne vakre Kokosn\u00f8tt s\u00e5pedispenseren. De er laget av kokosn\u00f8ttskall som vil vare i lang tid, selv n\u00e5r de utsettes for fuktige forhold, for eksempel p\u00e5 badet. Denne s\u00e5pedispenseren har en solid pumpe. De er laget av et kokosn\u00f8ttskall, naturlig flettet tau. Denne gjenbrukbare s\u00e5pedispenseren har en kapasitet [&hellip;]<\/p>\n","protected":false},"featured_media":294332,"comment_status":"closed","ping_status":"open","template":"","meta":{"_angie_page":false},"product_brand":[],"product_cat":[9413,9425],"product_tag":[],"class_list":{"0":"post-206643","1":"product","2":"type-product","3":"status-publish","4":"has-post-thumbnail","6":"product_cat-bad-spa-og-personlig-pleie","7":"product_cat-sapeskaler-og-sapedispensere","8":"pa_collection-natural-teakwood-soap-dispensers-no","9":"pa_made-in-indonesia","10":"pa_size-150ml","12":"first","13":"instock","14":"purchasable","15":"product-type-simple"},"supplier_id":null,"supplier_sku":"NSD-01","barcode":null,"atum_controlled":true,"out_stock_date":null,"out_stock_threshold":null,"inheritable":false,"inbound_stock":null,"stock_on_hold":0,"sold_today":0,"sales_last_days":0,"reserved_stock":null,"customer_returns":null,"warehouse_damage":null,"lost_in_post":null,"other_logs":null,"out_stock_days":0,"lost_sales":0,"has_location":null,"update_date":"2026-05-11T01:56:48","atum_locations":[],"atum_stock_status":"instock","restock_status":false,"low_stock_amount":"","sales_update_date":"2026-01-30T01:25:37","calc_backorders":null,"_links":{"self":[{"href":"https:\/\/aromasentia.com\/no\/wp-json\/wp\/v2\/product\/206643","targetHints":{"allow":["GET"]}}],"collection":[{"href":"https:\/\/aromasentia.com\/no\/wp-json\/wp\/v2\/product"}],"about":[{"href":"https:\/\/aromasentia.com\/no\/wp-json\/wp\/v2\/types\/product"}],"replies":[{"embeddable":true,"href":"https:\/\/aromasentia.com\/no\/wp-json\/wp\/v2\/comments?post=206643"}],"version-history":[{"count":0,"href":"https:\/\/aromasentia.com\/no\/wp-json\/wp\/v2\/product\/206643\/revisions"}],"wp:featuredmedia":[{"embeddable":true,"href":"https:\/\/aromasentia.com\/no\/wp-json\/wp\/v2\/media\/294332"}],"wp:attachment":[{"href":"https:\/\/aromasentia.com\/no\/wp-json\/wp\/v2\/media?parent=206643"}],"wp:term":[{"taxonomy":"product_brand","embeddable":true,"href":"https:\/\/aromasentia.com\/no\/wp-json\/wp\/v2\/product_brand?post=206643"},{"taxonomy":"product_cat","embeddable":true,"href":"https:\/\/aromasentia.com\/no\/wp-json\/wp\/v2\/product_cat?post=206643"},{"taxonomy":"product_tag","embeddable":true,"href":"https:\/\/aromasentia.com\/no\/wp-json\/wp\/v2\/product_tag?post=206643"}],"curies":[{"name":"wp","href":"https:\/\/api.w.org\/{rel}","templated":true}]}}