{"id":206632,"date":"2025-03-20T17:38:25","date_gmt":"2025-03-20T17:38:25","guid":{"rendered":"https:\/\/aromasentia.com\/product\/organic-body-oil-50ml-bergamot\/"},"modified":"2025-05-31T03:10:56","modified_gmt":"2025-05-31T03:10:56","slug":"okologisk-kroppsolje-50ml-bergamott","status":"publish","type":"product","link":"https:\/\/aromasentia.com\/no\/okologisk-kroppsolje-50ml-bergamott\/","title":{"rendered":"\u00d8kologisk Kroppsolje 50ml &#8211; Bergamott"},"content":{"rendered":"<p><span style=\"color: rgb(75, 80, 88);\"><strong>Organisk kroppsolje 50ml \u2013 bergamott: En foryngende sitrusinsuksjon<\/strong><\/span><\/p>\n<p><span style=\"color: rgb(75, 80, 88);\">Gjenoppliv hudpleierutinen din med v\u00e5r \u00f8kologiske kroppsolje 50ml \u2013 bergamott, laget for \u00e5 gi n\u00e6ring til huden din samtidig som den frisker opp sansene dine. Denne kroppsoljen er tilsatt den energigivende sitrusduften av bergamott eterisk olje, og gir en lys og oppl\u00f8ftende opplevelse som gir b\u00e5de kropp og sinn energi.<\/span><\/p>\n<p><span style=\"color: rgb(141, 186, 216);\"><strong>Viktigste ingredienser:<\/strong><\/span><\/p>\n<ul>\n<li><span style=\"color: rgb(75, 80, 88);\"><strong>Castorolje:<\/strong>Castorolje er en kraftpakke for fuktighet, og gir dyp hydrering, slik at huden f\u00f8les myk og fl\u00f8yelsmyk.<\/span><\/li>\n<li><span style=\"color: rgb(75, 80, 88);\"><strong>Svart spisskummenolje:<\/strong> Svart spisskummenolje er rik p\u00e5 essensielle fettsyrer og antioksidanter, og forynger huden og bidrar til en sunn, str\u00e5lende hudtone.<\/span><\/li>\n<li><span style=\"color: rgb(75, 80, 88);\"><strong>Bergamott eterisk olje Olje: Med sin friske og energigivende sitrusaroma vekker bergamot eterisk olje sansene og fremmer en f\u00f8lelse av velv\u00e6re og balanse.<\/span><\/li>\n<\/ul>\n<p><span style=\"color: rgb(141, 186, 216);\"><strong>Fordeler:<\/strong><\/span><\/p>\n<ul>\n<li><span style=\"color: rgb(75, 80, 88);\"><strong>Intens fuktighet:<\/strong> Kombinasjonen av ricinusolje og svart spisskummenolje gir langvarig fuktighet, og etterlater huden n\u00e6ret og glatt.<\/span><\/li>\n<li><span style=\"color: rgb(75, 80, 88);\"><strong>Hudfornyelse:<\/strong> Svart spisskummenolje bidrar til \u00e5 revitalisere huden og fremmer en ungdommelig, gl\u00f8dende hudtone.<\/span><\/li>\n<li><span style=\"color: rgb(75, 80, 88);\"><strong>Oppl\u00f8ftende aromaterapi:<\/strong> Den En frisk bergamottduft l\u00f8fter hum\u00f8ret og gir en forfriskende aromaterapiopplevelse, perfekt for et energiboost.<\/span><\/li>\n<li><span style=\"color: rgb(75, 80, 88);\"><strong>\u00d8kologisk og ren:<\/strong>Denne kroppsoljen er laget med sertifiserte \u00f8kologiske ingredienser, fri for sterke kjemikalier eller syntetiske dufter, og er ideell for kunder som \u00f8nsker ren og milj\u00f8bevisst hudpleie.<\/span><\/li>\n<li><span style=\"color: rgb(75, 80, 88);\"><strong>Luksuri\u00f8st design:<\/strong> Denne kroppsoljen kommer i en stilig ravfarget flaske med en praktisk pumpe, og gir et snev av nytelse, noe som gj\u00f8r den til et ideelt valg for personlig velv\u00e6re eller som en omtenksom gave.<\/span><\/li>\n<\/ul>\n<p><span style=\"color: rgb(141, 186, 216);\"><strong>Omfavn den \u00f8kende ettersp\u00f8rselen etter naturlig hudpleie med \u00f8kologisk kroppsolje \u2013 Bergamott, et revitaliserende produkt som lover \u00e5 fengsle kundene dine og \u00f8ke salget!<\/p>\n","protected":false},"excerpt":{"rendered":"<p>Organisk kroppsolje 50ml \u2013 bergamott: En foryngende sitrusinsuksjon Gjenoppliv hudpleierutinen din med v\u00e5r \u00f8kologiske kroppsolje 50ml \u2013 bergamott, laget for \u00e5 gi n\u00e6ring til huden din samtidig som den frisker opp sansene dine. Denne kroppsoljen er tilsatt den energigivende sitrusduften av bergamott eterisk olje, og gir en lys og oppl\u00f8ftende opplevelse som gir b\u00e5de kropp [&hellip;]<\/p>\n","protected":false},"featured_media":294784,"comment_status":"closed","ping_status":"open","template":"","meta":[],"product_brand":[27073],"product_cat":[9413,26103,25843,26820],"product_tag":[],"class_list":{"0":"post-206632","1":"product","2":"type-product","3":"status-publish","4":"has-post-thumbnail","6":"product_brand-aw-cosmetics","7":"product_cat-bad-spa-og-personlig-pleie","8":"product_cat-bergamott","9":"product_cat-dufter-aromaer","10":"product_cat-sitrus","11":"pa_collection-organic-body-oils-50ml-no","12":"pa_made-in-storbritannia","14":"first","15":"instock","16":"purchasable","17":"product-type-simple"},"supplier_id":null,"supplier_sku":"OBO-04","barcode":null,"atum_controlled":true,"out_stock_date":null,"out_stock_threshold":null,"inheritable":false,"inbound_stock":null,"stock_on_hold":0,"sold_today":0,"sales_last_days":0,"reserved_stock":null,"customer_returns":null,"warehouse_damage":null,"lost_in_post":null,"other_logs":null,"out_stock_days":0,"lost_sales":0,"has_location":null,"update_date":"2026-02-09T22:33:46","atum_locations":[],"atum_stock_status":"instock","restock_status":false,"low_stock_amount":"","sales_update_date":"2025-09-05T00:20:21","calc_backorders":null,"_links":{"self":[{"href":"https:\/\/aromasentia.com\/no\/wp-json\/wp\/v2\/product\/206632","targetHints":{"allow":["GET"]}}],"collection":[{"href":"https:\/\/aromasentia.com\/no\/wp-json\/wp\/v2\/product"}],"about":[{"href":"https:\/\/aromasentia.com\/no\/wp-json\/wp\/v2\/types\/product"}],"replies":[{"embeddable":true,"href":"https:\/\/aromasentia.com\/no\/wp-json\/wp\/v2\/comments?post=206632"}],"version-history":[{"count":0,"href":"https:\/\/aromasentia.com\/no\/wp-json\/wp\/v2\/product\/206632\/revisions"}],"wp:featuredmedia":[{"embeddable":true,"href":"https:\/\/aromasentia.com\/no\/wp-json\/wp\/v2\/media\/294784"}],"wp:attachment":[{"href":"https:\/\/aromasentia.com\/no\/wp-json\/wp\/v2\/media?parent=206632"}],"wp:term":[{"taxonomy":"product_brand","embeddable":true,"href":"https:\/\/aromasentia.com\/no\/wp-json\/wp\/v2\/product_brand?post=206632"},{"taxonomy":"product_cat","embeddable":true,"href":"https:\/\/aromasentia.com\/no\/wp-json\/wp\/v2\/product_cat?post=206632"},{"taxonomy":"product_tag","embeddable":true,"href":"https:\/\/aromasentia.com\/no\/wp-json\/wp\/v2\/product_tag?post=206632"}],"curies":[{"name":"wp","href":"https:\/\/api.w.org\/{rel}","templated":true}]}}