{"id":206631,"date":"2025-03-20T17:38:25","date_gmt":"2025-03-20T17:38:25","guid":{"rendered":"https:\/\/aromasentia.com\/product\/organic-body-oil-50ml-sandalwood-myrrh\/"},"modified":"2025-05-31T03:10:53","modified_gmt":"2025-05-31T03:10:53","slug":"okologisk-kroppsolje-50ml-sandeltre-myrra","status":"publish","type":"product","link":"https:\/\/aromasentia.com\/no\/okologisk-kroppsolje-50ml-sandeltre-myrra\/","title":{"rendered":"\u00d8kologisk Kroppsolje 50ml &#8211; Sandeltre &#038; Myrra"},"content":{"rendered":"<p><span style=\"color: rgb(75, 80, 88);\"><strong>Organisk kroppsolje 50ml \u2013 sandeltre og myrra: En harmonisk blanding for hud og sanser<\/strong><\/span><\/p>\n<p><span style=\"color: rgb(75, 80, 88);\">Fordyp deg i luksus med v\u00e5r \u00f8kologiske kroppsolje 50ml \u2013 sandeltre og myrra, en rik, aromatisk blanding som gir n\u00e6ring til huden din samtidig som den fremmer avslapning og nytelse. De treaktige og varme aromaene av essensielle oljer av sandeltre og myrra gir en forh\u00f8yet, spa-lignende opplevelse.<\/span><\/p>\n<p><span style=\"color: rgb(141, 186, 216);\"><strong>Viktige ingredienser:<\/strong><\/span><\/p>\n<ul>\n<li><span style=\"color: rgb(75, 80, 88);\"><strong>Castorolje:<\/strong>Castorolje er kjent for sine dypt fuktighetsgivende egenskaper, og s\u00f8rger for at huden din holder seg hydrert, glatt og fl\u00f8yelsmyk.<\/span><\/li>\n<li><span style=\"color: rgb(75, 80, 88);\"><strong>Svart spisskummenolje:<\/strong>Svart spisskummenolje er full av antioksidanter og essensielle fettsyrer, og virker foryngende p\u00e5 huden, og forbedrer dens naturlige gl\u00f8d og vitalitet.<\/span><\/li>\n<li><span style=\"color: rgb(75, 80, 88);\"><strong>Essensiell olje av sandeltre:<\/strong> Sandeltreolje er kjent for sin beroligende og jordn\u00e6rende effekt, og bidrar til \u00e5 lette sinnet og skape en f\u00f8lelse av indre fred.<\/span><\/li>\n<li><span style=\"color: rgb(75, 80, 88);\"><strong>Myrraolje:<\/strong>Med sin jordaktige, varme aroma tilbyr myrraolje emosjonell balanse og dyp avslapning gjennom sine aromaterapeutiske egenskaper.<\/span><\/li>\n<\/ul>\n<p><span style=\"color: rgb(141, 186, 216);\"><strong>Fordeler:<\/strong><\/span><\/p>\n<ul>\n<li><strong><span style=\"color: rgb(75, 80, 88);\">Intens fuktighet:<\/span><\/strong><span style=\"color: rgb(75, 80, 88);\"> Kombinasjonen av ricinusolje og svart spisskummenolje gir langvarig fuktighet, slik at huden holder seg myk og n\u00e6ret.<\/span><\/li>\n<li><span style=\"color: rgb(75, 80, 88);\">Hudfornyelse: Svart spisskummenolje fremmer hudens vitalitet og etterlater den ungdommelig og str\u00e5lende.<\/span><\/li>\n<li><span style=\"color: rgb(75, 80, 88);\"><strong>Aromaterapi for ro:<\/strong> De rike, beroligende duftene av sandeltre og myrra bidrar til \u00e5 redusere stress og skape en f\u00f8lelse av ro, perfekt for avslapningsrutiner.<\/span><\/li>\n<li><span style=\"color: rgb(75, 80, 88);\"><strong>Ren og \u00f8kologisk:<\/strong> Denne kroppsoljen er laget med sertifiserte \u00f8kologiske ingredienser, fri for skadelige kjemikalier, og er ideell for de som s\u00f8ker naturlige, milj\u00f8vennlige hudpleiealternativer.<\/span><\/li>\n<li><span style=\"color: rgb(75, 80, 88);\"><strong>Luksuri\u00f8s presentasjon:<\/strong>Denne kroppsoljen er pakket inn i en elegant ravfarget flaske med en praktisk pumpedispenser, og gir hudpleierutinen din et snev av eleganse, noe som gj\u00f8r den til en perfekt nytelse eller omtenksom gave.<\/span><\/li>\n<\/ul>\n<p><span style=\"color: rgb(141, 186, 216);\"><strong>Forbedre dine egenpleietilbud med \u00f8kologisk kroppsolje \u2013 sandeltre og myrra, det perfekte valget for kunder som \u00f8nsker en f\u00f8rsteklasses, beroligende hudpleieopplevelse. Ideell for \u00e5 \u00f8ke produktutvalget ditt og \u00f8ke salget.<\/strong><\/span><\/p>\n","protected":false},"excerpt":{"rendered":"<p>Organisk kroppsolje 50ml \u2013 sandeltre og myrra: En harmonisk blanding for hud og sanser Fordyp deg i luksus med v\u00e5r \u00f8kologiske kroppsolje 50ml \u2013 sandeltre og myrra, en rik, aromatisk blanding som gir n\u00e6ring til huden din samtidig som den fremmer avslapning og nytelse. De treaktige og varme aromaene av essensielle oljer av sandeltre og [&hellip;]<\/p>\n","protected":false},"featured_media":294775,"comment_status":"closed","ping_status":"open","template":"","meta":{"_angie_page":false},"product_brand":[27073],"product_cat":[9413,25843,26883,26282,26386,26897],"product_tag":[],"class_list":{"0":"post-206631","1":"product","2":"type-product","3":"status-publish","4":"has-post-thumbnail","6":"product_brand-aw-cosmetics","7":"product_cat-bad-spa-og-personlig-pleie","8":"product_cat-dufter-aromaer","9":"product_cat-harpiksaktig-balsamisk","10":"product_cat-myrt","11":"product_cat-sandelte","12":"product_cat-treaktig","13":"pa_collection-organic-body-oils-50ml-no","14":"pa_made-in-storbritannia","16":"first","17":"instock","18":"purchasable","19":"product-type-simple"},"supplier_id":null,"supplier_sku":"OBO-05","barcode":null,"atum_controlled":true,"out_stock_date":null,"out_stock_threshold":null,"inheritable":false,"inbound_stock":null,"stock_on_hold":0,"sold_today":0,"sales_last_days":0,"reserved_stock":null,"customer_returns":null,"warehouse_damage":null,"lost_in_post":null,"other_logs":null,"out_stock_days":0,"lost_sales":0,"has_location":null,"update_date":"2026-05-04T00:03:59","atum_locations":[],"atum_stock_status":"instock","restock_status":false,"low_stock_amount":"","sales_update_date":"2025-09-05T00:20:20","calc_backorders":null,"_links":{"self":[{"href":"https:\/\/aromasentia.com\/no\/wp-json\/wp\/v2\/product\/206631","targetHints":{"allow":["GET"]}}],"collection":[{"href":"https:\/\/aromasentia.com\/no\/wp-json\/wp\/v2\/product"}],"about":[{"href":"https:\/\/aromasentia.com\/no\/wp-json\/wp\/v2\/types\/product"}],"replies":[{"embeddable":true,"href":"https:\/\/aromasentia.com\/no\/wp-json\/wp\/v2\/comments?post=206631"}],"version-history":[{"count":0,"href":"https:\/\/aromasentia.com\/no\/wp-json\/wp\/v2\/product\/206631\/revisions"}],"wp:featuredmedia":[{"embeddable":true,"href":"https:\/\/aromasentia.com\/no\/wp-json\/wp\/v2\/media\/294775"}],"wp:attachment":[{"href":"https:\/\/aromasentia.com\/no\/wp-json\/wp\/v2\/media?parent=206631"}],"wp:term":[{"taxonomy":"product_brand","embeddable":true,"href":"https:\/\/aromasentia.com\/no\/wp-json\/wp\/v2\/product_brand?post=206631"},{"taxonomy":"product_cat","embeddable":true,"href":"https:\/\/aromasentia.com\/no\/wp-json\/wp\/v2\/product_cat?post=206631"},{"taxonomy":"product_tag","embeddable":true,"href":"https:\/\/aromasentia.com\/no\/wp-json\/wp\/v2\/product_tag?post=206631"}],"curies":[{"name":"wp","href":"https:\/\/api.w.org\/{rel}","templated":true}]}}