{"id":206628,"date":"2025-03-20T17:38:40","date_gmt":"2025-03-20T17:38:40","guid":{"rendered":"https:\/\/aromasentia.com\/product\/organic-body-oil-50ml-rosehip-unfragranced\/"},"modified":"2025-05-31T03:10:39","modified_gmt":"2025-05-31T03:10:39","slug":"okologisk-kroppsolje-50ml-nype-uparfymert","status":"publish","type":"product","link":"https:\/\/aromasentia.com\/no\/okologisk-kroppsolje-50ml-nype-uparfymert\/","title":{"rendered":"\u00d8kologisk Kroppsolje 50ml &#8211; Nype (Uparfymert)"},"content":{"rendered":"<p><span style=\"color: rgb(75, 80, 88);\"><strong>Vi introduserer parfymefri \u00f8kologisk kroppsolje: En essensiell hudpleieprodukt for alle hudtyper<\/strong><\/span><\/p>\n<p><span style=\"color: rgb(75, 80, 88);\">Gi hudpleieutvalget ditt et l\u00f8ft med v\u00e5r luksuri\u00f8se, parfymefrie \u00f8kologiske kroppsolje, utviklet for \u00e5 gi dyp fuktighet og forynge huden. Denne allsidige formelen er stolt laget i Storbritannia, og dekker behovene til ulike hudtyper, noe som gj\u00f8r den til et ideelt valg for milj\u00f8bevisste forbrukere.<\/span><\/p>\n<p><span style=\"color: rgb(75, 80, 88);\"><strong>\u25aa\ufe0f 100 % vegansk og Ikke testet p\u00e5 dyr:<\/strong> Opprettholder v\u00e5r dedikasjon til b\u00e6rekraft og etisk produksjon.<\/span><\/p>\n<p><span style=\"color: rgb(75, 80, 88);\"><strong>\u25aa\ufe0f Formulert med \u00f8kologiske oljer av h\u00f8y kvalitet:<\/strong>En gjennomtenkt blanding av ricinusolje, svart spisskummen og nypeolje, hver kjent for sine bemerkelsesverdige fordeler for huden.<\/span><\/p>\n<p><span style=\"color: rgb(75, 80, 88);\">\u25aa\ufe0f <strong>Ingen tilsatt duft:<\/strong>Perfekt for sensitiv hud eller de som foretrekker uparfymert hudpleie.<\/span><\/p>\n<p><strong><span style=\"color: rgb(141, 186, 216);\">Stjerneingredienser:<\/span><\/strong><\/p>\n<p><strong><span style=\"color: rgb(75, 80, 88);\">\u25aa\ufe0f \u00d8kologisk ricinusolje:<\/span><\/strong><span style=\"color: rgb(75, 80, 88);\">Hydrer i dybden, st\u00f8tter s\u00e5rheling og fremmer sunn h\u00e5rvekst.<\/span><\/p>\n<p><span style=\"color: rgb(75, 80, 88);\"><strong>\u25aa\ufe0f \u00d8kologisk svart spisskummenolje<\/strong>: Kjent for \u00e5 bekjempe kviser, styrke h\u00e5ret og oppmuntre til hudfornyelse.<\/span><\/p>\n<p><span style=\"color: rgb(75, 80, 88);\"><strong>\u25aa\ufe0f \u00d8kologisk nypeolje:<\/strong>Bidrar til \u00e5 redusere arr, \u00f8ker kollagen og gir intens fuktighet.<\/span><\/p>\n<p><span style=\"color: rgb(141, 186, 216);\"><strong>Omfavn b\u00e6rekraftig egenpleie med denne eksepsjonelle \u00f8kologiske kroppsoljen \u2013 bestill n\u00e5 og forbedre produktutvalget ditt.<\/strong><\/span> <\/p>\n","protected":false},"excerpt":{"rendered":"<p>Vi introduserer parfymefri \u00f8kologisk kroppsolje: En essensiell hudpleieprodukt for alle hudtyper Gi hudpleieutvalget ditt et l\u00f8ft med v\u00e5r luksuri\u00f8se, parfymefrie \u00f8kologiske kroppsolje, utviklet for \u00e5 gi dyp fuktighet og forynge huden. Denne allsidige formelen er stolt laget i Storbritannia, og dekker behovene til ulike hudtyper, noe som gj\u00f8r den til et ideelt valg for milj\u00f8bevisste [&hellip;]<\/p>\n","protected":false},"featured_media":294811,"comment_status":"closed","ping_status":"open","template":"","meta":{"_angie_page":false},"product_brand":[27073],"product_cat":[9413,25843,26491,26827],"product_tag":[],"class_list":{"0":"post-206628","1":"product","2":"type-product","3":"status-publish","4":"has-post-thumbnail","6":"product_brand-aw-cosmetics","7":"product_cat-bad-spa-og-personlig-pleie","8":"product_cat-dufter-aromaer","9":"product_cat-hyben","10":"product_cat-jordlig-gronn","11":"pa_collection-organic-body-oils-50ml-no","12":"pa_made-in-storbritannia","14":"first","15":"instock","16":"purchasable","17":"product-type-simple"},"supplier_id":null,"supplier_sku":"OBO-01","barcode":null,"atum_controlled":true,"out_stock_date":null,"out_stock_threshold":null,"inheritable":false,"inbound_stock":null,"stock_on_hold":0,"sold_today":0,"sales_last_days":0,"reserved_stock":null,"customer_returns":null,"warehouse_damage":null,"lost_in_post":null,"other_logs":null,"out_stock_days":0,"lost_sales":0,"has_location":null,"update_date":"2026-04-27T07:16:19","atum_locations":[],"atum_stock_status":"instock","restock_status":false,"low_stock_amount":"","sales_update_date":"2025-09-05T00:20:21","calc_backorders":null,"_links":{"self":[{"href":"https:\/\/aromasentia.com\/no\/wp-json\/wp\/v2\/product\/206628","targetHints":{"allow":["GET"]}}],"collection":[{"href":"https:\/\/aromasentia.com\/no\/wp-json\/wp\/v2\/product"}],"about":[{"href":"https:\/\/aromasentia.com\/no\/wp-json\/wp\/v2\/types\/product"}],"replies":[{"embeddable":true,"href":"https:\/\/aromasentia.com\/no\/wp-json\/wp\/v2\/comments?post=206628"}],"version-history":[{"count":0,"href":"https:\/\/aromasentia.com\/no\/wp-json\/wp\/v2\/product\/206628\/revisions"}],"wp:featuredmedia":[{"embeddable":true,"href":"https:\/\/aromasentia.com\/no\/wp-json\/wp\/v2\/media\/294811"}],"wp:attachment":[{"href":"https:\/\/aromasentia.com\/no\/wp-json\/wp\/v2\/media?parent=206628"}],"wp:term":[{"taxonomy":"product_brand","embeddable":true,"href":"https:\/\/aromasentia.com\/no\/wp-json\/wp\/v2\/product_brand?post=206628"},{"taxonomy":"product_cat","embeddable":true,"href":"https:\/\/aromasentia.com\/no\/wp-json\/wp\/v2\/product_cat?post=206628"},{"taxonomy":"product_tag","embeddable":true,"href":"https:\/\/aromasentia.com\/no\/wp-json\/wp\/v2\/product_tag?post=206628"}],"curies":[{"name":"wp","href":"https:\/\/api.w.org\/{rel}","templated":true}]}}