{"id":206622,"date":"2025-03-20T17:38:59","date_gmt":"2025-03-20T17:38:59","guid":{"rendered":"https:\/\/aromasentia.com\/product\/organic-hair-serum-30ml-rosemary\/"},"modified":"2025-05-31T03:10:12","modified_gmt":"2025-05-31T03:10:12","slug":"okologisk-harserum-30ml-rosmarin","status":"publish","type":"product","link":"https:\/\/aromasentia.com\/no\/okologisk-harserum-30ml-rosmarin\/","title":{"rendered":"\u00d8kologisk H\u00e5rserum 30ml &#8211; Rosmarin"},"content":{"rendered":"<p><span style=\"color: rgb(75, 80, 88);\"><strong>Oppdag det nyeste produktutvalget \u2013 Organiske h\u00e5rserum,<\/strong> som selges i 30 ml gule flasker. Dette er en gullalder for skj\u00f8nnhetssalonger, salonger og velv\u00e6resentre som har som m\u00e5l \u00e5 imponere kundene dine med virkelig transformative produkter.<\/span><\/p>\n<p><strong><span style=\"color: rgb(75, 80, 88);\">Revitaliser og styrk<\/span><\/strong><\/p>\n<p><span style=\"color: rgb(75, 80, 88);\">Rosemary Organic Hair Serum er en botanisk skatt for h\u00e5ret. Rosmarin eterisk olje <strong>gj\u00f8r underverker p\u00e5 lokkene ved \u00e5 forhindre at h\u00e5ret blir tynt og gr\u00e5tt. Arganolje fukter og gir glans, mens ricinusolje st\u00f8tter h\u00e5rvekst. Dette serumet er <\/span><strong><span style=\"color: rgb(75, 80, 88);\">perfekt for alle som \u00f8nsker \u00e5 forbedre h\u00e5rets naturlige styrke og opprettholde et ungdommelig utseende.<\/span><\/strong><\/p>\n<p><span style=\"color: rgb(75, 80, 88);\"><strong>Passer for alle h\u00e5rtyper: Perfekt for fint, kr\u00f8llete, rett eller flokete h\u00e5r.<\/strong><\/span><\/p>\n","protected":false},"excerpt":{"rendered":"<p>Oppdag det nyeste produktutvalget \u2013 Organiske h\u00e5rserum, som selges i 30 ml gule flasker. Dette er en gullalder for skj\u00f8nnhetssalonger, salonger og velv\u00e6resentre som har som m\u00e5l \u00e5 imponere kundene dine med virkelig transformative produkter. Revitaliser og styrk Rosemary Organic Hair Serum er en botanisk skatt for h\u00e5ret. Rosmarin eterisk olje gj\u00f8r underverker p\u00e5 lokkene [&hellip;]<\/p>\n","protected":false},"featured_media":294895,"comment_status":"closed","ping_status":"open","template":"","meta":{"_angie_page":false},"product_brand":[27073],"product_cat":[9413,25843,9429,26373,26862],"product_tag":[],"class_list":{"0":"post-206622","1":"product","2":"type-product","3":"status-publish","4":"has-post-thumbnail","6":"product_brand-aw-cosmetics","7":"product_cat-bad-spa-og-personlig-pleie","8":"product_cat-dufter-aromaer","9":"product_cat-harpleie","10":"product_cat-rosmarin","11":"product_cat-urte-aromatisk","12":"pa_collection-organic-hair-serums-30ml-6-unique-formulas-no","13":"pa_made-in-storbritannia","14":"pa_size-30ml","16":"first","17":"instock","18":"purchasable","19":"product-type-simple"},"supplier_id":null,"supplier_sku":"OHS-03","barcode":null,"atum_controlled":true,"out_stock_date":null,"out_stock_threshold":null,"inheritable":false,"inbound_stock":0,"stock_on_hold":0,"sold_today":0,"sales_last_days":0,"reserved_stock":0,"customer_returns":0,"warehouse_damage":0,"lost_in_post":0,"other_logs":0,"out_stock_days":0,"lost_sales":0,"has_location":false,"update_date":"2026-05-11T01:56:48","atum_locations":[],"atum_stock_status":"instock","restock_status":false,"low_stock_amount":"","sales_update_date":"2025-09-05T00:20:22","calc_backorders":null,"_links":{"self":[{"href":"https:\/\/aromasentia.com\/no\/wp-json\/wp\/v2\/product\/206622","targetHints":{"allow":["GET"]}}],"collection":[{"href":"https:\/\/aromasentia.com\/no\/wp-json\/wp\/v2\/product"}],"about":[{"href":"https:\/\/aromasentia.com\/no\/wp-json\/wp\/v2\/types\/product"}],"replies":[{"embeddable":true,"href":"https:\/\/aromasentia.com\/no\/wp-json\/wp\/v2\/comments?post=206622"}],"version-history":[{"count":0,"href":"https:\/\/aromasentia.com\/no\/wp-json\/wp\/v2\/product\/206622\/revisions"}],"wp:featuredmedia":[{"embeddable":true,"href":"https:\/\/aromasentia.com\/no\/wp-json\/wp\/v2\/media\/294895"}],"wp:attachment":[{"href":"https:\/\/aromasentia.com\/no\/wp-json\/wp\/v2\/media?parent=206622"}],"wp:term":[{"taxonomy":"product_brand","embeddable":true,"href":"https:\/\/aromasentia.com\/no\/wp-json\/wp\/v2\/product_brand?post=206622"},{"taxonomy":"product_cat","embeddable":true,"href":"https:\/\/aromasentia.com\/no\/wp-json\/wp\/v2\/product_cat?post=206622"},{"taxonomy":"product_tag","embeddable":true,"href":"https:\/\/aromasentia.com\/no\/wp-json\/wp\/v2\/product_tag?post=206622"}],"curies":[{"name":"wp","href":"https:\/\/api.w.org\/{rel}","templated":true}]}}