{"id":206615,"date":"2025-03-20T17:39:43","date_gmt":"2025-03-20T17:39:43","guid":{"rendered":"https:\/\/aromasentia.com\/product\/paper-soaps-rose\/"},"modified":"2025-05-31T03:09:53","modified_gmt":"2025-05-31T03:09:53","slug":"papirsaper-rose","status":"publish","type":"product","link":"https:\/\/aromasentia.com\/no\/papirsaper-rose\/","title":{"rendered":"Papirs\u00e5per &#8211; Rose"},"content":{"rendered":"<p>Kompakte, praktiske og brukervennlige papirs\u00e5per! Bare tilsett vann i disse behagelig duftende, papirtynne s\u00e5pearkene, og se dem umiddelbart forvandles til et s\u00e5peaktig skum.<\/p>\n<p>Hvert ark leverer den perfekte mengden produkt som kreves for \u00e5 gj\u00f8re jobben, og er ogs\u00e5 biologisk nedbrytbare og trygge for milj\u00f8et.<\/p>\n<p>Leveres i en praktisk vektl\u00f8s og kompakt flip-top-eske med 20 engangsark som er b\u00e6rbare nok til \u00e5 putte i skrivebordet, vesken, bilen, treningsvesken eller lommen for praktisk daglig bruk.<\/p>\n","protected":false},"excerpt":{"rendered":"<p>Kompakte, praktiske og brukervennlige papirs\u00e5per! Bare tilsett vann i disse behagelig duftende, papirtynne s\u00e5pearkene, og se dem umiddelbart forvandles til et s\u00e5peaktig skum. Hvert ark leverer den perfekte mengden produkt som kreves for \u00e5 gj\u00f8re jobben, og er ogs\u00e5 biologisk nedbrytbare og trygge for milj\u00f8et. Leveres i en praktisk vektl\u00f8s og kompakt flip-top-eske med 20 [&hellip;]<\/p>\n","protected":false},"featured_media":295212,"comment_status":"closed","ping_status":"open","template":"","meta":{"_angie_page":false},"product_brand":[],"product_cat":[9413,26834,25843,9439,26366],"product_tag":[],"class_list":{"0":"post-206615","1":"product","2":"type-product","3":"status-publish","4":"has-post-thumbnail","6":"product_cat-bad-spa-og-personlig-pleie","7":"product_cat-blomster","8":"product_cat-dufter-aromaer","9":"product_cat-okologiske-saper","10":"product_cat-rose","11":"pa_collection-pocket-paper-soaps-no","12":"pa_made-in-kina","14":"first","15":"instock","16":"purchasable","17":"product-type-simple"},"supplier_id":null,"supplier_sku":"Psoap-07","barcode":null,"atum_controlled":true,"out_stock_date":null,"out_stock_threshold":null,"inheritable":false,"inbound_stock":null,"stock_on_hold":0,"sold_today":0,"sales_last_days":0,"reserved_stock":null,"customer_returns":null,"warehouse_damage":null,"lost_in_post":null,"other_logs":null,"out_stock_days":0,"lost_sales":0,"has_location":null,"update_date":"2026-04-27T07:18:47","atum_locations":[],"atum_stock_status":"instock","restock_status":false,"low_stock_amount":"","sales_update_date":"2025-09-05T00:20:26","calc_backorders":null,"_links":{"self":[{"href":"https:\/\/aromasentia.com\/no\/wp-json\/wp\/v2\/product\/206615","targetHints":{"allow":["GET"]}}],"collection":[{"href":"https:\/\/aromasentia.com\/no\/wp-json\/wp\/v2\/product"}],"about":[{"href":"https:\/\/aromasentia.com\/no\/wp-json\/wp\/v2\/types\/product"}],"replies":[{"embeddable":true,"href":"https:\/\/aromasentia.com\/no\/wp-json\/wp\/v2\/comments?post=206615"}],"version-history":[{"count":0,"href":"https:\/\/aromasentia.com\/no\/wp-json\/wp\/v2\/product\/206615\/revisions"}],"wp:featuredmedia":[{"embeddable":true,"href":"https:\/\/aromasentia.com\/no\/wp-json\/wp\/v2\/media\/295212"}],"wp:attachment":[{"href":"https:\/\/aromasentia.com\/no\/wp-json\/wp\/v2\/media?parent=206615"}],"wp:term":[{"taxonomy":"product_brand","embeddable":true,"href":"https:\/\/aromasentia.com\/no\/wp-json\/wp\/v2\/product_brand?post=206615"},{"taxonomy":"product_cat","embeddable":true,"href":"https:\/\/aromasentia.com\/no\/wp-json\/wp\/v2\/product_cat?post=206615"},{"taxonomy":"product_tag","embeddable":true,"href":"https:\/\/aromasentia.com\/no\/wp-json\/wp\/v2\/product_tag?post=206615"}],"curies":[{"name":"wp","href":"https:\/\/api.w.org\/{rel}","templated":true}]}}