{"id":206576,"date":"2025-03-20T17:43:45","date_gmt":"2025-03-20T17:43:45","guid":{"rendered":"https:\/\/aromasentia.com\/product\/old-fashioned-shaving-brush\/"},"modified":"2025-05-31T03:07:33","modified_gmt":"2025-05-31T03:07:33","slug":"gammeldags-barberkost","status":"publish","type":"product","link":"https:\/\/aromasentia.com\/no\/gammeldags-barberkost\/","title":{"rendered":"Gammeldags Barberkost"},"content":{"rendered":"<p>Hold huden din str\u00e5lende selv i kaldt v\u00e6r med v\u00e5re <strong>Aroma Sentia-ping-b\u00f8rster og skrubber!<\/strong>&nbsp;<\/p>\n<p>Huden trenger peeling hele \u00e5ret, men spesielt om vinteren, da det er da huden er t\u00f8rrest. Med b\u00f8rsten v\u00e5r kan du f\u00e5 den rene, luksuri\u00f8se f\u00f8lelsen og holde huden myk \u00e5 ta p\u00e5.<\/p>\n","protected":false},"excerpt":{"rendered":"<p>Hold huden din str\u00e5lende selv i kaldt v\u00e6r med v\u00e5re Aroma Sentia-ping-b\u00f8rster og skrubber!&nbsp; Huden trenger peeling hele \u00e5ret, men spesielt om vinteren, da det er da huden er t\u00f8rrest. Med b\u00f8rsten v\u00e5r kan du f\u00e5 den rene, luksuri\u00f8se f\u00f8lelsen og holde huden myk \u00e5 ta p\u00e5.<\/p>\n","protected":false},"featured_media":296603,"comment_status":"closed","ping_status":"open","template":"","meta":{"_angie_page":false},"product_brand":[],"product_cat":[9413,9445],"product_tag":[],"class_list":{"0":"post-206576","1":"product","2":"type-product","3":"status-publish","4":"has-post-thumbnail","6":"product_cat-bad-spa-og-personlig-pleie","7":"product_cat-borster-skrubb-og-peeling","8":"pa_collection-brush-scrub-scrape-no","9":"pa_made-in-kina","11":"first","12":"instock","13":"purchasable","14":"product-type-simple"},"supplier_id":null,"supplier_sku":"Scrub-07","barcode":null,"atum_controlled":true,"out_stock_date":null,"out_stock_threshold":null,"inheritable":false,"inbound_stock":null,"stock_on_hold":0,"sold_today":0,"sales_last_days":0,"reserved_stock":null,"customer_returns":null,"warehouse_damage":null,"lost_in_post":null,"other_logs":null,"out_stock_days":0,"lost_sales":0,"has_location":null,"update_date":"2026-04-27T07:20:36","atum_locations":[],"atum_stock_status":"instock","restock_status":false,"low_stock_amount":"","sales_update_date":"2026-02-06T00:02:29","calc_backorders":null,"_links":{"self":[{"href":"https:\/\/aromasentia.com\/no\/wp-json\/wp\/v2\/product\/206576","targetHints":{"allow":["GET"]}}],"collection":[{"href":"https:\/\/aromasentia.com\/no\/wp-json\/wp\/v2\/product"}],"about":[{"href":"https:\/\/aromasentia.com\/no\/wp-json\/wp\/v2\/types\/product"}],"replies":[{"embeddable":true,"href":"https:\/\/aromasentia.com\/no\/wp-json\/wp\/v2\/comments?post=206576"}],"version-history":[{"count":0,"href":"https:\/\/aromasentia.com\/no\/wp-json\/wp\/v2\/product\/206576\/revisions"}],"wp:featuredmedia":[{"embeddable":true,"href":"https:\/\/aromasentia.com\/no\/wp-json\/wp\/v2\/media\/296603"}],"wp:attachment":[{"href":"https:\/\/aromasentia.com\/no\/wp-json\/wp\/v2\/media?parent=206576"}],"wp:term":[{"taxonomy":"product_brand","embeddable":true,"href":"https:\/\/aromasentia.com\/no\/wp-json\/wp\/v2\/product_brand?post=206576"},{"taxonomy":"product_cat","embeddable":true,"href":"https:\/\/aromasentia.com\/no\/wp-json\/wp\/v2\/product_cat?post=206576"},{"taxonomy":"product_tag","embeddable":true,"href":"https:\/\/aromasentia.com\/no\/wp-json\/wp\/v2\/product_tag?post=206576"}],"curies":[{"name":"wp","href":"https:\/\/api.w.org\/{rel}","templated":true}]}}