{"id":206574,"date":"2025-03-20T17:44:02","date_gmt":"2025-03-20T17:44:02","guid":{"rendered":"https:\/\/aromasentia.com\/product\/short-handle-body-scrub\/"},"modified":"2025-05-31T03:07:27","modified_gmt":"2025-05-31T03:07:27","slug":"short-handle-body-scrub","status":"publish","type":"product","link":"https:\/\/aromasentia.com\/no\/short-handle-body-scrub\/","title":{"rendered":"Short Handle Body Scrub"},"content":{"rendered":"<p><span style=\"color: rgb(75, 80, 88);\">Hold huden din str\u00e5lende selv i kaldt v\u00e6r med v\u00e5r kroppsskrubb med kort h\u00e5ndtak.<\/span><\/p>\n<p><span style=\"color: rgb(75, 80, 88);\">Huden trenger eksfoliering hele \u00e5ret, men spesielt om vinteren, da det er da huden er t\u00f8rrest, og med b\u00f8rsten v\u00e5r kan du f\u00e5 den rene, luksuri\u00f8se f\u00f8lelsen og holde huden myk \u00e5 ta p\u00e5. Kundene dine vil glede seg over sjansen til \u00e5 f\u00e5 disse.<\/span><\/p>\n<p><span style=\"color: rgb(75, 80, 88);\">De ville v\u00e6re et flott tillegg p\u00e5 salg med et aromaterapi- eller skj\u00f8nnhetsprodukt, eller til og med i en gavekurv.<\/span><\/p>\n<p><span style=\"color: rgb(75, 80, 88);\">Bestill noen i dag for \u00e5 f\u00e5 et smil p\u00e5 kundenes ansikter.<\/span><\/p>\n","protected":false},"excerpt":{"rendered":"<p>Hold huden din str\u00e5lende selv i kaldt v\u00e6r med v\u00e5r kroppsskrubb med kort h\u00e5ndtak. Huden trenger eksfoliering hele \u00e5ret, men spesielt om vinteren, da det er da huden er t\u00f8rrest, og med b\u00f8rsten v\u00e5r kan du f\u00e5 den rene, luksuri\u00f8se f\u00f8lelsen og holde huden myk \u00e5 ta p\u00e5. Kundene dine vil glede seg over sjansen [&hellip;]<\/p>\n","protected":false},"featured_media":296763,"comment_status":"closed","ping_status":"open","template":"","meta":{"_angie_page":false},"product_brand":[],"product_cat":[9413,9445],"product_tag":[],"class_list":{"0":"post-206574","1":"product","2":"type-product","3":"status-publish","4":"has-post-thumbnail","6":"product_cat-bad-spa-og-personlig-pleie","7":"product_cat-borster-skrubb-og-peeling","8":"pa_collection-brush-scrub-scrape-no","9":"pa_made-in-kina","11":"first","12":"instock","13":"purchasable","14":"product-type-simple"},"supplier_id":null,"supplier_sku":"Scrub-21","barcode":null,"atum_controlled":true,"out_stock_date":null,"out_stock_threshold":null,"inheritable":false,"inbound_stock":null,"stock_on_hold":0,"sold_today":0,"sales_last_days":0,"reserved_stock":null,"customer_returns":null,"warehouse_damage":null,"lost_in_post":null,"other_logs":null,"out_stock_days":0,"lost_sales":0,"has_location":null,"update_date":"2026-04-27T07:20:36","atum_locations":[],"atum_stock_status":"instock","restock_status":false,"low_stock_amount":"","sales_update_date":"2026-02-06T00:02:46","calc_backorders":null,"_links":{"self":[{"href":"https:\/\/aromasentia.com\/no\/wp-json\/wp\/v2\/product\/206574","targetHints":{"allow":["GET"]}}],"collection":[{"href":"https:\/\/aromasentia.com\/no\/wp-json\/wp\/v2\/product"}],"about":[{"href":"https:\/\/aromasentia.com\/no\/wp-json\/wp\/v2\/types\/product"}],"replies":[{"embeddable":true,"href":"https:\/\/aromasentia.com\/no\/wp-json\/wp\/v2\/comments?post=206574"}],"version-history":[{"count":0,"href":"https:\/\/aromasentia.com\/no\/wp-json\/wp\/v2\/product\/206574\/revisions"}],"wp:featuredmedia":[{"embeddable":true,"href":"https:\/\/aromasentia.com\/no\/wp-json\/wp\/v2\/media\/296763"}],"wp:attachment":[{"href":"https:\/\/aromasentia.com\/no\/wp-json\/wp\/v2\/media?parent=206574"}],"wp:term":[{"taxonomy":"product_brand","embeddable":true,"href":"https:\/\/aromasentia.com\/no\/wp-json\/wp\/v2\/product_brand?post=206574"},{"taxonomy":"product_cat","embeddable":true,"href":"https:\/\/aromasentia.com\/no\/wp-json\/wp\/v2\/product_cat?post=206574"},{"taxonomy":"product_tag","embeddable":true,"href":"https:\/\/aromasentia.com\/no\/wp-json\/wp\/v2\/product_tag?post=206574"}],"curies":[{"name":"wp","href":"https:\/\/api.w.org\/{rel}","templated":true}]}}