{"id":206572,"date":"2025-03-20T17:44:02","date_gmt":"2025-03-20T17:44:02","guid":{"rendered":"https:\/\/aromasentia.com\/product\/pair-of-professional-treatment-socks\/"},"modified":"2025-05-31T03:07:22","modified_gmt":"2025-05-31T03:07:22","slug":"et-par-profesjonelle-behandlingssokker","status":"publish","type":"product","link":"https:\/\/aromasentia.com\/no\/et-par-profesjonelle-behandlingssokker\/","title":{"rendered":"Et Par Profesjonelle Behandlingssokker"},"content":{"rendered":"<p><span style=\"color: rgb(75, 80, 88);\">Ta en titt p\u00e5 v\u00e5re luksuri\u00f8se profesjonelle behandlingssokker som selges i to forskjellige farger i hvit og elfenben. De holder kremer og lotioner varme, slik at de kan virke ordentlig p\u00e5 f\u00f8ttene over natten mens brukeren sover.<\/span><\/p>\n<p><span style=\"color: rgb(75, 80, 88);\">V\u00e5re profesjonelle behandlingssokker vil garantert bli et godt salg. Hvem \u00f8nsker seg vel ikke en luksuri\u00f8s hud?<\/span><\/p>\n<p><span style=\"color: rgb(141, 186, 216);\"><strong>Bestill noen i dag for \u00e5 gi butikken din den luksusen den fortjener.<\/strong><\/span><\/p>\n","protected":false},"excerpt":{"rendered":"<p>Ta en titt p\u00e5 v\u00e5re luksuri\u00f8se profesjonelle behandlingssokker som selges i to forskjellige farger i hvit og elfenben. De holder kremer og lotioner varme, slik at de kan virke ordentlig p\u00e5 f\u00f8ttene over natten mens brukeren sover. V\u00e5re profesjonelle behandlingssokker vil garantert bli et godt salg. Hvem \u00f8nsker seg vel ikke en luksuri\u00f8s hud? Bestill [&hellip;]<\/p>\n","protected":false},"featured_media":296721,"comment_status":"closed","ping_status":"open","template":"","meta":{"_angie_page":false},"product_brand":[],"product_cat":[9413,9445],"product_tag":[],"class_list":{"0":"post-206572","1":"product","2":"type-product","3":"status-publish","4":"has-post-thumbnail","6":"product_cat-bad-spa-og-personlig-pleie","7":"product_cat-borster-skrubb-og-peeling","8":"pa_collection-brush-scrub-scrape-no","9":"pa_made-in-kina","11":"first","12":"instock","13":"purchasable","14":"product-type-simple"},"supplier_id":null,"supplier_sku":"Mitt-05","barcode":null,"atum_controlled":true,"out_stock_date":null,"out_stock_threshold":null,"inheritable":false,"inbound_stock":null,"stock_on_hold":0,"sold_today":0,"sales_last_days":0,"reserved_stock":null,"customer_returns":null,"warehouse_damage":null,"lost_in_post":null,"other_logs":null,"out_stock_days":0,"lost_sales":0,"has_location":null,"update_date":"2026-04-27T07:13:06","atum_locations":[],"atum_stock_status":"instock","restock_status":false,"low_stock_amount":"","sales_update_date":"2026-01-30T01:24:43","calc_backorders":null,"_links":{"self":[{"href":"https:\/\/aromasentia.com\/no\/wp-json\/wp\/v2\/product\/206572","targetHints":{"allow":["GET"]}}],"collection":[{"href":"https:\/\/aromasentia.com\/no\/wp-json\/wp\/v2\/product"}],"about":[{"href":"https:\/\/aromasentia.com\/no\/wp-json\/wp\/v2\/types\/product"}],"replies":[{"embeddable":true,"href":"https:\/\/aromasentia.com\/no\/wp-json\/wp\/v2\/comments?post=206572"}],"version-history":[{"count":0,"href":"https:\/\/aromasentia.com\/no\/wp-json\/wp\/v2\/product\/206572\/revisions"}],"wp:featuredmedia":[{"embeddable":true,"href":"https:\/\/aromasentia.com\/no\/wp-json\/wp\/v2\/media\/296721"}],"wp:attachment":[{"href":"https:\/\/aromasentia.com\/no\/wp-json\/wp\/v2\/media?parent=206572"}],"wp:term":[{"taxonomy":"product_brand","embeddable":true,"href":"https:\/\/aromasentia.com\/no\/wp-json\/wp\/v2\/product_brand?post=206572"},{"taxonomy":"product_cat","embeddable":true,"href":"https:\/\/aromasentia.com\/no\/wp-json\/wp\/v2\/product_cat?post=206572"},{"taxonomy":"product_tag","embeddable":true,"href":"https:\/\/aromasentia.com\/no\/wp-json\/wp\/v2\/product_tag?post=206572"}],"curies":[{"name":"wp","href":"https:\/\/api.w.org\/{rel}","templated":true}]}}