{"id":206567,"date":"2025-03-20T17:44:22","date_gmt":"2025-03-20T17:44:22","guid":{"rendered":"https:\/\/aromasentia.com\/product\/vitamin-c-face-serum\/"},"modified":"2025-05-31T03:06:59","modified_gmt":"2025-05-31T03:06:59","slug":"vitamin-c-ansiktsserum","status":"publish","type":"product","link":"https:\/\/aromasentia.com\/no\/vitamin-c-ansiktsserum\/","title":{"rendered":"Vitamin C Ansiktsserum"},"content":{"rendered":"<p><span style=\"color: rgb(141, 186, 216);\"><strong>KLAR OG SUNN<\/strong><\/span> <\/p>\n<p><strong>Ansiktsserum med C-vitamin<\/strong>&nbsp;<\/p>\n<p>med aloe vera og Trollhassel stimulerer kollagenproduksjonen.<\/p>\n<p>Passer for alle hudtyper.<\/p>\n<p>Den absorberes raskt inn i huden og kan brukes f\u00f8r du p\u00e5f\u00f8rer krem eller sminke.<\/p>\n<p>Kundene dine liker kanskje ogs\u00e5 <a href=\"https:\/\/aromasentia.com\/wsp\"><span style=\"color: rgb(141, 186, 216);\"><strong>Ansiktsvannmist.<\/strong><\/span><\/a><\/p>\n<p><strong>* Selges i 30 ml flaske * Vegansk * Sv\u00e6rt fuktighetsgivende * Laget i England *<\/strong><\/p>\n<p>Legg til i produktportef\u00f8ljen i nettbutikken din og kj\u00f8p n\u00e5 for \u00e5 gi kundene dine et av de beste selvpleieproduktene.<\/p>\n","protected":false},"excerpt":{"rendered":"<p>KLAR OG SUNN Ansiktsserum med C-vitamin&nbsp; med aloe vera og Trollhassel stimulerer kollagenproduksjonen. Passer for alle hudtyper. Den absorberes raskt inn i huden og kan brukes f\u00f8r du p\u00e5f\u00f8rer krem eller sminke. Kundene dine liker kanskje ogs\u00e5 Ansiktsvannmist. * Selges i 30 ml flaske * Vegansk * Sv\u00e6rt fuktighetsgivende * Laget i England * Legg [&hellip;]<\/p>\n","protected":false},"featured_media":296838,"comment_status":"closed","ping_status":"open","template":"","meta":{"_angie_page":false},"product_brand":[27073],"product_cat":[9413,9521],"product_tag":[],"class_list":{"0":"post-206567","1":"product","2":"type-product","3":"status-publish","4":"has-post-thumbnail","6":"product_brand-aw-cosmetics","7":"product_cat-bad-spa-og-personlig-pleie","8":"product_cat-hudpleie","9":"pa_collection-facial-serum-30ml-no","10":"pa_made-in-storbritannia","11":"pa_size-30ml","13":"first","14":"instock","15":"purchasable","16":"product-type-simple"},"supplier_id":null,"supplier_sku":"SerF-03","barcode":null,"atum_controlled":true,"out_stock_date":null,"out_stock_threshold":null,"inheritable":false,"inbound_stock":null,"stock_on_hold":0,"sold_today":0,"sales_last_days":0,"reserved_stock":null,"customer_returns":null,"warehouse_damage":null,"lost_in_post":null,"other_logs":null,"out_stock_days":0,"lost_sales":0,"has_location":null,"update_date":"2026-04-27T07:21:08","atum_locations":[],"atum_stock_status":"instock","restock_status":false,"low_stock_amount":"","sales_update_date":"2025-09-05T00:20:35","calc_backorders":null,"_links":{"self":[{"href":"https:\/\/aromasentia.com\/no\/wp-json\/wp\/v2\/product\/206567","targetHints":{"allow":["GET"]}}],"collection":[{"href":"https:\/\/aromasentia.com\/no\/wp-json\/wp\/v2\/product"}],"about":[{"href":"https:\/\/aromasentia.com\/no\/wp-json\/wp\/v2\/types\/product"}],"replies":[{"embeddable":true,"href":"https:\/\/aromasentia.com\/no\/wp-json\/wp\/v2\/comments?post=206567"}],"version-history":[{"count":0,"href":"https:\/\/aromasentia.com\/no\/wp-json\/wp\/v2\/product\/206567\/revisions"}],"wp:featuredmedia":[{"embeddable":true,"href":"https:\/\/aromasentia.com\/no\/wp-json\/wp\/v2\/media\/296838"}],"wp:attachment":[{"href":"https:\/\/aromasentia.com\/no\/wp-json\/wp\/v2\/media?parent=206567"}],"wp:term":[{"taxonomy":"product_brand","embeddable":true,"href":"https:\/\/aromasentia.com\/no\/wp-json\/wp\/v2\/product_brand?post=206567"},{"taxonomy":"product_cat","embeddable":true,"href":"https:\/\/aromasentia.com\/no\/wp-json\/wp\/v2\/product_cat?post=206567"},{"taxonomy":"product_tag","embeddable":true,"href":"https:\/\/aromasentia.com\/no\/wp-json\/wp\/v2\/product_tag?post=206567"}],"curies":[{"name":"wp","href":"https:\/\/api.w.org\/{rel}","templated":true}]}}