{"id":206557,"date":"2025-03-20T17:45:15","date_gmt":"2025-03-20T17:45:15","guid":{"rendered":"https:\/\/aromasentia.com\/product\/boxed-hand-soap-flower-bouquet-red\/"},"modified":"2025-05-31T03:06:18","modified_gmt":"2025-05-31T03:06:18","slug":"blomstersape-sapebukett-i-eske-boks-rod","status":"publish","type":"product","link":"https:\/\/aromasentia.com\/no\/blomstersape-sapebukett-i-eske-boks-rod\/","title":{"rendered":"Blomsters\u00e5pe S\u00e5pebukett I Eske \/ Boks &#8211; R\u00f8d"},"content":{"rendered":"<p>Disse herlige arrangementene av s\u00e5peblomster kan tas fra hverandre, og kronbladene kan brukes som duftende s\u00e5pe. Kronbladene kan brukes til \u00e5 dekorere en vask som h\u00e5nds\u00e5pe eller drysses i et badekar. Bare legg en eller to roser i det varme badet, slapp av og se de s\u00f8te blomstene oppl\u00f8ses rett foran \u00f8ynene dine. Du vil garantert nyte det fargerike vannet og den fantastiske duften. Det vil gj\u00f8re huden din myk, silkemyk og lukte herlig frisk.<\/p>\n","protected":false},"excerpt":{"rendered":"<p>Disse herlige arrangementene av s\u00e5peblomster kan tas fra hverandre, og kronbladene kan brukes som duftende s\u00e5pe. Kronbladene kan brukes til \u00e5 dekorere en vask som h\u00e5nds\u00e5pe eller drysses i et badekar. Bare legg en eller to roser i det varme badet, slapp av og se de s\u00f8te blomstene oppl\u00f8ses rett foran \u00f8ynene dine. Du vil [&hellip;]<\/p>\n","protected":false},"featured_media":297152,"comment_status":"closed","ping_status":"open","template":"","meta":{"_angie_page":false},"product_brand":[],"product_cat":[9413,9439],"product_tag":[],"class_list":{"0":"post-206557","1":"product","2":"type-product","3":"status-publish","4":"has-post-thumbnail","6":"product_cat-bad-spa-og-personlig-pleie","7":"product_cat-okologiske-saper","8":"pa_collection-soap-flower-bouquets-no","9":"pa_made-in-kina","11":"first","12":"instock","13":"purchasable","14":"product-type-simple"},"supplier_id":null,"supplier_sku":"SFB-08","barcode":null,"atum_controlled":true,"out_stock_date":null,"out_stock_threshold":null,"inheritable":false,"inbound_stock":null,"stock_on_hold":0,"sold_today":0,"sales_last_days":0,"reserved_stock":null,"customer_returns":null,"warehouse_damage":null,"lost_in_post":null,"other_logs":null,"out_stock_days":0,"lost_sales":0,"has_location":null,"update_date":"2026-04-29T05:09:16","atum_locations":[],"atum_stock_status":"instock","restock_status":false,"low_stock_amount":"","sales_update_date":"2025-09-05T00:20:38","calc_backorders":null,"_links":{"self":[{"href":"https:\/\/aromasentia.com\/no\/wp-json\/wp\/v2\/product\/206557","targetHints":{"allow":["GET"]}}],"collection":[{"href":"https:\/\/aromasentia.com\/no\/wp-json\/wp\/v2\/product"}],"about":[{"href":"https:\/\/aromasentia.com\/no\/wp-json\/wp\/v2\/types\/product"}],"replies":[{"embeddable":true,"href":"https:\/\/aromasentia.com\/no\/wp-json\/wp\/v2\/comments?post=206557"}],"version-history":[{"count":0,"href":"https:\/\/aromasentia.com\/no\/wp-json\/wp\/v2\/product\/206557\/revisions"}],"wp:featuredmedia":[{"embeddable":true,"href":"https:\/\/aromasentia.com\/no\/wp-json\/wp\/v2\/media\/297152"}],"wp:attachment":[{"href":"https:\/\/aromasentia.com\/no\/wp-json\/wp\/v2\/media?parent=206557"}],"wp:term":[{"taxonomy":"product_brand","embeddable":true,"href":"https:\/\/aromasentia.com\/no\/wp-json\/wp\/v2\/product_brand?post=206557"},{"taxonomy":"product_cat","embeddable":true,"href":"https:\/\/aromasentia.com\/no\/wp-json\/wp\/v2\/product_cat?post=206557"},{"taxonomy":"product_tag","embeddable":true,"href":"https:\/\/aromasentia.com\/no\/wp-json\/wp\/v2\/product_tag?post=206557"}],"curies":[{"name":"wp","href":"https:\/\/api.w.org\/{rel}","templated":true}]}}