{"id":206525,"date":"2025-03-20T17:50:17","date_gmt":"2025-03-20T17:50:17","guid":{"rendered":"https:\/\/aromasentia.com\/product\/extra-long-box-vintage-roses\/"},"modified":"2025-05-31T03:04:12","modified_gmt":"2025-05-31T03:04:12","slug":"ekstra-lang-eske-boks-vintage-roses","status":"publish","type":"product","link":"https:\/\/aromasentia.com\/no\/ekstra-lang-eske-boks-vintage-roses\/","title":{"rendered":"Ekstra Lang Eske \/ Boks &#8211; Vintage Roses"},"content":{"rendered":"<p><span style=\"color: rgb(75, 80, 88);\">Disse uts\u00f8kte gaveeskene leveres klare til utstilling i butikken din. Hver eske er n\u00f8ye laget for \u00e5 vise frem de intrikate s\u00e5peblomstene inni, noe som skaper en i\u00f8ynefallende og uimotst\u00e5elig presentasjon. Du kan enkelt legge til disse eskene i beholdningen din, noe som sikrer en rask og problemfri oppsett.<\/span><\/p>\n<p><span style=\"color: rgb(75, 80, 88);\"><strong>Vintage Roses Extra Long Box<\/strong> er en hjertevarm hyllest til tidl\u00f8s romantikk. De dempede, tidl\u00f8se fargene og de intrikat designede s\u00e5perosene fremkaller den romantiske sjarmen fra fortiden, noe som gj\u00f8r den til en ideell gave til jubileer og uttrykk for evigheten.<\/span><\/p>\n<p><span style=\"color: rgb(75, 80, 88);\">I en verden der f\u00f8rsteinntrykk betyr noe, skiller v\u00e5re s\u00e5peblomstgaveesker seg ut som et symbol p\u00e5 eleganse og omtanke. L\u00f8ft kundenes gaveopplevelse med disse moderne, enkle og allsidige eskene som garantert vil gi et varig inntrykk.<\/span><\/p>\n<p><span style=\"color: rgb(141, 186, 216);\"><strong>Skap et inntrykk med v\u00e5re s\u00e5peblomstgaveesker i dag!<\/strong><\/span><\/p>\n","protected":false},"excerpt":{"rendered":"<p>Disse uts\u00f8kte gaveeskene leveres klare til utstilling i butikken din. Hver eske er n\u00f8ye laget for \u00e5 vise frem de intrikate s\u00e5peblomstene inni, noe som skaper en i\u00f8ynefallende og uimotst\u00e5elig presentasjon. Du kan enkelt legge til disse eskene i beholdningen din, noe som sikrer en rask og problemfri oppsett. Vintage Roses Extra Long Box er [&hellip;]<\/p>\n","protected":false},"featured_media":298550,"comment_status":"closed","ping_status":"open","template":"","meta":{"_angie_page":false},"product_brand":[],"product_cat":[9413,26834,25843,26366],"product_tag":[],"class_list":{"0":"post-206525","1":"product","2":"type-product","3":"status-publish","4":"has-post-thumbnail","6":"product_cat-bad-spa-og-personlig-pleie","7":"product_cat-blomster","8":"product_cat-dufter-aromaer","9":"product_cat-rose","10":"pa_collection-soap-flowers-gift-boxes-no","11":"pa_made-in-kina","13":"first","14":"instock","15":"purchasable","16":"product-type-simple"},"supplier_id":null,"supplier_sku":"SFBX-26","barcode":null,"atum_controlled":true,"out_stock_date":null,"out_stock_threshold":null,"inheritable":false,"inbound_stock":null,"stock_on_hold":0,"sold_today":0,"sales_last_days":0,"reserved_stock":null,"customer_returns":null,"warehouse_damage":null,"lost_in_post":null,"other_logs":null,"out_stock_days":0,"lost_sales":0,"has_location":null,"update_date":"2026-04-27T07:21:26","atum_locations":[],"atum_stock_status":"instock","restock_status":false,"low_stock_amount":"","sales_update_date":"2026-01-30T01:24:49","calc_backorders":null,"_links":{"self":[{"href":"https:\/\/aromasentia.com\/no\/wp-json\/wp\/v2\/product\/206525","targetHints":{"allow":["GET"]}}],"collection":[{"href":"https:\/\/aromasentia.com\/no\/wp-json\/wp\/v2\/product"}],"about":[{"href":"https:\/\/aromasentia.com\/no\/wp-json\/wp\/v2\/types\/product"}],"replies":[{"embeddable":true,"href":"https:\/\/aromasentia.com\/no\/wp-json\/wp\/v2\/comments?post=206525"}],"version-history":[{"count":0,"href":"https:\/\/aromasentia.com\/no\/wp-json\/wp\/v2\/product\/206525\/revisions"}],"wp:featuredmedia":[{"embeddable":true,"href":"https:\/\/aromasentia.com\/no\/wp-json\/wp\/v2\/media\/298550"}],"wp:attachment":[{"href":"https:\/\/aromasentia.com\/no\/wp-json\/wp\/v2\/media?parent=206525"}],"wp:term":[{"taxonomy":"product_brand","embeddable":true,"href":"https:\/\/aromasentia.com\/no\/wp-json\/wp\/v2\/product_brand?post=206525"},{"taxonomy":"product_cat","embeddable":true,"href":"https:\/\/aromasentia.com\/no\/wp-json\/wp\/v2\/product_cat?post=206525"},{"taxonomy":"product_tag","embeddable":true,"href":"https:\/\/aromasentia.com\/no\/wp-json\/wp\/v2\/product_tag?post=206525"}],"curies":[{"name":"wp","href":"https:\/\/api.w.org\/{rel}","templated":true}]}}