{"id":206520,"date":"2025-03-20T17:51:16","date_gmt":"2025-03-20T17:51:16","guid":{"rendered":"https:\/\/aromasentia.com\/product\/shea-body-butter-180g-sexy\/"},"modified":"2025-05-31T03:03:56","modified_gmt":"2025-05-31T03:03:56","slug":"shea-body-butter-180g-sexy","status":"publish","type":"product","link":"https:\/\/aromasentia.com\/no\/shea-body-butter-180g-sexy\/","title":{"rendered":"Shea Body Butter 180g &#8211; Sexy"},"content":{"rendered":"<p>Lett duftende <strong>Shea Body Butter &#8211; Sexy<\/strong> er ideell for daglig bruk etter bad eller dusj, samt for kroppsmassasje.<\/p>\n<p>Denne serien med shea body butter er rikholdig og fuktighetsgivende, og er den ideelle behandlingen for t\u00f8rr og veldig t\u00f8rr hud.<\/p>\n<p>Med den naturlig n\u00e6rende godheten til sheasm\u00f8r, jobber den luksuri\u00f8se, rike body butteren for \u00e5 gj\u00f8re huden perfekt pleiet, myk og glatt.<\/p>\n<p>Bruksanvisning: F\u00f8r p\u00e5f\u00f8ring, rens huden i en varm dusj eller et badekar for \u00e5 \u00e5pne porene. Masser forsiktig en liten klatt av sm\u00f8ret v\u00e5rt inn i huden. La sm\u00f8ret virke i noen minutter f\u00f8r du kler p\u00e5 deg.<\/p>\n","protected":false},"excerpt":{"rendered":"<p>Lett duftende Shea Body Butter &#8211; Sexy er ideell for daglig bruk etter bad eller dusj, samt for kroppsmassasje. Denne serien med shea body butter er rikholdig og fuktighetsgivende, og er den ideelle behandlingen for t\u00f8rr og veldig t\u00f8rr hud. Med den naturlig n\u00e6rende godheten til sheasm\u00f8r, jobber den luksuri\u00f8se, rike body butteren for \u00e5 [&hellip;]<\/p>\n","protected":false},"featured_media":298723,"comment_status":"closed","ping_status":"open","template":"","meta":{"_angie_page":false},"product_brand":[],"product_cat":[9413],"product_tag":[],"class_list":{"0":"post-206520","1":"product","2":"type-product","3":"status-publish","4":"has-post-thumbnail","6":"product_cat-bad-spa-og-personlig-pleie","7":"pa_made-in-latvia","8":"pa_size-180g","10":"first","11":"outofstock","12":"purchasable","13":"product-type-simple"},"supplier_id":null,"supplier_sku":"SHB-04","barcode":null,"atum_controlled":true,"out_stock_date":"2025-09-05 16:06:09","out_stock_threshold":null,"inheritable":false,"inbound_stock":null,"stock_on_hold":0,"sold_today":0,"sales_last_days":0,"reserved_stock":null,"customer_returns":null,"warehouse_damage":null,"lost_in_post":null,"other_logs":null,"out_stock_days":0,"lost_sales":0,"has_location":null,"update_date":"2026-04-27T07:21:33","atum_locations":[],"atum_stock_status":"outofstock","restock_status":false,"low_stock_amount":"","sales_update_date":"2025-09-05T00:20:49","calc_backorders":null,"_links":{"self":[{"href":"https:\/\/aromasentia.com\/no\/wp-json\/wp\/v2\/product\/206520","targetHints":{"allow":["GET"]}}],"collection":[{"href":"https:\/\/aromasentia.com\/no\/wp-json\/wp\/v2\/product"}],"about":[{"href":"https:\/\/aromasentia.com\/no\/wp-json\/wp\/v2\/types\/product"}],"replies":[{"embeddable":true,"href":"https:\/\/aromasentia.com\/no\/wp-json\/wp\/v2\/comments?post=206520"}],"version-history":[{"count":0,"href":"https:\/\/aromasentia.com\/no\/wp-json\/wp\/v2\/product\/206520\/revisions"}],"wp:featuredmedia":[{"embeddable":true,"href":"https:\/\/aromasentia.com\/no\/wp-json\/wp\/v2\/media\/298723"}],"wp:attachment":[{"href":"https:\/\/aromasentia.com\/no\/wp-json\/wp\/v2\/media?parent=206520"}],"wp:term":[{"taxonomy":"product_brand","embeddable":true,"href":"https:\/\/aromasentia.com\/no\/wp-json\/wp\/v2\/product_brand?post=206520"},{"taxonomy":"product_cat","embeddable":true,"href":"https:\/\/aromasentia.com\/no\/wp-json\/wp\/v2\/product_cat?post=206520"},{"taxonomy":"product_tag","embeddable":true,"href":"https:\/\/aromasentia.com\/no\/wp-json\/wp\/v2\/product_tag?post=206520"}],"curies":[{"name":"wp","href":"https:\/\/api.w.org\/{rel}","templated":true}]}}