{"id":206509,"date":"2025-03-20T17:52:11","date_gmt":"2025-03-20T17:52:11","guid":{"rendered":"https:\/\/aromasentia.com\/product\/sisal-sponge-and-scrub-exfoliating-back-scrub\/"},"modified":"2025-05-31T03:03:25","modified_gmt":"2025-05-31T03:03:25","slug":"sisal-badesvamp-og-skrubb-eksfolierende-ryggskrubb","status":"publish","type":"product","link":"https:\/\/aromasentia.com\/no\/sisal-badesvamp-og-skrubb-eksfolierende-ryggskrubb\/","title":{"rendered":"Sisal Badesvamp Og Skrubb &#8211; Eksfolierende Ryggskrubb"},"content":{"rendered":"<p>Disse engros AW Earth Sisal-svampene og -skrubbene er perfekte for spa- og massasjesentre. De er fullstendig biologisk nedbrytbare og derfor milj\u00f8vennlige.<\/p>\n<p>De har egenskaper som skaper en ekte f\u00f8lelse av friskhet, og er sv\u00e6rt ideelle for eksfoliering, fjerning av d\u00f8de hudceller og for \u00e5 etterlate huden myk og fornyet.<\/p>\n<p>Eksfoliering b\u00f8r v\u00e6re en del av alles skj\u00f8nnhetsrutine hele \u00e5ret, men spesielt i kaldt v\u00e6r, for \u00e5 holde huden str\u00e5lende og frisk. Kundene vil elske dem!<\/p>\n<p>Bestill noen i dag for \u00e5 tilf\u00f8re litt luksus til butikken din.<\/p>\n","protected":false},"excerpt":{"rendered":"<p>Disse engros AW Earth Sisal-svampene og -skrubbene er perfekte for spa- og massasjesentre. De er fullstendig biologisk nedbrytbare og derfor milj\u00f8vennlige. De har egenskaper som skaper en ekte f\u00f8lelse av friskhet, og er sv\u00e6rt ideelle for eksfoliering, fjerning av d\u00f8de hudceller og for \u00e5 etterlate huden myk og fornyet. Eksfoliering b\u00f8r v\u00e6re en del av [&hellip;]<\/p>\n","protected":false},"featured_media":298996,"comment_status":"closed","ping_status":"open","template":"","meta":{"_angie_page":false},"product_brand":[],"product_cat":[9413],"product_tag":[],"class_list":{"0":"post-206509","1":"product","2":"type-product","3":"status-publish","4":"has-post-thumbnail","6":"product_cat-bad-spa-og-personlig-pleie","7":"pa_collection-sisal-sponges-and-scrubs-no","8":"pa_made-in-kina","10":"first","11":"instock","12":"purchasable","13":"product-type-simple"},"supplier_id":null,"supplier_sku":"SisalS-06DS","barcode":null,"atum_controlled":true,"out_stock_date":null,"out_stock_threshold":null,"inheritable":false,"inbound_stock":null,"stock_on_hold":0,"sold_today":0,"sales_last_days":0,"reserved_stock":null,"customer_returns":null,"warehouse_damage":null,"lost_in_post":null,"other_logs":null,"out_stock_days":0,"lost_sales":0,"has_location":null,"update_date":"2026-04-27T07:21:33","atum_locations":[],"atum_stock_status":"instock","restock_status":false,"low_stock_amount":"","sales_update_date":"2026-02-06T00:01:51","calc_backorders":null,"_links":{"self":[{"href":"https:\/\/aromasentia.com\/no\/wp-json\/wp\/v2\/product\/206509","targetHints":{"allow":["GET"]}}],"collection":[{"href":"https:\/\/aromasentia.com\/no\/wp-json\/wp\/v2\/product"}],"about":[{"href":"https:\/\/aromasentia.com\/no\/wp-json\/wp\/v2\/types\/product"}],"replies":[{"embeddable":true,"href":"https:\/\/aromasentia.com\/no\/wp-json\/wp\/v2\/comments?post=206509"}],"version-history":[{"count":0,"href":"https:\/\/aromasentia.com\/no\/wp-json\/wp\/v2\/product\/206509\/revisions"}],"wp:featuredmedia":[{"embeddable":true,"href":"https:\/\/aromasentia.com\/no\/wp-json\/wp\/v2\/media\/298996"}],"wp:attachment":[{"href":"https:\/\/aromasentia.com\/no\/wp-json\/wp\/v2\/media?parent=206509"}],"wp:term":[{"taxonomy":"product_brand","embeddable":true,"href":"https:\/\/aromasentia.com\/no\/wp-json\/wp\/v2\/product_brand?post=206509"},{"taxonomy":"product_cat","embeddable":true,"href":"https:\/\/aromasentia.com\/no\/wp-json\/wp\/v2\/product_cat?post=206509"},{"taxonomy":"product_tag","embeddable":true,"href":"https:\/\/aromasentia.com\/no\/wp-json\/wp\/v2\/product_tag?post=206509"}],"curies":[{"name":"wp","href":"https:\/\/api.w.org\/{rel}","templated":true}]}}