{"id":206505,"date":"2025-03-20T17:52:41","date_gmt":"2025-03-20T17:52:41","guid":{"rendered":"https:\/\/aromasentia.com\/product\/hippo-bathbomb-85g-citrus-crush\/"},"modified":"2025-05-31T03:03:05","modified_gmt":"2025-05-31T03:03:05","slug":"hippo-bathbomb-85g-citrus-crush","status":"publish","type":"product","link":"https:\/\/aromasentia.com\/no\/hippo-bathbomb-85g-citrus-crush\/","title":{"rendered":"Hippo Bathbomb 85G &#8211; Citrus Crush"},"content":{"rendered":"<p><span style=\"color: rgb(75, 80, 88);\">Vi presenterer v\u00e5r ekstraordin\u00e6re kolleksjon av <strong>formede badebomber<\/strong>, designet for \u00e5 gj\u00f8re badetiden til en virkelig fortryllende og altoppslukende opplevelse for barn! Hver badebombe er omhyggelig laget i fengslende form.<\/span><\/p>\n<p><span style=\"color: rgb(75, 80, 88);\">La v\u00e5re <strong>flodhestformede badebomber<\/strong> transportere deg til et <strong>sitrusparadis<\/strong>. Disse fruktige badebombene veier <strong>85 gram hver<\/strong> og er tilsatt en <strong>forfriskende Citrus Crush-duft<\/strong>. Etter hvert som badebomben l\u00f8ser seg opp, fyller den badekaret med en forfriskende aroma, slik at du f\u00f8ler deg revitalisert og energisk etter hvert bad.<\/span><\/p>\n<p><span style=\"color: rgb(75, 80, 88);\">Hver badebombe i kolleksjonen v\u00e5r er n\u00f8ye laget for \u00e5 skape et sensorisk eventyrland for barn. De gleder ikke bare sansene med sine fengslende former, men tilbyr ogs\u00e5 en luksuri\u00f8s og skummende badeopplevelse.<\/span><\/p>\n<p><span style=\"color: rgb(141, 186, 216);\"><strong>Individuelt krympeinnpakket<\/strong><\/span><\/p>\n<p><span style=\"color: rgb(75, 80, 88);\"><strong><em>V\u00e6r oppmerksom p\u00e5 at fargen kan variere.<\/em> <\/strong><\/span><\/p>\n","protected":false},"excerpt":{"rendered":"<p>Vi presenterer v\u00e5r ekstraordin\u00e6re kolleksjon av formede badebomber, designet for \u00e5 gj\u00f8re badetiden til en virkelig fortryllende og altoppslukende opplevelse for barn! Hver badebombe er omhyggelig laget i fengslende form. La v\u00e5re flodhestformede badebomber transportere deg til et sitrusparadis. Disse fruktige badebombene veier 85 gram hver og er tilsatt en forfriskende Citrus Crush-duft. Etter hvert [&hellip;]<\/p>\n","protected":false},"featured_media":299154,"comment_status":"closed","ping_status":"open","template":"","meta":{"_angie_page":false},"product_brand":[],"product_cat":[9413],"product_tag":[],"class_list":{"0":"post-206505","1":"product","2":"type-product","3":"status-publish","4":"has-post-thumbnail","6":"product_cat-bad-spa-og-personlig-pleie","7":"pa_collection-shaped-bath-bombs-for-kids-no","8":"pa_made-in-storbritannia","10":"first","11":"instock","12":"purchasable","13":"product-type-simple"},"supplier_id":null,"supplier_sku":"SKB-03","barcode":null,"atum_controlled":true,"out_stock_date":null,"out_stock_threshold":null,"inheritable":false,"inbound_stock":null,"stock_on_hold":0,"sold_today":0,"sales_last_days":0,"reserved_stock":null,"customer_returns":null,"warehouse_damage":null,"lost_in_post":null,"other_logs":null,"out_stock_days":0,"lost_sales":0,"has_location":null,"update_date":"2026-04-27T07:21:33","atum_locations":[],"atum_stock_status":"instock","restock_status":false,"low_stock_amount":"","sales_update_date":"2026-01-20T05:14:20","calc_backorders":null,"_links":{"self":[{"href":"https:\/\/aromasentia.com\/no\/wp-json\/wp\/v2\/product\/206505","targetHints":{"allow":["GET"]}}],"collection":[{"href":"https:\/\/aromasentia.com\/no\/wp-json\/wp\/v2\/product"}],"about":[{"href":"https:\/\/aromasentia.com\/no\/wp-json\/wp\/v2\/types\/product"}],"replies":[{"embeddable":true,"href":"https:\/\/aromasentia.com\/no\/wp-json\/wp\/v2\/comments?post=206505"}],"version-history":[{"count":0,"href":"https:\/\/aromasentia.com\/no\/wp-json\/wp\/v2\/product\/206505\/revisions"}],"wp:featuredmedia":[{"embeddable":true,"href":"https:\/\/aromasentia.com\/no\/wp-json\/wp\/v2\/media\/299154"}],"wp:attachment":[{"href":"https:\/\/aromasentia.com\/no\/wp-json\/wp\/v2\/media?parent=206505"}],"wp:term":[{"taxonomy":"product_brand","embeddable":true,"href":"https:\/\/aromasentia.com\/no\/wp-json\/wp\/v2\/product_brand?post=206505"},{"taxonomy":"product_cat","embeddable":true,"href":"https:\/\/aromasentia.com\/no\/wp-json\/wp\/v2\/product_cat?post=206505"},{"taxonomy":"product_tag","embeddable":true,"href":"https:\/\/aromasentia.com\/no\/wp-json\/wp\/v2\/product_tag?post=206505"}],"curies":[{"name":"wp","href":"https:\/\/api.w.org\/{rel}","templated":true}]}}