{"id":206502,"date":"2025-03-20T17:52:41","date_gmt":"2025-03-20T17:52:41","guid":{"rendered":"https:\/\/aromasentia.com\/product\/cat-bathbomb-80g-banana\/"},"modified":"2025-05-31T03:02:55","modified_gmt":"2025-05-31T03:02:55","slug":"cat-bathbomb-80g-banan","status":"publish","type":"product","link":"https:\/\/aromasentia.com\/no\/cat-bathbomb-80g-banan\/","title":{"rendered":"Cat Bathbomb 80g &#8211; Banan"},"content":{"rendered":"<p><span style=\"color: rgb(75, 80, 88);\">Vi presenterer v\u00e5r ekstraordin\u00e6re kolleksjon av <strong>formede badebomber<\/strong>, designet for \u00e5 gj\u00f8re badetiden til en virkelig fortryllende og altoppslukende opplevelse for barn! Hver badebombe er omhyggelig laget i fengslende former.<\/span><\/p>\n<p><span style=\"color: rgb(75, 80, 88);\"><strong>V\u00e5re katteformede badebomber<\/strong>, som veier 80 gram hver, utstr\u00e5ler den herlige aromaen av modne bananer. Med en mild brusing forvandler badebomben vannet til en duftende oase, noe som skaper en leken og hyggelig opplevelse for barn. La fantasien l\u00f8pe l\u00f8psk mens du nyter den skummende godheten til denne finurlige kattevennen.<\/span> <\/p>\n<p><span style=\"color: rgb(75, 80, 88);\">Hver badebombe i kolleksjonen v\u00e5r er n\u00f8ye laget for \u00e5 skape et sensorisk eventyrland for barn. De gleder ikke bare sansene med sine fengslende former, men tilbyr ogs\u00e5 en luksuri\u00f8s og skummende badeopplevelse.<\/span><\/p>\n<p><span style=\"color: rgb(141, 186, 216);\"><strong>Individuelt krympeinnpakket<\/strong><\/span><\/p>\n","protected":false},"excerpt":{"rendered":"<p>Vi presenterer v\u00e5r ekstraordin\u00e6re kolleksjon av formede badebomber, designet for \u00e5 gj\u00f8re badetiden til en virkelig fortryllende og altoppslukende opplevelse for barn! Hver badebombe er omhyggelig laget i fengslende former. V\u00e5re katteformede badebomber, som veier 80 gram hver, utstr\u00e5ler den herlige aromaen av modne bananer. Med en mild brusing forvandler badebomben vannet til en duftende [&hellip;]<\/p>\n","protected":false},"featured_media":299079,"comment_status":"closed","ping_status":"open","template":"","meta":{"_angie_page":false},"product_brand":[],"product_cat":[9413,26566,25843,26848],"product_tag":[],"class_list":{"0":"post-206502","1":"product","2":"type-product","3":"status-publish","4":"has-post-thumbnail","6":"product_cat-bad-spa-og-personlig-pleie","7":"product_cat-banan","8":"product_cat-dufter-aromaer","9":"product_cat-fruktig","10":"pa_collection-shaped-bath-bombs-for-kids-no","11":"pa_made-in-storbritannia","13":"first","14":"instock","15":"purchasable","16":"product-type-simple"},"supplier_id":null,"supplier_sku":"SKB-06","barcode":null,"atum_controlled":true,"out_stock_date":null,"out_stock_threshold":null,"inheritable":false,"inbound_stock":null,"stock_on_hold":0,"sold_today":0,"sales_last_days":0,"reserved_stock":null,"customer_returns":null,"warehouse_damage":null,"lost_in_post":null,"other_logs":null,"out_stock_days":0,"lost_sales":0,"has_location":null,"update_date":"2026-04-27T07:21:33","atum_locations":[],"atum_stock_status":"instock","restock_status":false,"low_stock_amount":"","sales_update_date":"2025-09-05T00:20:56","calc_backorders":null,"_links":{"self":[{"href":"https:\/\/aromasentia.com\/no\/wp-json\/wp\/v2\/product\/206502","targetHints":{"allow":["GET"]}}],"collection":[{"href":"https:\/\/aromasentia.com\/no\/wp-json\/wp\/v2\/product"}],"about":[{"href":"https:\/\/aromasentia.com\/no\/wp-json\/wp\/v2\/types\/product"}],"replies":[{"embeddable":true,"href":"https:\/\/aromasentia.com\/no\/wp-json\/wp\/v2\/comments?post=206502"}],"version-history":[{"count":0,"href":"https:\/\/aromasentia.com\/no\/wp-json\/wp\/v2\/product\/206502\/revisions"}],"wp:featuredmedia":[{"embeddable":true,"href":"https:\/\/aromasentia.com\/no\/wp-json\/wp\/v2\/media\/299079"}],"wp:attachment":[{"href":"https:\/\/aromasentia.com\/no\/wp-json\/wp\/v2\/media?parent=206502"}],"wp:term":[{"taxonomy":"product_brand","embeddable":true,"href":"https:\/\/aromasentia.com\/no\/wp-json\/wp\/v2\/product_brand?post=206502"},{"taxonomy":"product_cat","embeddable":true,"href":"https:\/\/aromasentia.com\/no\/wp-json\/wp\/v2\/product_cat?post=206502"},{"taxonomy":"product_tag","embeddable":true,"href":"https:\/\/aromasentia.com\/no\/wp-json\/wp\/v2\/product_tag?post=206502"}],"curies":[{"name":"wp","href":"https:\/\/api.w.org\/{rel}","templated":true}]}}