{"id":206501,"date":"2025-03-20T17:52:41","date_gmt":"2025-03-20T17:52:41","guid":{"rendered":"https:\/\/aromasentia.com\/product\/monkey-bathbomb-90g-guava-strawberry\/"},"modified":"2025-05-31T03:02:52","modified_gmt":"2025-05-31T03:02:52","slug":"monkey-bathbomb-90g-guava-jordbaer","status":"publish","type":"product","link":"https:\/\/aromasentia.com\/no\/monkey-bathbomb-90g-guava-jordbaer\/","title":{"rendered":"Monkey Bathbomb 90G &#8211; Guava &#038; Jordb\u00e6r"},"content":{"rendered":"<p><span style=\"color: rgb(75, 80, 88);\">Vi presenterer v\u00e5r ekstraordin\u00e6re kolleksjon av <strong>formede badebomber<\/strong>, designet for \u00e5 gj\u00f8re badetiden til en virkelig fortryllende og altoppslukende opplevelse for barn! Hver badebombe er omhyggelig laget i fengslende former.<\/span><\/p>\n<p><span style=\"color: rgb(75, 80, 88);\">Fordyp deg i et tropisk paradis med v\u00e5re <strong>apeformede badebomber<\/strong>. Hver bombe, <strong>som veier 90 gram<\/strong>, kombinerer de uimotst\u00e5elige duftene av guava og jordb\u00e6r. N\u00e5r den apeformede badebomben l\u00f8ses opp, fyller en tropisk duft luften og transporterer deg til frodige regnskoger og solfylte strender.<\/span> <\/p>\n<p><span style=\"color: rgb(75, 80, 88);\">Hver badebombe i kolleksjonen v\u00e5r er n\u00f8ye laget for \u00e5 skape et sensorisk eventyrland for barn. De gleder ikke bare sansene med sine fengslende former, men tilbyr ogs\u00e5 en luksuri\u00f8s og skummende badeopplevelse.<\/span><\/p>\n<p><span style=\"color: rgb(141, 186, 216);\"><strong>Individuelt krympeinnpakket<\/strong><\/span><\/p>\n","protected":false},"excerpt":{"rendered":"<p>Vi presenterer v\u00e5r ekstraordin\u00e6re kolleksjon av formede badebomber, designet for \u00e5 gj\u00f8re badetiden til en virkelig fortryllende og altoppslukende opplevelse for barn! Hver badebombe er omhyggelig laget i fengslende former. Fordyp deg i et tropisk paradis med v\u00e5re apeformede badebomber. Hver bombe, som veier 90 gram, kombinerer de uimotst\u00e5elige duftene av guava og jordb\u00e6r. N\u00e5r [&hellip;]<\/p>\n","protected":false},"featured_media":299054,"comment_status":"closed","ping_status":"open","template":"","meta":{"_angie_page":false},"product_brand":[],"product_cat":[9413,25843,26848,26567,26539],"product_tag":[],"class_list":{"0":"post-206501","1":"product","2":"type-product","3":"status-publish","4":"has-post-thumbnail","6":"product_cat-bad-spa-og-personlig-pleie","7":"product_cat-dufter-aromaer","8":"product_cat-fruktig","9":"product_cat-guaava","10":"product_cat-jordbaer","11":"pa_collection-shaped-bath-bombs-for-kids-no","12":"pa_made-in-storbritannia","13":"pa_size-90g","15":"first","16":"instock","17":"purchasable","18":"product-type-simple"},"supplier_id":null,"supplier_sku":"SKB-07","barcode":null,"atum_controlled":true,"out_stock_date":null,"out_stock_threshold":null,"inheritable":false,"inbound_stock":null,"stock_on_hold":0,"sold_today":0,"sales_last_days":0,"reserved_stock":null,"customer_returns":null,"warehouse_damage":null,"lost_in_post":null,"other_logs":null,"out_stock_days":0,"lost_sales":0,"has_location":null,"update_date":"2026-04-27T07:21:33","atum_locations":[],"atum_stock_status":"instock","restock_status":false,"low_stock_amount":"","sales_update_date":"2025-09-05T00:20:56","calc_backorders":null,"_links":{"self":[{"href":"https:\/\/aromasentia.com\/no\/wp-json\/wp\/v2\/product\/206501","targetHints":{"allow":["GET"]}}],"collection":[{"href":"https:\/\/aromasentia.com\/no\/wp-json\/wp\/v2\/product"}],"about":[{"href":"https:\/\/aromasentia.com\/no\/wp-json\/wp\/v2\/types\/product"}],"replies":[{"embeddable":true,"href":"https:\/\/aromasentia.com\/no\/wp-json\/wp\/v2\/comments?post=206501"}],"version-history":[{"count":0,"href":"https:\/\/aromasentia.com\/no\/wp-json\/wp\/v2\/product\/206501\/revisions"}],"wp:featuredmedia":[{"embeddable":true,"href":"https:\/\/aromasentia.com\/no\/wp-json\/wp\/v2\/media\/299054"}],"wp:attachment":[{"href":"https:\/\/aromasentia.com\/no\/wp-json\/wp\/v2\/media?parent=206501"}],"wp:term":[{"taxonomy":"product_brand","embeddable":true,"href":"https:\/\/aromasentia.com\/no\/wp-json\/wp\/v2\/product_brand?post=206501"},{"taxonomy":"product_cat","embeddable":true,"href":"https:\/\/aromasentia.com\/no\/wp-json\/wp\/v2\/product_cat?post=206501"},{"taxonomy":"product_tag","embeddable":true,"href":"https:\/\/aromasentia.com\/no\/wp-json\/wp\/v2\/product_tag?post=206501"}],"curies":[{"name":"wp","href":"https:\/\/api.w.org\/{rel}","templated":true}]}}