{"id":206494,"date":"2025-03-20T17:53:34","date_gmt":"2025-03-20T17:53:34","guid":{"rendered":"https:\/\/aromasentia.com\/product\/honey-onxy-square-soap-dish\/"},"modified":"2025-05-31T03:02:32","modified_gmt":"2025-05-31T03:02:32","slug":"honey-onxy-firkantet-sapeskal","status":"publish","type":"product","link":"https:\/\/aromasentia.com\/no\/honey-onxy-firkantet-sapeskal\/","title":{"rendered":"Honey Onxy Firkantet S\u00e5pesk\u00e5l"},"content":{"rendered":"<p>En moderne og stilig s\u00e5pesk\u00e5l laget av ett stykke honning onyx vil understreke skj\u00f8nnheten i ethvert bad p\u00e5 en vakker og unik m\u00e5te. Den kombinerer et unikt utseende med praktisk bruk. Riller p\u00e5 toppen hindrer s\u00e5pen i \u00e5 skli. Bildet viser produktet i en eksemplarisk fargekombinasjon.<\/p>\n<p>\n","protected":false},"excerpt":{"rendered":"<p>En moderne og stilig s\u00e5pesk\u00e5l laget av ett stykke honning onyx vil understreke skj\u00f8nnheten i ethvert bad p\u00e5 en vakker og unik m\u00e5te. Den kombinerer et unikt utseende med praktisk bruk. Riller p\u00e5 toppen hindrer s\u00e5pen i \u00e5 skli. Bildet viser produktet i en eksemplarisk fargekombinasjon.<\/p>\n","protected":false},"featured_media":299419,"comment_status":"closed","ping_status":"open","template":"","meta":{"_angie_page":false},"product_brand":[],"product_cat":[9413,9425],"product_tag":[],"class_list":{"0":"post-206494","1":"product","2":"type-product","3":"status-publish","4":"has-post-thumbnail","6":"product_cat-bad-spa-og-personlig-pleie","7":"product_cat-sapeskaler-og-sapedispensere","8":"pa_collection-stone-soap-dishes-no","9":"pa_made-in-indonesia","11":"first","12":"instock","13":"purchasable","14":"product-type-simple"},"supplier_id":null,"supplier_sku":"SSD-02","barcode":null,"atum_controlled":true,"out_stock_date":null,"out_stock_threshold":null,"inheritable":false,"inbound_stock":null,"stock_on_hold":0,"sold_today":0,"sales_last_days":0,"reserved_stock":null,"customer_returns":null,"warehouse_damage":null,"lost_in_post":null,"other_logs":null,"out_stock_days":0,"lost_sales":0,"has_location":null,"update_date":"2026-05-11T01:56:48","atum_locations":[],"atum_stock_status":"instock","restock_status":false,"low_stock_amount":"","sales_update_date":"2026-01-30T01:24:28","calc_backorders":null,"_links":{"self":[{"href":"https:\/\/aromasentia.com\/no\/wp-json\/wp\/v2\/product\/206494","targetHints":{"allow":["GET"]}}],"collection":[{"href":"https:\/\/aromasentia.com\/no\/wp-json\/wp\/v2\/product"}],"about":[{"href":"https:\/\/aromasentia.com\/no\/wp-json\/wp\/v2\/types\/product"}],"replies":[{"embeddable":true,"href":"https:\/\/aromasentia.com\/no\/wp-json\/wp\/v2\/comments?post=206494"}],"version-history":[{"count":0,"href":"https:\/\/aromasentia.com\/no\/wp-json\/wp\/v2\/product\/206494\/revisions"}],"wp:featuredmedia":[{"embeddable":true,"href":"https:\/\/aromasentia.com\/no\/wp-json\/wp\/v2\/media\/299419"}],"wp:attachment":[{"href":"https:\/\/aromasentia.com\/no\/wp-json\/wp\/v2\/media?parent=206494"}],"wp:term":[{"taxonomy":"product_brand","embeddable":true,"href":"https:\/\/aromasentia.com\/no\/wp-json\/wp\/v2\/product_brand?post=206494"},{"taxonomy":"product_cat","embeddable":true,"href":"https:\/\/aromasentia.com\/no\/wp-json\/wp\/v2\/product_cat?post=206494"},{"taxonomy":"product_tag","embeddable":true,"href":"https:\/\/aromasentia.com\/no\/wp-json\/wp\/v2\/product_tag?post=206494"}],"curies":[{"name":"wp","href":"https:\/\/api.w.org\/{rel}","templated":true}]}}