{"id":206489,"date":"2025-03-20T17:53:50","date_gmt":"2025-03-20T17:53:50","guid":{"rendered":"https:\/\/aromasentia.com\/product\/round-honey-marble-rounded-soap-dish\/"},"modified":"2025-05-31T03:02:12","modified_gmt":"2025-05-31T03:02:12","slug":"rund-sapeskal-i-honningmarmor","status":"publish","type":"product","link":"https:\/\/aromasentia.com\/no\/rund-sapeskal-i-honningmarmor\/","title":{"rendered":"Rund S\u00e5pesk\u00e5l I Honningmarmor"},"content":{"rendered":"<p>Unik dekorativ rund s\u00e5pesk\u00e5l i marmor laget av honningmarmor. Den glatte indre delen understreker steinens naturlighet. Hullene i bunnen gj\u00f8r det lettere \u00e5 t\u00f8rke s\u00e5pen og holde den i god stand.<\/p>\n<p><strong>NB:<\/strong> Hver s\u00e5pesk\u00e5l i stein er unik; bildet viser produktet i en eksemplarisk fargekombinasjon.&nbsp;&nbsp;<\/p>\n","protected":false},"excerpt":{"rendered":"<p>Unik dekorativ rund s\u00e5pesk\u00e5l i marmor laget av honningmarmor. Den glatte indre delen understreker steinens naturlighet. Hullene i bunnen gj\u00f8r det lettere \u00e5 t\u00f8rke s\u00e5pen og holde den i god stand. NB: Hver s\u00e5pesk\u00e5l i stein er unik; bildet viser produktet i en eksemplarisk fargekombinasjon.&nbsp;&nbsp;<\/p>\n","protected":false},"featured_media":299504,"comment_status":"closed","ping_status":"open","template":"","meta":{"_angie_page":false},"product_brand":[],"product_cat":[9413,9425],"product_tag":[],"class_list":{"0":"post-206489","1":"product","2":"type-product","3":"status-publish","4":"has-post-thumbnail","6":"product_cat-bad-spa-og-personlig-pleie","7":"product_cat-sapeskaler-og-sapedispensere","8":"pa_collection-stone-soap-dishes-no","9":"pa_made-in-indonesia","11":"first","12":"instock","13":"purchasable","14":"product-type-simple"},"supplier_id":null,"supplier_sku":"SSD-07","barcode":null,"atum_controlled":true,"out_stock_date":null,"out_stock_threshold":null,"inheritable":false,"inbound_stock":null,"stock_on_hold":0,"sold_today":0,"sales_last_days":0,"reserved_stock":null,"customer_returns":null,"warehouse_damage":null,"lost_in_post":null,"other_logs":null,"out_stock_days":70,"lost_sales":0,"has_location":null,"update_date":"2026-04-27T07:23:10","atum_locations":[],"atum_stock_status":"instock","restock_status":false,"low_stock_amount":"","sales_update_date":"2026-02-06T00:01:05","calc_backorders":null,"_links":{"self":[{"href":"https:\/\/aromasentia.com\/no\/wp-json\/wp\/v2\/product\/206489","targetHints":{"allow":["GET"]}}],"collection":[{"href":"https:\/\/aromasentia.com\/no\/wp-json\/wp\/v2\/product"}],"about":[{"href":"https:\/\/aromasentia.com\/no\/wp-json\/wp\/v2\/types\/product"}],"replies":[{"embeddable":true,"href":"https:\/\/aromasentia.com\/no\/wp-json\/wp\/v2\/comments?post=206489"}],"version-history":[{"count":0,"href":"https:\/\/aromasentia.com\/no\/wp-json\/wp\/v2\/product\/206489\/revisions"}],"wp:featuredmedia":[{"embeddable":true,"href":"https:\/\/aromasentia.com\/no\/wp-json\/wp\/v2\/media\/299504"}],"wp:attachment":[{"href":"https:\/\/aromasentia.com\/no\/wp-json\/wp\/v2\/media?parent=206489"}],"wp:term":[{"taxonomy":"product_brand","embeddable":true,"href":"https:\/\/aromasentia.com\/no\/wp-json\/wp\/v2\/product_brand?post=206489"},{"taxonomy":"product_cat","embeddable":true,"href":"https:\/\/aromasentia.com\/no\/wp-json\/wp\/v2\/product_cat?post=206489"},{"taxonomy":"product_tag","embeddable":true,"href":"https:\/\/aromasentia.com\/no\/wp-json\/wp\/v2\/product_tag?post=206489"}],"curies":[{"name":"wp","href":"https:\/\/api.w.org\/{rel}","templated":true}]}}