{"id":206483,"date":"2025-03-20T17:54:08","date_gmt":"2025-03-20T17:54:08","guid":{"rendered":"https:\/\/aromasentia.com\/product\/classic-oval-grey-marble-soap-dish\/"},"modified":"2025-05-31T03:01:43","modified_gmt":"2025-05-31T03:01:43","slug":"klassisk-oval-sapeskal-i-gra-marmor","status":"publish","type":"product","link":"https:\/\/aromasentia.com\/no\/klassisk-oval-sapeskal-i-gra-marmor\/","title":{"rendered":"Klassisk Oval S\u00e5pesk\u00e5l I Gr\u00e5 Marmor"},"content":{"rendered":"<p>S\u00e5pesk\u00e5len i marmor er designet i en klassisk, tidl\u00f8s form. Den vil v\u00e6re et attraktivt og elegant element i et stilfullt bad. Svarte, hvite og gr\u00e5 nyanser av stein gir den klasse.&nbsp;<\/p>\n<p>Produktene er laget av naturstein. De kan variere i farge, nyanse, m\u00f8nster og tekstur. M\u00f8nsteret p\u00e5 natursteinen er unikt.<\/p>\n<p>\n","protected":false},"excerpt":{"rendered":"<p>S\u00e5pesk\u00e5len i marmor er designet i en klassisk, tidl\u00f8s form. Den vil v\u00e6re et attraktivt og elegant element i et stilfullt bad. Svarte, hvite og gr\u00e5 nyanser av stein gir den klasse.&nbsp; Produktene er laget av naturstein. De kan variere i farge, nyanse, m\u00f8nster og tekstur. M\u00f8nsteret p\u00e5 natursteinen er unikt.<\/p>\n","protected":false},"featured_media":299572,"comment_status":"closed","ping_status":"open","template":"","meta":{"_angie_page":false},"product_brand":[],"product_cat":[9413,9425],"product_tag":[],"class_list":{"0":"post-206483","1":"product","2":"type-product","3":"status-publish","4":"has-post-thumbnail","6":"product_cat-bad-spa-og-personlig-pleie","7":"product_cat-sapeskaler-og-sapedispensere","8":"pa_collection-stone-soap-dishes-no","9":"pa_made-in-indonesia","11":"first","12":"instock","13":"purchasable","14":"product-type-simple"},"supplier_id":null,"supplier_sku":"SSD-11","barcode":null,"atum_controlled":true,"out_stock_date":null,"out_stock_threshold":null,"inheritable":false,"inbound_stock":null,"stock_on_hold":0,"sold_today":0,"sales_last_days":0,"reserved_stock":null,"customer_returns":null,"warehouse_damage":null,"lost_in_post":null,"other_logs":null,"out_stock_days":0,"lost_sales":0,"has_location":null,"update_date":"2026-05-08T05:20:16","atum_locations":[],"atum_stock_status":"instock","restock_status":false,"low_stock_amount":"","sales_update_date":"2025-09-05T00:21:06","calc_backorders":null,"_links":{"self":[{"href":"https:\/\/aromasentia.com\/no\/wp-json\/wp\/v2\/product\/206483","targetHints":{"allow":["GET"]}}],"collection":[{"href":"https:\/\/aromasentia.com\/no\/wp-json\/wp\/v2\/product"}],"about":[{"href":"https:\/\/aromasentia.com\/no\/wp-json\/wp\/v2\/types\/product"}],"replies":[{"embeddable":true,"href":"https:\/\/aromasentia.com\/no\/wp-json\/wp\/v2\/comments?post=206483"}],"version-history":[{"count":0,"href":"https:\/\/aromasentia.com\/no\/wp-json\/wp\/v2\/product\/206483\/revisions"}],"wp:featuredmedia":[{"embeddable":true,"href":"https:\/\/aromasentia.com\/no\/wp-json\/wp\/v2\/media\/299572"}],"wp:attachment":[{"href":"https:\/\/aromasentia.com\/no\/wp-json\/wp\/v2\/media?parent=206483"}],"wp:term":[{"taxonomy":"product_brand","embeddable":true,"href":"https:\/\/aromasentia.com\/no\/wp-json\/wp\/v2\/product_brand?post=206483"},{"taxonomy":"product_cat","embeddable":true,"href":"https:\/\/aromasentia.com\/no\/wp-json\/wp\/v2\/product_cat?post=206483"},{"taxonomy":"product_tag","embeddable":true,"href":"https:\/\/aromasentia.com\/no\/wp-json\/wp\/v2\/product_tag?post=206483"}],"curies":[{"name":"wp","href":"https:\/\/api.w.org\/{rel}","templated":true}]}}