{"id":206477,"date":"2025-03-20T17:54:28","date_gmt":"2025-03-20T17:54:28","guid":{"rendered":"https:\/\/aromasentia.com\/product\/petrified-wood-brown-soap-dish\/"},"modified":"2025-05-31T03:01:25","modified_gmt":"2025-05-31T03:01:25","slug":"brun-sapeskal-i-forsteinet-tre","status":"publish","type":"product","link":"https:\/\/aromasentia.com\/no\/brun-sapeskal-i-forsteinet-tre\/","title":{"rendered":"Brun S\u00e5pesk\u00e5l I Forsteinet Tre"},"content":{"rendered":"<p>S\u00e5pesk\u00e5l laget av forsteinet tre. Fargen p\u00e5 forsteinet tre stammer ikke fra treslaget eller fargen p\u00e5 treet til en levende plante, men skyldes tilstedev\u00e6relsen av mineraler som har trengt inn i silisiumdioksydet som mineraliserer avfallet. Den \u00f8vre delen av s\u00e5pesk\u00e5len er glattpolert, mens kantene er ubehandlet.<\/p>\n<p>NB: Hver s\u00e5pesk\u00e5l i stein er unik; bildet viser produktet i en eksemplarisk fargesammensetning. <\/p>\n<p>\n","protected":false},"excerpt":{"rendered":"<p>S\u00e5pesk\u00e5l laget av forsteinet tre. Fargen p\u00e5 forsteinet tre stammer ikke fra treslaget eller fargen p\u00e5 treet til en levende plante, men skyldes tilstedev\u00e6relsen av mineraler som har trengt inn i silisiumdioksydet som mineraliserer avfallet. Den \u00f8vre delen av s\u00e5pesk\u00e5len er glattpolert, mens kantene er ubehandlet. NB: Hver s\u00e5pesk\u00e5l i stein er unik; bildet viser [&hellip;]<\/p>\n","protected":false},"featured_media":299656,"comment_status":"closed","ping_status":"open","template":"","meta":{"_angie_page":false},"product_brand":[],"product_cat":[9413,25712,25221,9425],"product_tag":[],"class_list":{"0":"post-206477","1":"product","2":"type-product","3":"status-publish","4":"has-post-thumbnail","6":"product_cat-bad-spa-og-personlig-pleie","7":"product_cat-forsteinet-tre","8":"product_cat-krystaller-edelsteiner","9":"product_cat-sapeskaler-og-sapedispensere","10":"pa_collection-stone-soap-dishes-no","11":"pa_made-in-indonesia","13":"first","14":"instock","15":"purchasable","16":"product-type-simple"},"supplier_id":null,"supplier_sku":"SSD-15","barcode":null,"atum_controlled":true,"out_stock_date":null,"out_stock_threshold":null,"inheritable":false,"inbound_stock":null,"stock_on_hold":0,"sold_today":0,"sales_last_days":0,"reserved_stock":null,"customer_returns":null,"warehouse_damage":null,"lost_in_post":null,"other_logs":null,"out_stock_days":0,"lost_sales":0,"has_location":null,"update_date":"2026-05-04T00:04:59","atum_locations":[],"atum_stock_status":"instock","restock_status":false,"low_stock_amount":"","sales_update_date":"2026-02-06T00:01:57","calc_backorders":null,"_links":{"self":[{"href":"https:\/\/aromasentia.com\/no\/wp-json\/wp\/v2\/product\/206477","targetHints":{"allow":["GET"]}}],"collection":[{"href":"https:\/\/aromasentia.com\/no\/wp-json\/wp\/v2\/product"}],"about":[{"href":"https:\/\/aromasentia.com\/no\/wp-json\/wp\/v2\/types\/product"}],"replies":[{"embeddable":true,"href":"https:\/\/aromasentia.com\/no\/wp-json\/wp\/v2\/comments?post=206477"}],"version-history":[{"count":0,"href":"https:\/\/aromasentia.com\/no\/wp-json\/wp\/v2\/product\/206477\/revisions"}],"wp:featuredmedia":[{"embeddable":true,"href":"https:\/\/aromasentia.com\/no\/wp-json\/wp\/v2\/media\/299656"}],"wp:attachment":[{"href":"https:\/\/aromasentia.com\/no\/wp-json\/wp\/v2\/media?parent=206477"}],"wp:term":[{"taxonomy":"product_brand","embeddable":true,"href":"https:\/\/aromasentia.com\/no\/wp-json\/wp\/v2\/product_brand?post=206477"},{"taxonomy":"product_cat","embeddable":true,"href":"https:\/\/aromasentia.com\/no\/wp-json\/wp\/v2\/product_cat?post=206477"},{"taxonomy":"product_tag","embeddable":true,"href":"https:\/\/aromasentia.com\/no\/wp-json\/wp\/v2\/product_tag?post=206477"}],"curies":[{"name":"wp","href":"https:\/\/api.w.org\/{rel}","templated":true}]}}