{"id":206476,"date":"2025-03-20T17:54:28","date_gmt":"2025-03-20T17:54:28","guid":{"rendered":"https:\/\/aromasentia.com\/product\/petrified-wood-black-soap-dish\/"},"modified":"2025-05-31T03:01:23","modified_gmt":"2025-05-31T03:01:23","slug":"sapeskal-i-forsteinet-tre-svart","status":"publish","type":"product","link":"https:\/\/aromasentia.com\/no\/sapeskal-i-forsteinet-tre-svart\/","title":{"rendered":"S\u00e5pesk\u00e5l I Forsteinet Tre, Svart"},"content":{"rendered":"<p>En s\u00e5pesk\u00e5l laget for h\u00e5nd av forsteinet tre. Den \u00f8vre delen er glattpolert, mens kantene er ubehandlet. S\u00e5pesk\u00e5len har ogs\u00e5 en praktisk s\u00e5pefordypning. Materialet av h\u00f8y kvalitet, den m\u00f8rke fargen og den enkle designen gj\u00f8r s\u00e5pesk\u00e5len sv\u00e6rt elegant og effektfull. Det vil v\u00e6re en original interi\u00f8rdekorasjon og et interessant blikkfang.<\/p>\n<p>Forstenet tre er et ekstremt slitesterkt og tidl\u00f8st materiale, takket v\u00e6re at s\u00e5pesk\u00e5len vil fungere i lang tid.&nbsp;<\/p>\n<p>NB: Dette forsteinede treverket kan v\u00e6re helt svart eller ha svarte elementer. Bildene viser produktet i en eksemplarisk fargekombinasjon.&nbsp;<\/p><\/p>\n","protected":false},"excerpt":{"rendered":"<p>En s\u00e5pesk\u00e5l laget for h\u00e5nd av forsteinet tre. Den \u00f8vre delen er glattpolert, mens kantene er ubehandlet. S\u00e5pesk\u00e5len har ogs\u00e5 en praktisk s\u00e5pefordypning. Materialet av h\u00f8y kvalitet, den m\u00f8rke fargen og den enkle designen gj\u00f8r s\u00e5pesk\u00e5len sv\u00e6rt elegant og effektfull. Det vil v\u00e6re en original interi\u00f8rdekorasjon og et interessant blikkfang. Forstenet tre er et ekstremt [&hellip;]<\/p>\n","protected":false},"featured_media":299623,"comment_status":"closed","ping_status":"open","template":"","meta":{"_angie_page":false},"product_brand":[],"product_cat":[9413,25712,25221,9425],"product_tag":[],"class_list":{"0":"post-206476","1":"product","2":"type-product","3":"status-publish","4":"has-post-thumbnail","6":"product_cat-bad-spa-og-personlig-pleie","7":"product_cat-forsteinet-tre","8":"product_cat-krystaller-edelsteiner","9":"product_cat-sapeskaler-og-sapedispensere","10":"pa_collection-stone-soap-dishes-no","11":"pa_made-in-indonesia","13":"first","14":"instock","15":"purchasable","16":"product-type-simple"},"supplier_id":null,"supplier_sku":"SSD-14","barcode":null,"atum_controlled":true,"out_stock_date":null,"out_stock_threshold":null,"inheritable":false,"inbound_stock":null,"stock_on_hold":0,"sold_today":0,"sales_last_days":0,"reserved_stock":null,"customer_returns":null,"warehouse_damage":null,"lost_in_post":null,"other_logs":null,"out_stock_days":0,"lost_sales":0,"has_location":null,"update_date":"2026-05-04T00:04:59","atum_locations":[],"atum_stock_status":"instock","restock_status":false,"low_stock_amount":"","sales_update_date":"2026-01-30T01:24:53","calc_backorders":null,"_links":{"self":[{"href":"https:\/\/aromasentia.com\/no\/wp-json\/wp\/v2\/product\/206476","targetHints":{"allow":["GET"]}}],"collection":[{"href":"https:\/\/aromasentia.com\/no\/wp-json\/wp\/v2\/product"}],"about":[{"href":"https:\/\/aromasentia.com\/no\/wp-json\/wp\/v2\/types\/product"}],"replies":[{"embeddable":true,"href":"https:\/\/aromasentia.com\/no\/wp-json\/wp\/v2\/comments?post=206476"}],"version-history":[{"count":0,"href":"https:\/\/aromasentia.com\/no\/wp-json\/wp\/v2\/product\/206476\/revisions"}],"wp:featuredmedia":[{"embeddable":true,"href":"https:\/\/aromasentia.com\/no\/wp-json\/wp\/v2\/media\/299623"}],"wp:attachment":[{"href":"https:\/\/aromasentia.com\/no\/wp-json\/wp\/v2\/media?parent=206476"}],"wp:term":[{"taxonomy":"product_brand","embeddable":true,"href":"https:\/\/aromasentia.com\/no\/wp-json\/wp\/v2\/product_brand?post=206476"},{"taxonomy":"product_cat","embeddable":true,"href":"https:\/\/aromasentia.com\/no\/wp-json\/wp\/v2\/product_cat?post=206476"},{"taxonomy":"product_tag","embeddable":true,"href":"https:\/\/aromasentia.com\/no\/wp-json\/wp\/v2\/product_tag?post=206476"}],"curies":[{"name":"wp","href":"https:\/\/api.w.org\/{rel}","templated":true}]}}