{"id":206474,"date":"2025-03-20T17:55:01","date_gmt":"2025-03-20T17:55:01","guid":{"rendered":"https:\/\/aromasentia.com\/product\/wild-hare-salt-flowers-set-total-detox\/"},"modified":"2025-05-31T03:01:16","modified_gmt":"2025-05-31T03:01:16","slug":"wild-hare-salt-flowers-set-total-detox","status":"publish","type":"product","link":"https:\/\/aromasentia.com\/no\/wild-hare-salt-flowers-set-total-detox\/","title":{"rendered":"Wild Hare Salt &#038; Flowers Set &#8211; Total Detox"},"content":{"rendered":"<p><span style=\"color: rgb(75, 80, 88);\">Utforsk fantastiske ferdige spa-gaveesker &#8211;<\/span>Total Detox<span style=\"color: rgb(75, 80, 88);\">med badesalt og blomster. La kundene dine skape en liten spa-oase hver kveld med Wild Hare Salt &#038; Flowers-sett.<\/span><\/p>\n<p><span style=\"color: rgb(75, 80, 88);\">Et vanlig bad vil bli et ekstraordin\u00e6rt ritual for kropp og sjel. I elegante gaveesker finner du fargematchede badesalter, s\u00e5peroser og solsikker.<\/span><\/p>\n<p><span style=\"color: rgb(75, 80, 88);\">Kombinasjonen av naturlig salt og essensielle oljer vil gi en eksepsjonell aromateraueptisk opplevelse. Unike aromablandinger har en stimulerende, avslappende, avgiftende eller varmende effekt. Luksuri\u00f8se s\u00e5peblomsterblader, som smelter delikat i varmt vann, vil v\u00e6re et skikkelig kirseb\u00e6r p\u00e5 toppen.<\/span><\/p>\n<p><span style=\"color: rgb(75, 80, 88);\"><strong>Salt- og blomstersett med vill hare er ferdige produkter som er enkle \u00e5 selge for enhver gavebutikk.<\/strong> Passer til mange anledninger, som bursdager, h\u00f8ytider og jubileer. Vakre og praktiske, kan bli dine bestselgere!<\/span><\/p>\n<p><span style=\"color: rgb(75, 80, 88);\">Du liker kanskje ogs\u00e5 det fantastiske selvpleiesettet.<\/span><\/p>\n<p><span style=\"color: rgb(141, 186, 216);\"><strong>Legg til tilbudet ditt n\u00e5 og gi kundene dine denne fine gaveeske-settet.<\/strong><\/span><\/p>\n","protected":false},"excerpt":{"rendered":"<p>Utforsk fantastiske ferdige spa-gaveesker &#8211;Total Detoxmed badesalt og blomster. La kundene dine skape en liten spa-oase hver kveld med Wild Hare Salt &#038; Flowers-sett. Et vanlig bad vil bli et ekstraordin\u00e6rt ritual for kropp og sjel. I elegante gaveesker finner du fargematchede badesalter, s\u00e5peroser og solsikker. Kombinasjonen av naturlig salt og essensielle oljer vil gi [&hellip;]<\/p>\n","protected":false},"featured_media":299855,"comment_status":"closed","ping_status":"open","template":"","meta":{"_angie_page":false},"product_brand":[27166],"product_cat":[9413,9466,9419],"product_tag":[],"class_list":{"0":"post-206474","1":"product","2":"type-product","3":"status-publish","4":"has-post-thumbnail","6":"product_brand-wild-hare","7":"product_cat-bad-spa-og-personlig-pleie","8":"product_cat-badesalt","9":"product_cat-gavesett","10":"pa_collection-wild-hare-salt-flowers-set-no","11":"pa_made-in-storbritannia","13":"first","14":"instock","15":"purchasable","16":"product-type-simple"},"supplier_id":null,"supplier_sku":"SSSet-02","barcode":null,"atum_controlled":true,"out_stock_date":null,"out_stock_threshold":null,"inheritable":false,"inbound_stock":null,"stock_on_hold":0,"sold_today":0,"sales_last_days":0,"reserved_stock":null,"customer_returns":null,"warehouse_damage":null,"lost_in_post":null,"other_logs":null,"out_stock_days":0,"lost_sales":0,"has_location":null,"update_date":"2026-04-27T07:23:19","atum_locations":[],"atum_stock_status":"instock","restock_status":false,"low_stock_amount":"","sales_update_date":"2025-09-05T00:21:08","calc_backorders":null,"_links":{"self":[{"href":"https:\/\/aromasentia.com\/no\/wp-json\/wp\/v2\/product\/206474","targetHints":{"allow":["GET"]}}],"collection":[{"href":"https:\/\/aromasentia.com\/no\/wp-json\/wp\/v2\/product"}],"about":[{"href":"https:\/\/aromasentia.com\/no\/wp-json\/wp\/v2\/types\/product"}],"replies":[{"embeddable":true,"href":"https:\/\/aromasentia.com\/no\/wp-json\/wp\/v2\/comments?post=206474"}],"version-history":[{"count":0,"href":"https:\/\/aromasentia.com\/no\/wp-json\/wp\/v2\/product\/206474\/revisions"}],"wp:featuredmedia":[{"embeddable":true,"href":"https:\/\/aromasentia.com\/no\/wp-json\/wp\/v2\/media\/299855"}],"wp:attachment":[{"href":"https:\/\/aromasentia.com\/no\/wp-json\/wp\/v2\/media?parent=206474"}],"wp:term":[{"taxonomy":"product_brand","embeddable":true,"href":"https:\/\/aromasentia.com\/no\/wp-json\/wp\/v2\/product_brand?post=206474"},{"taxonomy":"product_cat","embeddable":true,"href":"https:\/\/aromasentia.com\/no\/wp-json\/wp\/v2\/product_cat?post=206474"},{"taxonomy":"product_tag","embeddable":true,"href":"https:\/\/aromasentia.com\/no\/wp-json\/wp\/v2\/product_tag?post=206474"}],"curies":[{"name":"wp","href":"https:\/\/api.w.org\/{rel}","templated":true}]}}