{"id":206472,"date":"2025-03-20T17:55:01","date_gmt":"2025-03-20T17:55:01","guid":{"rendered":"https:\/\/aromasentia.com\/product\/soapstone-soap-dish-drainer-11x8cm-classic-oval\/"},"modified":"2025-05-31T03:01:10","modified_gmt":"2025-05-31T03:01:10","slug":"sapeskal-i-kleberstein-11x8-cm-classic-oval","status":"publish","type":"product","link":"https:\/\/aromasentia.com\/no\/sapeskal-i-kleberstein-11x8-cm-classic-oval\/","title":{"rendered":"S\u00e5pesk\u00e5l I Kleberstein 11&#215;8 cm &#8211; Classic Oval"},"content":{"rendered":"<p><span style=\"color: rgb(75, 80, 88);\">Denne sjeldne og vakre s\u00e5pesk\u00e5len i stein &#8211; Klebersteinss\u00e5pesk\u00e5l og avl\u00f8psr\u00f8r 11x8cm &#8211; Klassisk oval er et unikt tilskudd til kundenes bad. De vil tjene kundene dine i \u00e5revis. En unik kolleksjon laget av edle materialer, i klassiske eller mer fantasifulle former. S\u00e5pesk\u00e5ler i stein ser spesielle og stilige ut, og er naturlig funksjonelle.<\/span><\/p>\n<p><span style=\"color: rgb(75, 80, 88);\">Passer for folk som leter etter eksepsjonelle ting med sjel. H\u00e5ndlaget i Indonesia med st\u00f8rste omhu, unik, enest\u00e5ende.<\/span><\/p>\n<p><span style=\"color: rgb(75, 80, 88);\">VENNLIGST MERK: Farger og former kan variere, da hvert stykke er laget av naturstein.<\/span><\/p>\n","protected":false},"excerpt":{"rendered":"<p>Denne sjeldne og vakre s\u00e5pesk\u00e5len i stein &#8211; Klebersteinss\u00e5pesk\u00e5l og avl\u00f8psr\u00f8r 11x8cm &#8211; Klassisk oval er et unikt tilskudd til kundenes bad. De vil tjene kundene dine i \u00e5revis. En unik kolleksjon laget av edle materialer, i klassiske eller mer fantasifulle former. S\u00e5pesk\u00e5ler i stein ser spesielle og stilige ut, og er naturlig funksjonelle. Passer [&hellip;]<\/p>\n","protected":false},"featured_media":299813,"comment_status":"closed","ping_status":"open","template":"","meta":{"_angie_page":false},"product_brand":[],"product_cat":[9413,9425],"product_tag":[],"class_list":{"0":"post-206472","1":"product","2":"type-product","3":"status-publish","4":"has-post-thumbnail","6":"product_cat-bad-spa-og-personlig-pleie","7":"product_cat-sapeskaler-og-sapedispensere","8":"pa_collection-stone-soap-dishes-no","9":"pa_made-in-india","11":"first","12":"instock","13":"purchasable","14":"product-type-simple"},"supplier_id":null,"supplier_sku":"SSD-20","barcode":null,"atum_controlled":true,"out_stock_date":null,"out_stock_threshold":null,"inheritable":false,"inbound_stock":null,"stock_on_hold":0,"sold_today":0,"sales_last_days":0,"reserved_stock":null,"customer_returns":null,"warehouse_damage":null,"lost_in_post":null,"other_logs":null,"out_stock_days":0,"lost_sales":0,"has_location":null,"update_date":"2026-04-27T07:23:15","atum_locations":[],"atum_stock_status":"instock","restock_status":false,"low_stock_amount":"","sales_update_date":"2025-09-05T00:21:08","calc_backorders":null,"_links":{"self":[{"href":"https:\/\/aromasentia.com\/no\/wp-json\/wp\/v2\/product\/206472","targetHints":{"allow":["GET"]}}],"collection":[{"href":"https:\/\/aromasentia.com\/no\/wp-json\/wp\/v2\/product"}],"about":[{"href":"https:\/\/aromasentia.com\/no\/wp-json\/wp\/v2\/types\/product"}],"replies":[{"embeddable":true,"href":"https:\/\/aromasentia.com\/no\/wp-json\/wp\/v2\/comments?post=206472"}],"version-history":[{"count":0,"href":"https:\/\/aromasentia.com\/no\/wp-json\/wp\/v2\/product\/206472\/revisions"}],"wp:featuredmedia":[{"embeddable":true,"href":"https:\/\/aromasentia.com\/no\/wp-json\/wp\/v2\/media\/299813"}],"wp:attachment":[{"href":"https:\/\/aromasentia.com\/no\/wp-json\/wp\/v2\/media?parent=206472"}],"wp:term":[{"taxonomy":"product_brand","embeddable":true,"href":"https:\/\/aromasentia.com\/no\/wp-json\/wp\/v2\/product_brand?post=206472"},{"taxonomy":"product_cat","embeddable":true,"href":"https:\/\/aromasentia.com\/no\/wp-json\/wp\/v2\/product_cat?post=206472"},{"taxonomy":"product_tag","embeddable":true,"href":"https:\/\/aromasentia.com\/no\/wp-json\/wp\/v2\/product_tag?post=206472"}],"curies":[{"name":"wp","href":"https:\/\/api.w.org\/{rel}","templated":true}]}}