{"id":206456,"date":"2025-03-20T17:56:14","date_gmt":"2025-03-20T17:56:14","guid":{"rendered":"https:\/\/aromasentia.com\/product\/tropical-paradise-coco-bath-bombs-watermelon\/"},"modified":"2025-05-31T03:00:15","modified_gmt":"2025-05-31T03:00:15","slug":"tropical-paradise-coco-badebomber-vannmelon","status":"publish","type":"product","link":"https:\/\/aromasentia.com\/no\/tropical-paradise-coco-badebomber-vannmelon\/","title":{"rendered":"Tropical Paradise Coco Badebomber &#8211; Vannmelon"},"content":{"rendered":"<p>En fantastisk duft av<strong>Tropical Paradise Coco Bath Bombs &#8211; Vannmelon<\/strong> med sin s\u00f8te, friske og fruktige tropiske duft.<\/p>\n<p>Hver bombe veier hele 180 gram og inneholder en gener\u00f8s porsjon kokossm\u00f8r som gj\u00f8r den glattere mot huden, med fargerike s\u00e5peskall som bidrar til \u00e5 lage silkemykt skum og rense kroppen mens du har en tropisk badeopplevelse.<\/p>\n<p><span style=\"color: rgb(141, 186, 216);\"><strong>For hver tre badebomber i samme st\u00f8rrelse som kj\u00f8pes fra et hvilket som helst utvalg, kommer bestillingen i en gratis gaveeske i naturlig pappstil. Ingrediensliste i full farge inkludert.<\/strong><\/span><\/p>\n","protected":false},"excerpt":{"rendered":"<p>En fantastisk duft avTropical Paradise Coco Bath Bombs &#8211; Vannmelon med sin s\u00f8te, friske og fruktige tropiske duft. Hver bombe veier hele 180 gram og inneholder en gener\u00f8s porsjon kokossm\u00f8r som gj\u00f8r den glattere mot huden, med fargerike s\u00e5peskall som bidrar til \u00e5 lage silkemykt skum og rense kroppen mens du har en tropisk badeopplevelse. [&hellip;]<\/p>\n","protected":false},"featured_media":300115,"comment_status":"closed","ping_status":"open","template":"","meta":{"_angie_page":false},"product_brand":[],"product_cat":[9413,9418,25843,26848,26492],"product_tag":[],"class_list":{"0":"post-206456","1":"product","2":"type-product","3":"status-publish","4":"has-post-thumbnail","6":"product_cat-bad-spa-og-personlig-pleie","7":"product_cat-badebomber","8":"product_cat-dufter-aromaer","9":"product_cat-fruktig","10":"product_cat-vannmelon","11":"pa_collection-tropical-paradise-coco-bath-bombs-180g-no","12":"pa_made-in-storbritannia","14":"first","15":"instock","16":"purchasable","17":"product-type-simple"},"supplier_id":null,"supplier_sku":"TPCB-01DS","barcode":null,"atum_controlled":true,"out_stock_date":null,"out_stock_threshold":null,"inheritable":false,"inbound_stock":null,"stock_on_hold":0,"sold_today":0,"sales_last_days":0,"reserved_stock":null,"customer_returns":null,"warehouse_damage":null,"lost_in_post":null,"other_logs":null,"out_stock_days":0,"lost_sales":0,"has_location":null,"update_date":"2026-04-27T07:25:10","atum_locations":[],"atum_stock_status":"instock","restock_status":false,"low_stock_amount":"","sales_update_date":"2026-01-30T01:24:49","calc_backorders":null,"_links":{"self":[{"href":"https:\/\/aromasentia.com\/no\/wp-json\/wp\/v2\/product\/206456","targetHints":{"allow":["GET"]}}],"collection":[{"href":"https:\/\/aromasentia.com\/no\/wp-json\/wp\/v2\/product"}],"about":[{"href":"https:\/\/aromasentia.com\/no\/wp-json\/wp\/v2\/types\/product"}],"replies":[{"embeddable":true,"href":"https:\/\/aromasentia.com\/no\/wp-json\/wp\/v2\/comments?post=206456"}],"version-history":[{"count":0,"href":"https:\/\/aromasentia.com\/no\/wp-json\/wp\/v2\/product\/206456\/revisions"}],"wp:featuredmedia":[{"embeddable":true,"href":"https:\/\/aromasentia.com\/no\/wp-json\/wp\/v2\/media\/300115"}],"wp:attachment":[{"href":"https:\/\/aromasentia.com\/no\/wp-json\/wp\/v2\/media?parent=206456"}],"wp:term":[{"taxonomy":"product_brand","embeddable":true,"href":"https:\/\/aromasentia.com\/no\/wp-json\/wp\/v2\/product_brand?post=206456"},{"taxonomy":"product_cat","embeddable":true,"href":"https:\/\/aromasentia.com\/no\/wp-json\/wp\/v2\/product_cat?post=206456"},{"taxonomy":"product_tag","embeddable":true,"href":"https:\/\/aromasentia.com\/no\/wp-json\/wp\/v2\/product_tag?post=206456"}],"curies":[{"name":"wp","href":"https:\/\/api.w.org\/{rel}","templated":true}]}}