{"id":206450,"date":"2025-03-20T17:57:18","date_gmt":"2025-03-20T17:57:18","guid":{"rendered":"https:\/\/aromasentia.com\/product\/tropical-paradise-soap-loaf-strawberry\/"},"modified":"2025-05-31T02:59:55","modified_gmt":"2025-05-31T02:59:55","slug":"tropical-paradise-sapestykke-jordbaer-2","status":"publish","type":"product","link":"https:\/\/aromasentia.com\/no\/tropical-paradise-sapestykke-jordbaer-2\/","title":{"rendered":"Tropical Paradise S\u00e5pestykke &#8211; Jordb\u00e6r"},"content":{"rendered":"<p>Vi vet at jordb\u00e6r egentlig ikke er en tropisk frukt, men alle elsker litt jordb\u00e6r. Denne r\u00f8de og saftige, s\u00f8tsyrlige s\u00e5pen har en s\u00e6regen lukt av fruktig gr\u00f8nn og litt karamell, med sublime blomster- og krydrede nyanser &#8230; kjent som jordb\u00e6rduft \ud83d\ude42 &#8230; Igjen er denne h\u00e5ndlagde s\u00e5pen fylt med valmuefr\u00f8 for \u00e5 skrubbe bort d\u00f8de hudceller for et glatt og skinnende utseende og f\u00f8lelse.<\/p>\n<p>S\u00e5pebr\u00f8dene er krympeinnpakket med en ytre etikett som inneholder produktinformasjon som m\u00e5 gis videre til kunden din. Hvis du er i tvil om etikettkrav, vennligst kontakt din lokale handelsstandardavdeling.<\/p>\n<p>Kropp og sjel vil f\u00f8les n\u00e6ret og fuktet. Ta rensingen til neste niv\u00e5 med disse eksotiske s\u00e5pestykkene. Det eneste som mangler her er en tropisk cocktail med en papirparaply!<\/p>\n","protected":false},"excerpt":{"rendered":"<p>Vi vet at jordb\u00e6r egentlig ikke er en tropisk frukt, men alle elsker litt jordb\u00e6r. Denne r\u00f8de og saftige, s\u00f8tsyrlige s\u00e5pen har en s\u00e6regen lukt av fruktig gr\u00f8nn og litt karamell, med sublime blomster- og krydrede nyanser &#8230; kjent som jordb\u00e6rduft \ud83d\ude42 &#8230; Igjen er denne h\u00e5ndlagde s\u00e5pen fylt med valmuefr\u00f8 for \u00e5 skrubbe bort [&hellip;]<\/p>\n","protected":false},"featured_media":300553,"comment_status":"closed","ping_status":"open","template":"","meta":{"_angie_page":false},"product_brand":[],"product_cat":[9413,25843,26848,26539,9439],"product_tag":[],"class_list":{"0":"post-206450","1":"product","2":"type-product","3":"status-publish","4":"has-post-thumbnail","6":"product_cat-bad-spa-og-personlig-pleie","7":"product_cat-dufter-aromaer","8":"product_cat-fruktig","9":"product_cat-jordbaer","10":"product_cat-okologiske-saper","11":"pa_collection-tropical-paradise-soap-loaves-1-3kg-and-slices-no","12":"pa_made-in-storbritannia","14":"first","15":"instock","16":"purchasable","17":"product-type-simple"},"supplier_id":null,"supplier_sku":"TPSoap-07","barcode":null,"atum_controlled":true,"out_stock_date":null,"out_stock_threshold":null,"inheritable":false,"inbound_stock":null,"stock_on_hold":0,"sold_today":0,"sales_last_days":0,"reserved_stock":null,"customer_returns":null,"warehouse_damage":null,"lost_in_post":null,"other_logs":null,"out_stock_days":0,"lost_sales":0,"has_location":null,"update_date":"2026-05-02T13:05:40","atum_locations":[],"atum_stock_status":"instock","restock_status":false,"low_stock_amount":"","sales_update_date":"2025-09-05T00:21:16","calc_backorders":null,"_links":{"self":[{"href":"https:\/\/aromasentia.com\/no\/wp-json\/wp\/v2\/product\/206450","targetHints":{"allow":["GET"]}}],"collection":[{"href":"https:\/\/aromasentia.com\/no\/wp-json\/wp\/v2\/product"}],"about":[{"href":"https:\/\/aromasentia.com\/no\/wp-json\/wp\/v2\/types\/product"}],"replies":[{"embeddable":true,"href":"https:\/\/aromasentia.com\/no\/wp-json\/wp\/v2\/comments?post=206450"}],"version-history":[{"count":0,"href":"https:\/\/aromasentia.com\/no\/wp-json\/wp\/v2\/product\/206450\/revisions"}],"wp:featuredmedia":[{"embeddable":true,"href":"https:\/\/aromasentia.com\/no\/wp-json\/wp\/v2\/media\/300553"}],"wp:attachment":[{"href":"https:\/\/aromasentia.com\/no\/wp-json\/wp\/v2\/media?parent=206450"}],"wp:term":[{"taxonomy":"product_brand","embeddable":true,"href":"https:\/\/aromasentia.com\/no\/wp-json\/wp\/v2\/product_brand?post=206450"},{"taxonomy":"product_cat","embeddable":true,"href":"https:\/\/aromasentia.com\/no\/wp-json\/wp\/v2\/product_cat?post=206450"},{"taxonomy":"product_tag","embeddable":true,"href":"https:\/\/aromasentia.com\/no\/wp-json\/wp\/v2\/product_tag?post=206450"}],"curies":[{"name":"wp","href":"https:\/\/api.w.org\/{rel}","templated":true}]}}